{"id":42849,"date":"2024-06-16T10:12:41","date_gmt":"2024-06-16T08:12:41","guid":{"rendered":"https:\/\/agrozone.ee\/how-to-buy\/"},"modified":"2025-12-29T08:38:16","modified_gmt":"2025-12-29T06:38:16","slug":"how-to-buy","status":"publish","type":"page","link":"https:\/\/agrozone.ee\/en\/how-to-buy\/","title":{"rendered":"How To Buy?"},"content":{"rendered":"\n<h4 class=\"wp-block-heading\" id=\"tellimuse-vormistamine\"><strong>Placing an order<\/strong><\/h4>\n\n<p>To order goods, you must add the desired products to the shopping cart.  <\/p>\n\n<p>To place an order, fill in the required data fields and select the appropriate method of delivery.  <\/p>\n\n<p>(The delivery method is indicated after entering the zip code (zip code))<\/p>\n\n<p><strong>Parcel machine <\/strong>(Omniva, DPD or Itella SmartPost) \u2013 The site automatically calculates which can fit in the parcel machine.  <\/p>\n\n<p><strong>The website itself monitors the quantity of products in the shopping cart and calculates the size of the parcel that fits in the parcel machine.  <\/strong><\/p>\n\n<p><strong>If you wish, you can place several separate orders, each of which will be sent as a separate parcel to the parcel machine.<\/strong><\/p>\n\n<p><strong>By<\/strong><strong>courier<\/strong> (Omniva and Smartposti)<\/p>\n\n<p><strong>Palets <\/strong>(Smartposti)<\/p>\n\n<p>If the product(s) does not fit in the automaton, this option will automatically disappear from the site. If you want a parcel of 2.3 and more, you need to make several orders. <\/p>\n\n<p><strong>Average delivery time 1-5 business days<\/strong><\/p>\n\n<p>The amount of the fee will then be displayed on the screen, which can be paid securely through the following payment methods:  <\/p>\n\n<ul class=\"wp-block-list\">\n<li>Estonian bank payments: Swedbank, SEB, Luminor, LHV, Coop Pank, Citadele, Revolut<\/li>\n\n\n\n<li>Pay with your credit or debit card through Montonio<\/li>\n\n\n\n<li>Payment based on invoice<\/li>\n<\/ul>\n\n<p>NB! When paying with a bank link, be sure to click on the button &#8220;Back to the merchant&#8221; on the bank&#8217;s page. <\/p>\n\n<p><strong>Pay by invoice:<\/strong><\/p>\n\n<blockquote class=\"wp-block-quote is-layout-flow wp-block-quote-is-layout-flow\">\n<p>You can pay 100% of your order in advance based on the invoice.<br\/>Please note, your order will be cancelled if payment is not received within 3 days of the advance payment due date.<br\/>You will receive an invoice via email for payment. When making the payment, please include the invoice number in the explanation (Example: &#8220;Invoice number: 55555&#8221;).<br\/><strong>Goods will only be dispatched once the payment has been credited to our account.<\/strong><\/p>\n<\/blockquote>\n\n<p>Makseid vahendab <a href=\"https:\/\/montonio.com\/et\/?ms=1\">Montonio Finance O\u00dc<\/a>. Payment takes place outside the Online Store in a secure environment: for bank link payments, within the secure environment of the respective bank, and for credit card payments, within the secure environment of Montonio Finance O\u00dc. M\u00fc\u00fcjal puudub ligip\u00e4\u00e4s kliendi panga ja krediitkaardi andmetele. Leping j\u00f5ustub alates tasumisele kuuluva summa laekumisest Veebipoe arvelduskontole.<\/p>\n\n<p>The owner of the online store is the controller of personal data and forwards the personal data necessary for making payments to the authorized processor Montonio Finance O\u00dc.<\/p>\n\n<p>If the ordered goods cannot be delivered due to the end of the goods or for any other reason, the buyer will be notified as soon as possible and the money paid (incl. delivery costs) will be refunded immediately, but not later than within 14 days of sending the notice.<\/p>\n","protected":false},"excerpt":{"rendered":"<p>Placing an order To order goods, you must add the desired products to the shopping cart. To place an order, fill in the required data fields and select the appropriate method of delivery. (The delivery method is indicated after entering the zip code (zip code)) Parcel machine (Omniva, DPD or Itella SmartPost) \u2013 The site [&hellip;]<\/p>\n","protected":false},"author":1,"featured_media":0,"parent":0,"menu_order":0,"comment_status":"closed","ping_status":"closed","template":"","meta":{"_acf_changed":false,"_seopress_robots_primary_cat":"","_seopress_titles_title":"Placing an order and delivery","_seopress_titles_desc":"Buy products conveniently and quickly. Fill in the order and choose the appropriate delivery method. Secure payment options and fast delivery.  ","_seopress_robots_index":"","_gspb_post_css":"","footnotes":""},"class_list":["post-42849","page","type-page","status-publish","hentry"],"blocksy_meta":[],"acf":[],"_links":{"self":[{"href":"https:\/\/agrozone.ee\/en\/wp-json\/wp\/v2\/pages\/42849","targetHints":{"allow":["GET"]}}],"collection":[{"href":"https:\/\/agrozone.ee\/en\/wp-json\/wp\/v2\/pages"}],"about":[{"href":"https:\/\/agrozone.ee\/en\/wp-json\/wp\/v2\/types\/page"}],"author":[{"embeddable":true,"href":"https:\/\/agrozone.ee\/en\/wp-json\/wp\/v2\/users\/1"}],"replies":[{"embeddable":true,"href":"https:\/\/agrozone.ee\/en\/wp-json\/wp\/v2\/comments?post=42849"}],"version-history":[{"count":0,"href":"https:\/\/agrozone.ee\/en\/wp-json\/wp\/v2\/pages\/42849\/revisions"}],"wp:attachment":[{"href":"https:\/\/agrozone.ee\/en\/wp-json\/wp\/v2\/media?parent=42849"}],"curies":[{"name":"wp","href":"https:\/\/api.w.org\/{rel}","templated":true}]}}