{"id":35731,"date":"2024-07-05T08:58:04","date_gmt":"2024-07-05T05:58:04","guid":{"rendered":"https:\/\/agrozone.ee\/?post_type=product&#038;p=35731"},"modified":"2025-07-01T00:00:03","modified_gmt":"2025-06-30T22:00:03","slug":"kasvatuskomplekt-lemmikloomadele","status":"publish","type":"product","link":"https:\/\/agrozone.ee\/en\/product\/kasvatuskomplekt-lemmikloomadele\/","title":{"rendered":"KASVATUSKOMPLEKT LEMMIKLOOMADELE"},"content":{"rendered":"<p>KASVATUSKOMPLEKT LEMMIKLOOMADELE &#8211; Lactuca sativa L.<\/p>\n<ul>\n<li>R\u00f5\u00f5mustage oma lemmikloomi v\u00e4rske ja mahlase salatiga!<\/li>\n<li>V\u00e4rske ja maitsev salat on v\u00e4ga populaarne erinevate lemmikloomade seas: k\u00fc\u00fclikud, merisigad, hamstrid, kilpkonnad, sisalikud ja isegi m\u00f5ned kassid.<\/li>\n<li>Sa n\u00e4ed, et kasvatamine v\u00f5ib olla lihtne ja l\u00f5bus!<\/li>\n<li>Kasvata taimi ja naudi saaki koos oma lemmikloomadega!<\/li>\n<li>See komplekt on suurep\u00e4rane kingitus lastele, kes soovivad mitte ainult taimede eest hoolitseda, vaid ka oma lemmikloomadele ise kasvatatud salatit pakkuda.<\/li>\n<\/ul>\n<p><strong>Komplekt sisaldab:<\/strong> korduvkasutatav taaskasutatavast taaskasutatud plastikust potti 10,8&#215;10,9cm, 2 kookosturbatabletti, kleebiseid ja paki seemneid (salati seemnesegu 1g).<\/p>\n<p>Seemnete arv grammi kohta ~700-1200<br \/>\nSaak I-XII<\/p>\n","protected":false},"excerpt":{"rendered":"<ul>\n<li>R\u00f5\u00f5mustage oma lemmikloomi v\u00e4rske ja mahlase salatiga!<\/li>\n<li>V\u00e4rske ja maitsev salat on v\u00e4ga populaarne erinevate lemmikloomade seas: k\u00fc\u00fclikud, merisigad, hamstrid, kilpkonnad, sisalikud ja isegi m\u00f5ned kassid.<\/li>\n<li>Sa n\u00e4ed, et kasvatamine v\u00f5ib olla lihtne ja l\u00f5bus!<\/li>\n<li>Kasvata taimi ja naudi saaki koos oma lemmikloomadega!<\/li>\n<li>See komplekt on suurep\u00e4rane kingitus lastele, kes soovivad mitte ainult taimede eest hoolitseda, vaid ka oma lemmikloomadele ise kasvatatud salatit pakkuda.<\/li>\n<\/ul>\n","protected":false},"featured_media":35734,"template":"","meta":{"_acf_changed":false,"_seopress_robots_primary_cat":"none","_seopress_titles_title":"","_seopress_titles_desc":"","_seopress_robots_index":"","_gspb_post_css":""},"product_brand":[],"product_cat":[1396,15,87],"product_tag":[],"class_list":{"0":"post-35731","1":"product","2":"type-product","3":"status-publish","4":"has-post-thumbnail","6":"product_cat-kasvatuskomplektid","7":"product_cat-koik-kategooriad","8":"product_cat-seemned","10":"first","11":"instock","12":"featured","13":"taxable","14":"shipping-taxable","15":"purchasable","16":"product-type-simple"},"ct_brands":[],"acf":[],"_links":{"self":[{"href":"https:\/\/agrozone.ee\/en\/wp-json\/wp\/v2\/product\/35731","targetHints":{"allow":["GET"]}}],"collection":[{"href":"https:\/\/agrozone.ee\/en\/wp-json\/wp\/v2\/product"}],"about":[{"href":"https:\/\/agrozone.ee\/en\/wp-json\/wp\/v2\/types\/product"}],"wp:featuredmedia":[{"embeddable":true,"href":"https:\/\/agrozone.ee\/en\/wp-json\/wp\/v2\/media\/35734"}],"wp:attachment":[{"href":"https:\/\/agrozone.ee\/en\/wp-json\/wp\/v2\/media?parent=35731"}],"wp:term":[{"taxonomy":"product_brand","embeddable":true,"href":"https:\/\/agrozone.ee\/en\/wp-json\/wp\/v2\/product_brand?post=35731"},{"taxonomy":"product_cat","embeddable":true,"href":"https:\/\/agrozone.ee\/en\/wp-json\/wp\/v2\/product_cat?post=35731"},{"taxonomy":"product_tag","embeddable":true,"href":"https:\/\/agrozone.ee\/en\/wp-json\/wp\/v2\/product_tag?post=35731"}],"curies":[{"name":"wp","href":"https:\/\/api.w.org\/{rel}","templated":true}]}}