{"id":35735,"date":"2024-07-05T09:03:44","date_gmt":"2024-07-05T06:03:44","guid":{"rendered":"https:\/\/agrozone.ee\/?post_type=product&#038;p=35735"},"modified":"2026-04-05T17:37:24","modified_gmt":"2026-04-05T15:37:24","slug":"kaunis-kipslill-rosea","status":"publish","type":"product","link":"https:\/\/agrozone.ee\/en\/product\/kaunis-kipslill-rosea\/","title":{"rendered":"Kaunis Kipslill Rosea"},"content":{"rendered":"<p>Kaunis Kipslill Rosea &#8211; Gypsophila elegans M. Bieb.<\/p>\n<ul>\n<li>\u00dcheaastased 50 cm k\u00f5rgused taimed.<\/li>\n<li>Lilled on v\u00e4ikesed.<\/li>\n<li>\u00d5itsevad ohtralt, taim n\u00e4eb v\u00e4lja nagu pilv.<\/li>\n<li>Oksi v\u00f5ib l\u00f5igata kimpude jaoks.<\/li>\n<li>Kasvatatakse heledate lilledega kombinatsioonides.<\/li>\n<li>Kasvavad h\u00e4sti ja \u00f5itsevad lubjapinnasesse, taluvad liigset niiskust.<\/li>\n<li>Idud on k\u00fclmakindlad, v\u00f5ib k\u00fclvata hiliss\u00fcgisel, kevadel tuleb vaid istikud p\u00fcsikohta \u00fcmber istutada.<\/li>\n<li>Kasvavad h\u00e4sti p\u00e4ikesepaistelises kohas, kuivas, kerges mullas.<\/li>\n<\/ul>\n<p>Kogus pakendis 1 g<br \/>\nSeemnete arv grammi kohta ~1000-1200<br \/>\n\u00d5itsemisperiood VII-X<\/p>\n","protected":false},"excerpt":{"rendered":"<ul>\n<li>\u00dcheaastased 50 cm k\u00f5rgused taimed.<\/li>\n<li>Lilled on v\u00e4ikesed.<\/li>\n<li>\u00d5itsevad ohtralt, taim n\u00e4eb v\u00e4lja nagu pilv.<\/li>\n<li>Oksi v\u00f5ib l\u00f5igata kimpude jaoks.<\/li>\n<li>Kasvatatakse heledate lilledega kombinatsioonides.<\/li>\n<li>Kasvavad h\u00e4sti ja \u00f5itsevad lubjapinnasesse, taluvad liigset niiskust.<\/li>\n<\/ul>\n","protected":false},"featured_media":35738,"template":"","meta":{"_acf_changed":false,"_seopress_robots_primary_cat":"none","_seopress_titles_title":"","_seopress_titles_desc":"","_seopress_robots_index":"","_gspb_post_css":""},"product_brand":[],"product_cat":[15,100,1212,87],"product_tag":[],"class_list":{"0":"post-35735","1":"product","2":"type-product","3":"status-publish","4":"has-post-thumbnail","6":"product_cat-koik-kategooriad","7":"product_cat-lilleseemned","8":"product_cat-mitmesugused","9":"product_cat-seemned","11":"first","12":"instock","13":"taxable","14":"shipping-taxable","15":"purchasable","16":"product-type-simple"},"ct_brands":[],"acf":[],"_links":{"self":[{"href":"https:\/\/agrozone.ee\/en\/wp-json\/wp\/v2\/product\/35735","targetHints":{"allow":["GET"]}}],"collection":[{"href":"https:\/\/agrozone.ee\/en\/wp-json\/wp\/v2\/product"}],"about":[{"href":"https:\/\/agrozone.ee\/en\/wp-json\/wp\/v2\/types\/product"}],"wp:featuredmedia":[{"embeddable":true,"href":"https:\/\/agrozone.ee\/en\/wp-json\/wp\/v2\/media\/35738"}],"wp:attachment":[{"href":"https:\/\/agrozone.ee\/en\/wp-json\/wp\/v2\/media?parent=35735"}],"wp:term":[{"taxonomy":"product_brand","embeddable":true,"href":"https:\/\/agrozone.ee\/en\/wp-json\/wp\/v2\/product_brand?post=35735"},{"taxonomy":"product_cat","embeddable":true,"href":"https:\/\/agrozone.ee\/en\/wp-json\/wp\/v2\/product_cat?post=35735"},{"taxonomy":"product_tag","embeddable":true,"href":"https:\/\/agrozone.ee\/en\/wp-json\/wp\/v2\/product_tag?post=35735"}],"curies":[{"name":"wp","href":"https:\/\/api.w.org\/{rel}","templated":true}]}}