{"id":35745,"date":"2024-07-05T09:19:43","date_gmt":"2024-07-05T06:19:43","guid":{"rendered":"https:\/\/agrozone.ee\/?post_type=product&#038;p=35745"},"modified":"2026-05-13T22:34:34","modified_gmt":"2026-05-13T20:34:34","slug":"apteegi-kummel","status":"publish","type":"product","link":"https:\/\/agrozone.ee\/en\/product\/apteegi-kummel\/","title":{"rendered":"Apteegi Kummel"},"content":{"rendered":"<p>Apteegi Kummel &#8211; Matricaria chamomilla &#8211; Teekummel<\/p>\n<ul>\n<li>\u00dcheaastased ravim-, dekoratiiv- ja meetaimed.<\/li>\n<li>Korjatud \u00f5ied tuleks kohe kuivatada, sest ainult h\u00e4sti kuivatatud \u00f5itel on rikkalik aroom.<\/li>\n<li>Parim kasvukoht on kerge, h\u00e4sti haritud muld, mis on umbrohuvaba.<\/li>\n<\/ul>\n<p>\u00d6koloogiline toode<br \/>\nKogus pakendis 1 g<br \/>\nSeemnete arv pakendis, tk. 16000<br \/>\nK\u00fclviaeg, s\u00fcgavus 0 cm<br \/>\nK\u00fclviaeg mulda IV-V, s\u00fcgavus 0 cm<br \/>\nIstutuskaugused 7 x 7 cm<br \/>\n\u00d5itsemine, k\u00f5rgus VIII, 40 cm<\/p>\n","protected":false},"excerpt":{"rendered":"<ul>\n<li>\u00dcheaastased ravim-, dekoratiiv- ja meetaimed.<\/li>\n<li>Korjatud \u00f5ied tuleks kohe kuivatada, sest ainult h\u00e4sti kuivatatud \u00f5itel on rikkalik aroom.<\/li>\n<li>Parim kasvukoht on kerge, h\u00e4sti haritud muld, mis on umbrohuvaba.<\/li>\n<\/ul>\n","protected":false},"featured_media":35749,"template":"","meta":{"_acf_changed":false,"_seopress_robots_primary_cat":"none","_seopress_titles_title":"","_seopress_titles_desc":"","_seopress_robots_index":"","_seopress_analysis_target_kw":"","_gspb_post_css":""},"product_brand":[],"product_cat":[15,100,932,1212,87],"product_tag":[],"class_list":{"0":"post-35745","1":"product","2":"type-product","3":"status-publish","4":"has-post-thumbnail","6":"product_cat-koik-kategooriad","7":"product_cat-lilleseemned","8":"product_cat-meetaimed-ja-vahekultuurid","9":"product_cat-mitmesugused","10":"product_cat-seemned","12":"first","13":"instock","14":"sale","15":"taxable","16":"shipping-taxable","17":"purchasable","18":"product-type-simple"},"ct_brands":[],"acf":[],"_links":{"self":[{"href":"https:\/\/agrozone.ee\/en\/wp-json\/wp\/v2\/product\/35745","targetHints":{"allow":["GET"]}}],"collection":[{"href":"https:\/\/agrozone.ee\/en\/wp-json\/wp\/v2\/product"}],"about":[{"href":"https:\/\/agrozone.ee\/en\/wp-json\/wp\/v2\/types\/product"}],"wp:featuredmedia":[{"embeddable":true,"href":"https:\/\/agrozone.ee\/en\/wp-json\/wp\/v2\/media\/35749"}],"wp:attachment":[{"href":"https:\/\/agrozone.ee\/en\/wp-json\/wp\/v2\/media?parent=35745"}],"wp:term":[{"taxonomy":"product_brand","embeddable":true,"href":"https:\/\/agrozone.ee\/en\/wp-json\/wp\/v2\/product_brand?post=35745"},{"taxonomy":"product_cat","embeddable":true,"href":"https:\/\/agrozone.ee\/en\/wp-json\/wp\/v2\/product_cat?post=35745"},{"taxonomy":"product_tag","embeddable":true,"href":"https:\/\/agrozone.ee\/en\/wp-json\/wp\/v2\/product_tag?post=35745"}],"curies":[{"name":"wp","href":"https:\/\/api.w.org\/{rel}","templated":true}]}}