{"id":35751,"date":"2024-07-05T09:24:47","date_gmt":"2024-07-05T06:24:47","guid":{"rendered":"https:\/\/agrozone.ee\/?post_type=product&#038;p=35751"},"modified":"2025-07-01T00:00:03","modified_gmt":"2025-06-30T22:00:03","slug":"kasvatuskomplekt-lindudele","status":"publish","type":"product","link":"https:\/\/agrozone.ee\/en\/product\/kasvatuskomplekt-lindudele\/","title":{"rendered":"KASVATUSKOMPLEKT LINDUDELE"},"content":{"rendered":"<p>KASVATUSKOMPLEKT LINDUDELE &#8211; Phleum pratense L. &#8211; P\u00f5ldtimut<\/p>\n<ul>\n<li>R\u00f5\u00f5mustage linde v\u00e4rskete ja maitsvate lehtedega!<\/li>\n<li>Komplekt on valmistatud nii, et taimi saab kasvatada aastaringselt ja toita lehti lindudele.<\/li>\n<li>N\u00e4ete, et kasvatamine v\u00f5ib olla lihtne ja l\u00f5bus!<\/li>\n<li>Rohelised ja \u00f5rnad lehed sobivad papagoide ja teiste lindude toitmiseks.<\/li>\n<li>See komplekt on suurep\u00e4rane kingitus lastele, kes soovivad mitte ainult taimede eest hoolitseda, vaid ka ise kasvatatud toiduga linde toita.<\/li>\n<\/ul>\n<p><strong>Komplekt sisaldab:<\/strong> korduvkasutatav taaskasutatavast taaskasutatud plastikust pott 10,8&#215;10,9cm, 2 kookosmullitabletti, kleebised ja paki seemneid (timutiins\u00f6\u00f6da rohi 1g).<\/p>\n<p>Seemnete arv grammi kohta ~2500<br \/>\nSaak I-XII<\/p>\n","protected":false},"excerpt":{"rendered":"<ul>\n<li>R\u00f5\u00f5mustage linde v\u00e4rskete ja maitsvate lehtedega!<\/li>\n<li>Komplekt on valmistatud nii, et taimi saab kasvatada aastaringselt ja toita lehti lindudele.<\/li>\n<li>N\u00e4ete, et kasvatamine v\u00f5ib olla lihtne ja l\u00f5bus!<\/li>\n<li>Rohelised ja \u00f5rnad lehed sobivad papagoide ja teiste lindude toitmiseks.<\/li>\n<\/ul>\n","protected":false},"featured_media":35754,"template":"","meta":{"_acf_changed":false,"_seopress_robots_primary_cat":"none","_seopress_titles_title":"","_seopress_titles_desc":"","_seopress_robots_index":"","_gspb_post_css":""},"product_brand":[],"product_cat":[1396,15,87],"product_tag":[],"class_list":{"0":"post-35751","1":"product","2":"type-product","3":"status-publish","4":"has-post-thumbnail","6":"product_cat-kasvatuskomplektid","7":"product_cat-koik-kategooriad","8":"product_cat-seemned","10":"first","11":"instock","12":"taxable","13":"shipping-taxable","14":"purchasable","15":"product-type-simple"},"ct_brands":[],"acf":[],"_links":{"self":[{"href":"https:\/\/agrozone.ee\/en\/wp-json\/wp\/v2\/product\/35751","targetHints":{"allow":["GET"]}}],"collection":[{"href":"https:\/\/agrozone.ee\/en\/wp-json\/wp\/v2\/product"}],"about":[{"href":"https:\/\/agrozone.ee\/en\/wp-json\/wp\/v2\/types\/product"}],"wp:featuredmedia":[{"embeddable":true,"href":"https:\/\/agrozone.ee\/en\/wp-json\/wp\/v2\/media\/35754"}],"wp:attachment":[{"href":"https:\/\/agrozone.ee\/en\/wp-json\/wp\/v2\/media?parent=35751"}],"wp:term":[{"taxonomy":"product_brand","embeddable":true,"href":"https:\/\/agrozone.ee\/en\/wp-json\/wp\/v2\/product_brand?post=35751"},{"taxonomy":"product_cat","embeddable":true,"href":"https:\/\/agrozone.ee\/en\/wp-json\/wp\/v2\/product_cat?post=35751"},{"taxonomy":"product_tag","embeddable":true,"href":"https:\/\/agrozone.ee\/en\/wp-json\/wp\/v2\/product_tag?post=35751"}],"curies":[{"name":"wp","href":"https:\/\/api.w.org\/{rel}","templated":true}]}}