{"id":35755,"date":"2024-07-05T09:27:36","date_gmt":"2024-07-05T06:27:36","guid":{"rendered":"https:\/\/agrozone.ee\/?post_type=product&#038;p=35755"},"modified":"2025-07-01T00:00:03","modified_gmt":"2025-06-30T22:00:03","slug":"kasvatuskomplekt-liblikatele","status":"publish","type":"product","link":"https:\/\/agrozone.ee\/en\/product\/kasvatuskomplekt-liblikatele\/","title":{"rendered":"KASVATUSKOMPLEKT LIBLIKATELE"},"content":{"rendered":"<p>KASVATUSKOMPLEKT LIBLIKATELE<\/p>\n<ul>\n<li>Ideaalne lillekasvatuskomplekt v\u00f5imaldab teil avastada ja armuda lillede maailma.<\/li>\n<li>See on suurep\u00e4rane v\u00f5imalus \u00f5ppida lillede kasvatamist ja teada saada huvitavaid asju taimede kohta.<\/li>\n<li>Kui lilled \u00f5itsevad, saate nautida ka liblikaid, keda nad ligi meelitavad!<\/li>\n<li>See komplekt on suurep\u00e4rane kingitus lastele, kes soovivad \u00f5ppida looduse saladusi ja kogeda t\u00f5elist lillekasvatuse r\u00f5\u00f5mu.<\/li>\n<\/ul>\n<p><strong>Komplekt sisaldab:<\/strong> korduvkasutatav taaskasutatavast taaskasutatud plastikust potti 10,8&#215;10,9cm, 2 kookosmullitabletti, kleebiseid ja paki seemneid (lillede seemnesegu 1g).<\/p>\n<p>Seemnete arv grammi kohta ~300<\/p>\n","protected":false},"excerpt":{"rendered":"<ul>\n<li>Ideaalne lillekasvatuskomplekt v\u00f5imaldab teil avastada ja armuda lillede maailma.<\/li>\n<li>See on suurep\u00e4rane v\u00f5imalus \u00f5ppida lillede kasvatamist ja teada saada huvitavaid asju taimede kohta.<\/li>\n<li>Kui lilled \u00f5itsevad, saate nautida ka liblikaid, keda nad ligi meelitavad!<\/li>\n<\/ul>\n","protected":false},"featured_media":35758,"template":"","meta":{"_acf_changed":false,"_seopress_robots_primary_cat":"none","_seopress_titles_title":"","_seopress_titles_desc":"","_seopress_robots_index":"","_gspb_post_css":""},"product_brand":[],"product_cat":[1396,15,87],"product_tag":[],"class_list":{"0":"post-35755","1":"product","2":"type-product","3":"status-publish","4":"has-post-thumbnail","6":"product_cat-kasvatuskomplektid","7":"product_cat-koik-kategooriad","8":"product_cat-seemned","10":"first","11":"instock","12":"taxable","13":"shipping-taxable","14":"purchasable","15":"product-type-simple"},"ct_brands":[],"acf":[],"_links":{"self":[{"href":"https:\/\/agrozone.ee\/en\/wp-json\/wp\/v2\/product\/35755","targetHints":{"allow":["GET"]}}],"collection":[{"href":"https:\/\/agrozone.ee\/en\/wp-json\/wp\/v2\/product"}],"about":[{"href":"https:\/\/agrozone.ee\/en\/wp-json\/wp\/v2\/types\/product"}],"wp:featuredmedia":[{"embeddable":true,"href":"https:\/\/agrozone.ee\/en\/wp-json\/wp\/v2\/media\/35758"}],"wp:attachment":[{"href":"https:\/\/agrozone.ee\/en\/wp-json\/wp\/v2\/media?parent=35755"}],"wp:term":[{"taxonomy":"product_brand","embeddable":true,"href":"https:\/\/agrozone.ee\/en\/wp-json\/wp\/v2\/product_brand?post=35755"},{"taxonomy":"product_cat","embeddable":true,"href":"https:\/\/agrozone.ee\/en\/wp-json\/wp\/v2\/product_cat?post=35755"},{"taxonomy":"product_tag","embeddable":true,"href":"https:\/\/agrozone.ee\/en\/wp-json\/wp\/v2\/product_tag?post=35755"}],"curies":[{"name":"wp","href":"https:\/\/api.w.org\/{rel}","templated":true}]}}