{"id":35759,"date":"2024-07-05T09:31:30","date_gmt":"2024-07-05T06:31:30","guid":{"rendered":"https:\/\/agrozone.ee\/?post_type=product&#038;p=35759"},"modified":"2026-01-17T22:20:00","modified_gmt":"2026-01-17T20:20:00","slug":"kasvatuskomplekt-basiilik-italiano-classico-cream","status":"publish","type":"product","link":"https:\/\/agrozone.ee\/en\/product\/kasvatuskomplekt-basiilik-italiano-classico-cream\/","title":{"rendered":"KASVATUSKOMPLEKT BASIILIK ITALIANO CLASSICO CREAM"},"content":{"rendered":"<p>KASVATUSKOMPLEKT BASIILIK ITALIANO CLASSICO CREAM &#8211; Ocimum basilicum L.<\/p>\n<ul>\n<li>Potikasvatuskomplekt v\u00f5imaldab teil nautida v\u00e4rsket basiilikut aastaringselt.<\/li>\n<li>L\u00f5hnav basiilik &#8216;Italiano Classico&#8217; on suurte aromaatsete lehtedega ja kasvab kuni 30-40 cm k\u00f5rgeks.<\/li>\n<li>Toiduks kasutatakse v\u00e4rskeid ja kuivatatud lehti v\u00f5i lehtede ja \u00f5ite segu.<\/li>\n<\/ul>\n<p><strong>Komplekti kuuluvad:<\/strong> korduvkasutatav taaskasutatav taaskasutatud plastpott, 2 kookosturbatabletti ja pakend seemneid.<\/p>\n<p>Seemnete arv grammi kohta ~600-700<br \/>\nK\u00fclviaeg seemikute III-IV, 1 \u0441m.<br \/>\nSaak I-XII<\/p>\n","protected":false},"excerpt":{"rendered":"<ul>\n<li>otikasvatuskomplekt v\u00f5imaldab teil nautida v\u00e4rsket basiilikut aastaringselt.<\/li>\n<li>L\u00f5hnav basiilik &#8216;Italiano Classico&#8217; on suurte aromaatsete lehtedega ja kasvab kuni 30-40 cm k\u00f5rgeks.<\/li>\n<li>Toiduks kasutatakse v\u00e4rskeid ja kuivatatud lehti v\u00f5i lehtede ja \u00f5ite segu.<\/li>\n<\/ul>\n","protected":false},"featured_media":35762,"template":"","meta":{"_acf_changed":false,"_seopress_robots_primary_cat":"none","_seopress_titles_title":"","_seopress_titles_desc":"","_seopress_robots_index":"","_gspb_post_css":""},"product_brand":[],"product_cat":[324,1396,15,88,87],"product_tag":[],"class_list":{"0":"post-35759","1":"product","2":"type-product","3":"status-publish","4":"has-post-thumbnail","6":"product_cat-basiilik","7":"product_cat-kasvatuskomplektid","8":"product_cat-koik-kategooriad","9":"product_cat-koogiviljaseemned","10":"product_cat-seemned","12":"first","13":"instock","14":"taxable","15":"shipping-taxable","16":"purchasable","17":"product-type-simple"},"ct_brands":[],"acf":[],"_links":{"self":[{"href":"https:\/\/agrozone.ee\/en\/wp-json\/wp\/v2\/product\/35759","targetHints":{"allow":["GET"]}}],"collection":[{"href":"https:\/\/agrozone.ee\/en\/wp-json\/wp\/v2\/product"}],"about":[{"href":"https:\/\/agrozone.ee\/en\/wp-json\/wp\/v2\/types\/product"}],"wp:featuredmedia":[{"embeddable":true,"href":"https:\/\/agrozone.ee\/en\/wp-json\/wp\/v2\/media\/35762"}],"wp:attachment":[{"href":"https:\/\/agrozone.ee\/en\/wp-json\/wp\/v2\/media?parent=35759"}],"wp:term":[{"taxonomy":"product_brand","embeddable":true,"href":"https:\/\/agrozone.ee\/en\/wp-json\/wp\/v2\/product_brand?post=35759"},{"taxonomy":"product_cat","embeddable":true,"href":"https:\/\/agrozone.ee\/en\/wp-json\/wp\/v2\/product_cat?post=35759"},{"taxonomy":"product_tag","embeddable":true,"href":"https:\/\/agrozone.ee\/en\/wp-json\/wp\/v2\/product_tag?post=35759"}],"curies":[{"name":"wp","href":"https:\/\/api.w.org\/{rel}","templated":true}]}}