{"id":35784,"date":"2024-07-05T10:03:18","date_gmt":"2024-07-05T07:03:18","guid":{"rendered":"https:\/\/agrozone.ee\/?post_type=product&#038;p=35784"},"modified":"2025-07-01T00:00:03","modified_gmt":"2025-06-30T22:00:03","slug":"mega-kasvatuskomplekt-aiamaa","status":"publish","type":"product","link":"https:\/\/agrozone.ee\/en\/product\/mega-kasvatuskomplekt-aiamaa\/","title":{"rendered":"MEGA KASVATUSKOMPLEKT AIAMAA"},"content":{"rendered":"<p>MEGA KASVATUSKOMPLEKT NELLY JELLY AIAMAA<\/p>\n<ul>\n<li>Kas soovid saada t\u00f5eliseks aednikuks ja luua oma Sodolendas (Aiamaad)?<\/li>\n<li>Siis v\u00f5tke oma pere kaasa ja astuge lummavasse taimede maailma!<\/li>\n<li>See on m\u00e4nguline teekond ja garanteeritud hea tulemus, mille k\u00e4igus veedate koos kvaliteetset aega ja edendate meeskonnat\u00f6\u00f6d, kasvatades samal ajal teie loovust, vastutustunnet ja taimekasvatusalaseid teadmisi.<\/li>\n<li>Kui avate Sodolendas karbi, otsige k\u00f5igepealt v\u00f5luv\u00e4e seemneid!<\/li>\n<li>Need v\u00e4\u00e4rtuslikud seemned on valmis k\u00fclvamiseks mini-kasvuhoones, kus saate olla tunnistajaks p\u00f5nevale teekonnale, kui taimed murduvad l\u00e4bi mulla, p\u00fc\u00fcdes p\u00e4ikesevalguse poole &#8211; see on t\u00f5eliselt maagiline!<\/li>\n<li>Kui taimed rohetavad ja \u00f5itsevad, saad nende ilu j\u00e4\u00e4dvustada v\u00e4rvimisraamatus.<\/li>\n<li>Kuid p\u00f5nevus ei l\u00f5pe sellega!<\/li>\n<li>Komplekti kuuluvad kleebised, millega kaunistada idanevaid karpe v\u00f5i taimede sildid, mis lisavad teie pungiloleva aia isikup\u00e4raseks muutmise.<\/li>\n<\/ul>\n<p><strong>Kuidas kasvatada?<\/strong><\/p>\n<ul>\n<li>Asetage kookosgraanulid tassidesse ja valage aeglaselt 150-175 ml vett intervallide kaupa.<\/li>\n<li>Oodake 3-5 minutit, et tabletid paisuksid.<\/li>\n<li>Kastke mulda enne seemnepaelade paigaldamist.<\/li>\n<li>Katke asetatud lindid mullaga ja seej\u00e4rel kastke uuesti ohtralt.<\/li>\n<li>Asetage peale kasvuhoonekate.<\/li>\n<li>Kastke regulaarselt.<\/li>\n<li>Alustage oma aiaseiklust r\u00f5dul, aias v\u00f5i otse aknalaual!<\/li>\n<\/ul>\n<p><strong>Komplekti kuuluvad:<\/strong> Erinevad seemned 6 tk (tomat, redis, salat, aedkress, rukola, kassirohi), idanemisn\u00f5ud 6 tk, bambussildid 6 tk, kookosgraanulid 6 tk, kleebised, v\u00e4rvipliiatsid, v\u00e4rvimisraamat.<\/p>\n","protected":false},"excerpt":{"rendered":"<ul>\n<li>See on m\u00e4nguline teekond ja garanteeritud hea tulemus, mille k\u00e4igus veedate koos kvaliteetset aega ja edendate meeskonnat\u00f6\u00f6d, kasvatades samal ajal teie loovust, vastutustunnet ja taimekasvatusalaseid teadmisi.<\/li>\n<li>Kui avate Sodolendas karbi, otsige k\u00f5igepealt v\u00f5luv\u00e4e seemneid!<\/li>\n<li>Need v\u00e4\u00e4rtuslikud seemned on valmis k\u00fclvamiseks mini-kasvuhoones, kus saate olla tunnistajaks p\u00f5nevale teekonnale, kui taimed murduvad l\u00e4bi mulla, p\u00fc\u00fcdes p\u00e4ikesevalguse poole &#8211; see on t\u00f5eliselt maagiline!<\/li>\n<li>Kui taimed rohetavad ja \u00f5itsevad, saad nende ilu j\u00e4\u00e4dvustada v\u00e4rvimisraamatus.<\/li>\n<li>Kuid p\u00f5nevus ei l\u00f5pe sellega!<\/li>\n<li>Komplekti kuuluvad kleebised, millega kaunistada idanevaid karpe v\u00f5i taimede sildid, mis lisavad teie pungiloleva aia isikup\u00e4raseks muutmise.<\/li>\n<\/ul>\n","protected":false},"featured_media":35787,"template":"","meta":{"_acf_changed":false,"_seopress_robots_primary_cat":"none","_seopress_titles_title":"","_seopress_titles_desc":"","_seopress_robots_index":"","_gspb_post_css":""},"product_brand":[],"product_cat":[1396,15,88,393,336,87,344],"product_tag":[],"class_list":{"0":"post-35784","1":"product","2":"type-product","3":"status-publish","4":"has-post-thumbnail","6":"product_cat-kasvatuskomplektid","7":"product_cat-koik-kategooriad","8":"product_cat-koogiviljaseemned","9":"product_cat-redis","10":"product_cat-salatid-ja-muud","11":"product_cat-seemned","12":"product_cat-tomat","14":"first","15":"instock","16":"taxable","17":"shipping-taxable","18":"purchasable","19":"product-type-simple"},"ct_brands":[],"acf":[],"_links":{"self":[{"href":"https:\/\/agrozone.ee\/en\/wp-json\/wp\/v2\/product\/35784","targetHints":{"allow":["GET"]}}],"collection":[{"href":"https:\/\/agrozone.ee\/en\/wp-json\/wp\/v2\/product"}],"about":[{"href":"https:\/\/agrozone.ee\/en\/wp-json\/wp\/v2\/types\/product"}],"wp:featuredmedia":[{"embeddable":true,"href":"https:\/\/agrozone.ee\/en\/wp-json\/wp\/v2\/media\/35787"}],"wp:attachment":[{"href":"https:\/\/agrozone.ee\/en\/wp-json\/wp\/v2\/media?parent=35784"}],"wp:term":[{"taxonomy":"product_brand","embeddable":true,"href":"https:\/\/agrozone.ee\/en\/wp-json\/wp\/v2\/product_brand?post=35784"},{"taxonomy":"product_cat","embeddable":true,"href":"https:\/\/agrozone.ee\/en\/wp-json\/wp\/v2\/product_cat?post=35784"},{"taxonomy":"product_tag","embeddable":true,"href":"https:\/\/agrozone.ee\/en\/wp-json\/wp\/v2\/product_tag?post=35784"}],"curies":[{"name":"wp","href":"https:\/\/api.w.org\/{rel}","templated":true}]}}