{"id":36068,"date":"2024-08-06T12:08:09","date_gmt":"2024-08-06T09:08:09","guid":{"rendered":"https:\/\/agrozone.ee\/?post_type=product&#038;p=36068"},"modified":"2025-04-09T15:30:07","modified_gmt":"2025-04-09T13:30:07","slug":"vaco-spiraalid-saaskede-vastu-max-6-tk","status":"publish","type":"product","link":"https:\/\/agrozone.ee\/en\/product\/vaco-spiraalid-saaskede-vastu-max-6-tk\/","title":{"rendered":"VACO spiraalid s\u00e4\u00e4skede vastu MAX &#8211; 6 tk"},"content":{"rendered":"<p>Spiraalid, mis on ette n\u00e4htud s\u00e4\u00e4skede ja k\u00e4rbeste t\u00f5rjeks v\u00e4listingimustes. \u00dcks spiraal on t\u00f5hus 9 tundi.<br \/>\nSpiraali p\u00f5lemisaeg on ligikaudu 7 tundi. Tapva toime saavutatakse 60 minutit p\u00e4rast s\u00fc\u00fctamist.<\/p>\n<p><strong>Omadused<\/strong><\/p>\n<p>\u25cf kaitseb s\u00e4\u00e4skede ja k\u00e4rbseste vastu,<br \/>\n\u25cf v\u00f5imaldab teil veeta aega ilma hammustuste p\u00e4rast muretsemata,<br \/>\n\u25cf nad ei purune,<br \/>\n\u25cf ei m\u00e4\u00e4rdu k\u00e4ed,<br \/>\n\u25cf nad t\u00f6\u00f6tavad t\u00f5husalt 60 minutit p\u00e4rast s\u00fc\u00fctamist,<br \/>\n\u25cf \u00fcks spiraal p\u00f5leb kuni 7 tundi.<\/p>\n<p>&nbsp;<\/p>\n<p><strong>Kasutusjuhend<\/strong><\/p>\n<p>1 V\u00f5tke spiraalid pakendist v\u00e4lja ja eraldage.<br \/>\n2. Painutage metalltoe keelt ja asetage spiraal sellele.<br \/>\n3. S\u00fc\u00fcdake spiraali ots, puhuge leek v\u00e4lja ja j\u00e4tke h\u00f5\u00f5guv ots.<\/p>\n<p>\u00c4RGE HINGAKE SUITSU SISSE.<\/p>\n<p>Peske k\u00e4ed p\u00e4rast spiraali otsest k\u00e4sitsemist, v\u00e4ltige kokkupuudet silmade ja nahaga.<br \/>\nEemaldage k\u00f5rvalseisjad, lapsed ja loomad siseruumides toimuva protseduuri ajaks.<br \/>\nVentileerige ruumi p\u00e4rast t\u00f6\u00f6tlemist.<\/p>\n<p>Toode sisaldab geraniooli, mis v\u00f5ib p\u00f5hjustada allergilisi reaktsioone.<\/p>\n","protected":false},"excerpt":{"rendered":"<p>\u25cf kaitseb s\u00e4\u00e4skede ja k\u00e4rbseste vastu,<br \/>\n\u25cf v\u00f5imaldab teil veeta aega ilma hammustuste p\u00e4rast muretsemata,<br \/>\n\u25cf nad ei purune,<br \/>\n\u25cf ei m\u00e4\u00e4rdu k\u00e4ed,<br \/>\n\u25cf nad t\u00f6\u00f6tavad t\u00f5husalt 60 minutit p\u00e4rast s\u00fc\u00fctamist,<br \/>\n\u25cf \u00fcks spiraal p\u00f5leb kuni 7 tundi.<\/p>\n","protected":false},"featured_media":36071,"template":"","meta":{"_acf_changed":false,"_seopress_robots_primary_cat":"none","_seopress_titles_title":"","_seopress_titles_desc":"","_seopress_robots_index":"","_gspb_post_css":""},"product_brand":[],"product_cat":[109,15,1398],"product_tag":[],"class_list":{"0":"post-36068","1":"product","2":"type-product","3":"status-publish","4":"has-post-thumbnail","6":"product_cat-aia-ja-taimede-kaitse","7":"product_cat-koik-kategooriad","8":"product_cat-putukate-ja-saasetorje","10":"first","11":"instock","12":"taxable","13":"shipping-taxable","14":"purchasable","15":"product-type-simple"},"ct_brands":[],"acf":[],"_links":{"self":[{"href":"https:\/\/agrozone.ee\/en\/wp-json\/wp\/v2\/product\/36068","targetHints":{"allow":["GET"]}}],"collection":[{"href":"https:\/\/agrozone.ee\/en\/wp-json\/wp\/v2\/product"}],"about":[{"href":"https:\/\/agrozone.ee\/en\/wp-json\/wp\/v2\/types\/product"}],"wp:featuredmedia":[{"embeddable":true,"href":"https:\/\/agrozone.ee\/en\/wp-json\/wp\/v2\/media\/36071"}],"wp:attachment":[{"href":"https:\/\/agrozone.ee\/en\/wp-json\/wp\/v2\/media?parent=36068"}],"wp:term":[{"taxonomy":"product_brand","embeddable":true,"href":"https:\/\/agrozone.ee\/en\/wp-json\/wp\/v2\/product_brand?post=36068"},{"taxonomy":"product_cat","embeddable":true,"href":"https:\/\/agrozone.ee\/en\/wp-json\/wp\/v2\/product_cat?post=36068"},{"taxonomy":"product_tag","embeddable":true,"href":"https:\/\/agrozone.ee\/en\/wp-json\/wp\/v2\/product_tag?post=36068"}],"curies":[{"name":"wp","href":"https:\/\/api.w.org\/{rel}","templated":true}]}}