{"id":36073,"date":"2024-08-06T12:20:19","date_gmt":"2024-08-06T09:20:19","guid":{"rendered":"https:\/\/agrozone.ee\/?post_type=product&#038;p=36073"},"modified":"2025-05-16T21:41:35","modified_gmt":"2025-05-16T19:41:35","slug":"expel-saasekleepsud-8-tk","status":"publish","type":"product","link":"https:\/\/agrozone.ee\/en\/product\/expel-saasekleepsud-8-tk\/","title":{"rendered":"EXPEL- s\u00e4\u00e4sekleepsud 8 tk"},"content":{"rendered":"<p>Looduslikke taime\u00f5lisid sisaldavate s\u00e4\u00e4skede t\u00f5rjevahendite kleebised.<br \/>\n\u25cf Pakendi sisu &#8211; 8 tk.<\/p>\n<p><strong>Kasutusjuhend:<\/strong><\/p>\n<p>Kinnitage kleebis riiete pealmisele kihile kaitsmata kehaosade l\u00e4hedale v\u00f5i kaitstava isiku l\u00e4hedal asuvale esemele.<\/p>\n","protected":false},"excerpt":{"rendered":"<p>Looduslikke taime\u00f5lisid sisaldavate s\u00e4\u00e4skede t\u00f5rjevahendite kleebised.<\/p>\n","protected":false},"featured_media":36077,"template":"","meta":{"_acf_changed":false,"_seopress_robots_primary_cat":"","_seopress_titles_title":"","_seopress_titles_desc":"","_seopress_robots_index":"","_gspb_post_css":""},"product_brand":[],"product_cat":[109,15,1398],"product_tag":[],"class_list":{"0":"post-36073","1":"product","2":"type-product","3":"status-publish","4":"has-post-thumbnail","6":"product_cat-aia-ja-taimede-kaitse","7":"product_cat-koik-kategooriad","8":"product_cat-putukate-ja-saasetorje","10":"first","11":"instock","12":"taxable","13":"shipping-taxable","14":"purchasable","15":"product-type-simple"},"ct_brands":[],"acf":[],"_links":{"self":[{"href":"https:\/\/agrozone.ee\/en\/wp-json\/wp\/v2\/product\/36073","targetHints":{"allow":["GET"]}}],"collection":[{"href":"https:\/\/agrozone.ee\/en\/wp-json\/wp\/v2\/product"}],"about":[{"href":"https:\/\/agrozone.ee\/en\/wp-json\/wp\/v2\/types\/product"}],"wp:featuredmedia":[{"embeddable":true,"href":"https:\/\/agrozone.ee\/en\/wp-json\/wp\/v2\/media\/36077"}],"wp:attachment":[{"href":"https:\/\/agrozone.ee\/en\/wp-json\/wp\/v2\/media?parent=36073"}],"wp:term":[{"taxonomy":"product_brand","embeddable":true,"href":"https:\/\/agrozone.ee\/en\/wp-json\/wp\/v2\/product_brand?post=36073"},{"taxonomy":"product_cat","embeddable":true,"href":"https:\/\/agrozone.ee\/en\/wp-json\/wp\/v2\/product_cat?post=36073"},{"taxonomy":"product_tag","embeddable":true,"href":"https:\/\/agrozone.ee\/en\/wp-json\/wp\/v2\/product_tag?post=36073"}],"curies":[{"name":"wp","href":"https:\/\/api.w.org\/{rel}","templated":true}]}}