{"id":36172,"date":"2024-08-19T12:11:30","date_gmt":"2024-08-19T09:11:30","guid":{"rendered":"https:\/\/agrozone.ee\/?post_type=product&#038;p=36172"},"modified":"2025-04-09T15:30:03","modified_gmt":"2025-04-09T13:30:03","slug":"eco-redtop-uhesuunaline-karbsepuudja-3l","status":"publish","type":"product","link":"https:\/\/agrozone.ee\/en\/product\/eco-redtop-uhesuunaline-karbsepuudja-3l\/","title":{"rendered":"ECO RedTop \u00fchesuunaline k\u00e4rbsep\u00fc\u00fcdja 3L"},"content":{"rendered":"<p>RedTopi k\u00e4rbsep\u00fc\u00fcnis v\u00e4hendab k\u00e4rbeste arvu teie keskkonnas v\u00e4ga suurel m\u00e4\u00e4ral.<\/p>\n<ul>\n<li>Peibutusp\u00fc\u00fcnis on m\u00f5eldud ainult v\u00e4litingimustes kasutamiseks.<\/li>\n<li>T\u00e4nu l\u00f5ksu erilisele konstruktsioonile ei ole k\u00e4rbsed enam v\u00f5imelised p\u00f5genema.<\/li>\n<li>K\u00e4rbseid meelitab ligi spetsiaalselt valitud toiduainetest saadud antratsiit &#8211; meelitusvahendil on ebameeldiv m\u00e4danenud liha l\u00f5hn.<\/li>\n<li>See on t\u00e4iesti orgaaniline ja ei sisalda kahjulikke kemikaale.<\/li>\n<\/ul>\n<p><strong>L\u00f5ksu on v\u00e4ga lihtne kasutada.<\/strong><\/p>\n<ul>\n<li>Lihtsalt valage s\u00f6\u00f6dakoti sisu konteinerisse ja lisage 1 liiter vett.<\/li>\n<li>Riputage p\u00fc\u00fcnis p\u00e4ikesepaistelisse kohta.<\/li>\n<li>See aktiveerub t\u00e4ielikult umbes 4 p\u00e4eva p\u00e4rast.<\/li>\n<\/ul>\n<p>P\u00fc\u00fcnis suudab kinni p\u00fc\u00fcda kuni 22 000 putukat.<\/p>\n<ul>\n<li>ECO RedTop k\u00e4rbsep\u00fc\u00fcnis Kuhu paigutada k\u00e4rbsep\u00fc\u00fcnis?<\/li>\n<li>V\u00e4ljas sobivas kohas, kus on piisavalt p\u00e4ikesevalgust (mitte l\u00e4hemal kui 15 meetrit elupaigast).<\/li>\n<li>V\u00e4hemalt 5 meetri kaugusele k\u00e4rbeste paljunemiskohast (nt: s\u00f5nnikuhunnikud, kompostihunnikud, kanap\u00f5ue jne).<\/li>\n<li>Pea k\u00f5rgusel v\u00f5i k\u00f5rgemal.<\/li>\n<li>V\u00e4ga kuuma kliima puhul poolvarjus v\u00f5i m\u00f5\u00f5duka kliima puhul otse p\u00e4ikese k\u00e4es.<\/li>\n<li>N\u00f5uanded k\u00e4rbsep\u00fc\u00fcniste kohta<\/li>\n<li>Asetage uus p\u00fc\u00fcnis 3-4 p\u00e4eva enne vana p\u00fc\u00fcnise k\u00f5rvaldamist, et tagada k\u00e4rbsep\u00fc\u00fcgi j\u00e4rjepidevus.<\/li>\n<\/ul>\n<p><strong>T\u00e4helepanu<\/strong><br \/>\nK\u00e4rbsed kannavad aktiveeritud l\u00f5ksu patogeene. Hoidke seade lastele, koertele, kassidele ja loomadele k\u00e4ttesaamatus kohas.<\/p>\n","protected":false},"excerpt":{"rendered":"<p>RedTopi k\u00e4rbsep\u00fc\u00fcnis v\u00e4hendab k\u00e4rbeste arvu teie keskkonnas v\u00e4ga suurel m\u00e4\u00e4ral.<\/p>\n<ul>\n<li>Peibutusp\u00fc\u00fcnis on m\u00f5eldud ainult v\u00e4litingimustes kasutamiseks.<\/li>\n<li>T\u00e4nu l\u00f5ksu erilisele konstruktsioonile ei ole k\u00e4rbsed enam v\u00f5imelised p\u00f5genema.<\/li>\n<li>K\u00e4rbseid meelitab ligi spetsiaalselt valitud toiduainetest saadud antratsiit &#8211; meelitusvahendil on ebameeldiv m\u00e4danenud liha l\u00f5hn.<\/li>\n<li>See on t\u00e4iesti orgaaniline ja ei sisalda kahjulikke kemikaale.<\/li>\n<\/ul>\n<p><strong>L\u00f5ksu on v\u00e4ga lihtne kasutada.<\/strong><\/p>\n<ul>\n<li>Lihtsalt valage s\u00f6\u00f6dakoti sisu konteinerisse ja lisage 1 liiter vett.<\/li>\n<li>Riputage p\u00fc\u00fcnis p\u00e4ikesepaistelisse kohta.<\/li>\n<li>See aktiveerub t\u00e4ielikult umbes 4 p\u00e4eva p\u00e4rast.<\/li>\n<\/ul>\n","protected":false},"featured_media":36175,"template":"","meta":{"_acf_changed":false,"_seopress_robots_primary_cat":"","_seopress_titles_title":"","_seopress_titles_desc":"","_seopress_robots_index":"","_gspb_post_css":""},"product_brand":[],"product_cat":[109,15,1398,112],"product_tag":[],"class_list":{"0":"post-36172","1":"product","2":"type-product","3":"status-publish","4":"has-post-thumbnail","6":"product_cat-aia-ja-taimede-kaitse","7":"product_cat-koik-kategooriad","8":"product_cat-putukate-ja-saasetorje","9":"product_cat-taimekahjurite-torje","11":"first","12":"instock","13":"taxable","14":"shipping-taxable","15":"purchasable","16":"product-type-simple"},"ct_brands":[],"acf":[],"_links":{"self":[{"href":"https:\/\/agrozone.ee\/en\/wp-json\/wp\/v2\/product\/36172","targetHints":{"allow":["GET"]}}],"collection":[{"href":"https:\/\/agrozone.ee\/en\/wp-json\/wp\/v2\/product"}],"about":[{"href":"https:\/\/agrozone.ee\/en\/wp-json\/wp\/v2\/types\/product"}],"wp:featuredmedia":[{"embeddable":true,"href":"https:\/\/agrozone.ee\/en\/wp-json\/wp\/v2\/media\/36175"}],"wp:attachment":[{"href":"https:\/\/agrozone.ee\/en\/wp-json\/wp\/v2\/media?parent=36172"}],"wp:term":[{"taxonomy":"product_brand","embeddable":true,"href":"https:\/\/agrozone.ee\/en\/wp-json\/wp\/v2\/product_brand?post=36172"},{"taxonomy":"product_cat","embeddable":true,"href":"https:\/\/agrozone.ee\/en\/wp-json\/wp\/v2\/product_cat?post=36172"},{"taxonomy":"product_tag","embeddable":true,"href":"https:\/\/agrozone.ee\/en\/wp-json\/wp\/v2\/product_tag?post=36172"}],"curies":[{"name":"wp","href":"https:\/\/api.w.org\/{rel}","templated":true}]}}