{"id":36184,"date":"2024-08-19T12:57:45","date_gmt":"2024-08-19T09:57:45","guid":{"rendered":"https:\/\/agrozone.ee\/?post_type=product&#038;p=36184"},"modified":"2026-04-01T17:27:54","modified_gmt":"2026-04-01T15:27:54","slug":"eco-puuviljakarbsepuunis-koos-peibutusvedelikuga","status":"publish","type":"product","link":"https:\/\/agrozone.ee\/en\/product\/eco-puuviljakarbsepuunis-koos-peibutusvedelikuga\/","title":{"rendered":"ECO puuviljak\u00e4rbsep\u00fc\u00fcnis koos peibutusvedelikuga"},"content":{"rendered":"<p>Harilik \u00e4\u00e4dikak\u00e4rbes ehk harilik puuviljak\u00e4rbes (Drosophila melanogaster)<\/p>\n<p>Puuviljak\u00e4rbeste l\u00f5ks v\u00e4hendab t\u00f5husalt nende aktiivsust ja populatsiooni.<\/p>\n<ul>\n<li>VACO p\u00fc\u00fcnise koostises on ainult looduslikud meelitusvahendid.<\/li>\n<li>See on inimestele ja lemmikloomadele t\u00e4iesti ohutu.<\/li>\n<li>Seda v\u00f5ib ohutult kasutada toidu l\u00e4hedal.<\/li>\n<li>L\u00f5ksu v\u00e4rviline pakend sobib ideaalselt iga k\u00f6\u00f6gi interj\u00f6\u00f6ri.<\/li>\n<li>L\u00f5ksu saab kasutada ennetavalt, et v\u00e4ltida kahjuri suurt paljunemist.<\/li>\n<\/ul>\n<p>MIDA PUUVILJAK\u00c4RBES S\u00d6\u00d6B?<\/p>\n<ul>\n<li>See toitub peamiselt m\u00e4danevatest, k\u00e4\u00e4rivatest puuviljadest.<\/li>\n<li>Samuti elab ta mahlades, moosides, marmelaadides, \u00e4\u00e4dikas ja k\u00f6\u00f6giviljaj\u00e4\u00e4kides.<\/li>\n<li>Emane muneb elu jooksul umbes 400 muna (10-20 korraga).<\/li>\n<li>V\u00e4lja koorunud vastsed toituvad vedelatest ja tahketest toodetest.<\/li>\n<li>Vastsed poegivad v\u00e4ljaspool toitumisala.<\/li>\n<li>Optimaalsel temperatuuril 20-25 \u00b0C kestab arenguts\u00fckkel ligi 2 n\u00e4dalat.<\/li>\n<li>T\u00e4iskasvanud isendi eluiga on 2-3 n\u00e4dalat.<\/li>\n<\/ul>\n<p>P\u00fc\u00fcnis tuleks paigutada puuviljak\u00e4rbeste suurimasse kontsentratsiooni; l\u00e4hedale:<\/p>\n<p>puuviljade, k\u00f6\u00f6giviljade, mahlade, kraanikausside, pr\u00fcgikastide jne l\u00e4hedusse.<\/p>\n<p>L\u00f5ksu v\u00e4rviline pakend sobib suurep\u00e4raselt iga k\u00f6\u00f6gi interj\u00f6\u00f6riga. L\u00f5ksu saab kasutada ennetavalt, et v\u00e4ltida kahjuri suurt paljunemist.<\/p>\n","protected":false},"excerpt":{"rendered":"<ul>\n<li>VACO p\u00fc\u00fcnise koostises on ainult looduslikud meelitusvahendid.<\/li>\n<li>See on inimestele ja lemmikloomadele t\u00e4iesti ohutu.<\/li>\n<li>Seda v\u00f5ib ohutult kasutada toidu l\u00e4hedal.<\/li>\n<li>L\u00f5ksu v\u00e4rviline pakend sobib ideaalselt iga k\u00f6\u00f6gi interj\u00f6\u00f6ri.<\/li>\n<li>L\u00f5ksu saab kasutada ennetavalt, et v\u00e4ltida kahjuri suurt paljunemist.<\/li>\n<\/ul>\n","protected":false},"featured_media":36187,"template":"","meta":{"_acf_changed":false,"_seopress_robots_primary_cat":"none","_seopress_titles_title":"","_seopress_titles_desc":"","_seopress_robots_index":"","_gspb_post_css":""},"product_brand":[],"product_cat":[109,15,1398],"product_tag":[],"class_list":{"0":"post-36184","1":"product","2":"type-product","3":"status-publish","4":"has-post-thumbnail","6":"product_cat-aia-ja-taimede-kaitse","7":"product_cat-koik-kategooriad","8":"product_cat-putukate-ja-saasetorje","10":"first","11":"instock","12":"taxable","13":"shipping-taxable","14":"purchasable","15":"product-type-simple"},"ct_brands":[],"acf":[],"_links":{"self":[{"href":"https:\/\/agrozone.ee\/en\/wp-json\/wp\/v2\/product\/36184","targetHints":{"allow":["GET"]}}],"collection":[{"href":"https:\/\/agrozone.ee\/en\/wp-json\/wp\/v2\/product"}],"about":[{"href":"https:\/\/agrozone.ee\/en\/wp-json\/wp\/v2\/types\/product"}],"wp:featuredmedia":[{"embeddable":true,"href":"https:\/\/agrozone.ee\/en\/wp-json\/wp\/v2\/media\/36187"}],"wp:attachment":[{"href":"https:\/\/agrozone.ee\/en\/wp-json\/wp\/v2\/media?parent=36184"}],"wp:term":[{"taxonomy":"product_brand","embeddable":true,"href":"https:\/\/agrozone.ee\/en\/wp-json\/wp\/v2\/product_brand?post=36184"},{"taxonomy":"product_cat","embeddable":true,"href":"https:\/\/agrozone.ee\/en\/wp-json\/wp\/v2\/product_cat?post=36184"},{"taxonomy":"product_tag","embeddable":true,"href":"https:\/\/agrozone.ee\/en\/wp-json\/wp\/v2\/product_tag?post=36184"}],"curies":[{"name":"wp","href":"https:\/\/api.w.org\/{rel}","templated":true}]}}