{"id":36189,"date":"2024-08-19T13:01:40","date_gmt":"2024-08-19T10:01:40","guid":{"rendered":"https:\/\/agrozone.ee\/?post_type=product&#038;p=36189"},"modified":"2026-04-09T07:59:25","modified_gmt":"2026-04-09T05:59:25","slug":"eco-insert-vedelik-puuviljakarbsepuunisele-3-tk","status":"publish","type":"product","link":"https:\/\/agrozone.ee\/en\/product\/eco-insert-vedelik-puuviljakarbsepuunisele-3-tk\/","title":{"rendered":"ECO Insert &#8211; vedelik puuviljak\u00e4rbsep\u00fc\u00fcnisele &#8211; 3 tk."},"content":{"rendered":"<ul>\n<li>ECO insert on vedelik, mis v\u00f5imaldab teil j\u00e4tkata puuviljak\u00e4rbsep\u00fc\u00fcnise kasutamist ilma uut pakendit ostmata.<\/li>\n<li>Vedeliku atraktiivne aroom meelitab putukad t\u00f5husalt l\u00f5ksu.<\/li>\n<li>Looduslikel koostisosadel p\u00f5hinev vedelik kaitseb puuviljak\u00e4rbse kobarate koorumise ja arengu eest eluruumides, avalikes kohtades ja kauplustes, restoranides ja kondiitrit\u00f6\u00f6kodades.<\/li>\n<li>L\u00f5ksu v\u00f5ib kasutada toidu l\u00e4hedal.<\/li>\n<\/ul>\n<p>Pakendis on 3 kotikest meelitusvedelikku<\/p>\n<p><b style=\"font-weight: bold; font-family: -apple-system, BlinkMacSystemFont,;\">Harilik \u00e4\u00e4dikak\u00e4rbes<\/b><span style=\"font-family: -apple-system,BlinkMacSystemFont,;\"> ehk <\/span><b style=\"font-weight: bold; font-family: -apple-system, BlinkMacSystemFont,;\">harilik puuviljak\u00e4rbes<\/b><span style=\"font-family: -apple-system,BlinkMacSystemFont,;\"> (<\/span><i style=\"font-style: italic; font-family: -apple-system, BlinkMacSystemFont,;\">Drosophila melanogaster<\/i><span style=\"font-family: -apple-system,BlinkMacSystemFont,;\">)<\/span><\/p>\n","protected":false},"excerpt":{"rendered":"<ul>\n<li>ECO insert on vedelik, mis v\u00f5imaldab teil j\u00e4tkata puuviljak\u00e4rbsep\u00fc\u00fcnise kasutamist ilma uut pakendit ostmata.<\/li>\n<li>Vedeliku atraktiivne aroom meelitab putukad t\u00f5husalt l\u00f5ksu.<\/li>\n<li>Looduslikel koostisosadel p\u00f5hinev vedelik kaitseb puuviljak\u00e4rbse kobarate koorumise ja arengu eest eluruumides, avalikes kohtades ja kauplustes, restoranides ja kondiitrit\u00f6\u00f6kodades.<\/li>\n<li>L\u00f5ksu v\u00f5ib kasutada toidu l\u00e4hedal.<\/li>\n<\/ul>\n","protected":false},"featured_media":36192,"template":"","meta":{"_acf_changed":false,"_seopress_robots_primary_cat":"none","_seopress_titles_title":"","_seopress_titles_desc":"","_seopress_robots_index":"","_gspb_post_css":""},"product_brand":[],"product_cat":[109,15,1398],"product_tag":[],"class_list":{"0":"post-36189","1":"product","2":"type-product","3":"status-publish","4":"has-post-thumbnail","6":"product_cat-aia-ja-taimede-kaitse","7":"product_cat-koik-kategooriad","8":"product_cat-putukate-ja-saasetorje","10":"first","11":"instock","12":"taxable","13":"shipping-taxable","14":"purchasable","15":"product-type-simple"},"ct_brands":[],"acf":[],"_links":{"self":[{"href":"https:\/\/agrozone.ee\/en\/wp-json\/wp\/v2\/product\/36189","targetHints":{"allow":["GET"]}}],"collection":[{"href":"https:\/\/agrozone.ee\/en\/wp-json\/wp\/v2\/product"}],"about":[{"href":"https:\/\/agrozone.ee\/en\/wp-json\/wp\/v2\/types\/product"}],"wp:featuredmedia":[{"embeddable":true,"href":"https:\/\/agrozone.ee\/en\/wp-json\/wp\/v2\/media\/36192"}],"wp:attachment":[{"href":"https:\/\/agrozone.ee\/en\/wp-json\/wp\/v2\/media?parent=36189"}],"wp:term":[{"taxonomy":"product_brand","embeddable":true,"href":"https:\/\/agrozone.ee\/en\/wp-json\/wp\/v2\/product_brand?post=36189"},{"taxonomy":"product_cat","embeddable":true,"href":"https:\/\/agrozone.ee\/en\/wp-json\/wp\/v2\/product_cat?post=36189"},{"taxonomy":"product_tag","embeddable":true,"href":"https:\/\/agrozone.ee\/en\/wp-json\/wp\/v2\/product_tag?post=36189"}],"curies":[{"name":"wp","href":"https:\/\/api.w.org\/{rel}","templated":true}]}}