{"id":36305,"date":"2024-09-02T17:45:37","date_gmt":"2024-09-02T14:45:37","guid":{"rendered":"https:\/\/agrozone.ee\/?post_type=product&#038;p=36305"},"modified":"2026-04-08T10:25:15","modified_gmt":"2026-04-08T08:25:15","slug":"redis-cherry-belle","status":"publish","type":"product","link":"https:\/\/agrozone.ee\/en\/product\/redis-cherry-belle\/","title":{"rendered":"REDIS CHERRY BELLE"},"content":{"rendered":"<ul>\n<li>See on varajane sort, mis valmib 20\u201327 p\u00e4evaga.<\/li>\n<li>Juurviljad on punased, mahlased ja maitsvad.<\/li>\n<li>V\u00f5ib kasvatada kasvuhoonetes varase saagi saamiseks ning k\u00fclvata \u00f5ues suviseks ja s\u00fcgiseseks saagiks.<\/li>\n<li>Kasvab h\u00e4sti viljakas mullas, vajab kastmist.<\/li>\n<\/ul>\n","protected":false},"excerpt":{"rendered":"<ul>\n<li>See on varajane sort, mis valmib 20\u201327 p\u00e4evaga.<\/li>\n<li>Juurviljad on punased, mahlased ja maitsvad.<\/li>\n<li>V\u00f5ib kasvatada kasvuhoonetes varase saagi saamiseks ning k\u00fclvata \u00f5ues suviseks ja s\u00fcgiseseks saagiks.<\/li>\n<li>Kasvab h\u00e4sti viljakas mullas, vajab kastmist.<\/li>\n<\/ul>\n","protected":false},"featured_media":36308,"template":"","meta":{"_acf_changed":false,"_seopress_robots_primary_cat":"","_seopress_titles_title":"","_seopress_titles_desc":"","_seopress_robots_index":"","_gspb_post_css":""},"product_brand":[],"product_cat":[15,88,393,87],"product_tag":[],"class_list":{"0":"post-36305","1":"product","2":"type-product","3":"status-publish","4":"has-post-thumbnail","6":"product_cat-koik-kategooriad","7":"product_cat-koogiviljaseemned","8":"product_cat-redis","9":"product_cat-seemned","11":"first","12":"instock","13":"featured","14":"taxable","15":"shipping-taxable","16":"purchasable","17":"product-type-simple"},"ct_brands":[],"acf":[],"_links":{"self":[{"href":"https:\/\/agrozone.ee\/en\/wp-json\/wp\/v2\/product\/36305","targetHints":{"allow":["GET"]}}],"collection":[{"href":"https:\/\/agrozone.ee\/en\/wp-json\/wp\/v2\/product"}],"about":[{"href":"https:\/\/agrozone.ee\/en\/wp-json\/wp\/v2\/types\/product"}],"wp:featuredmedia":[{"embeddable":true,"href":"https:\/\/agrozone.ee\/en\/wp-json\/wp\/v2\/media\/36308"}],"wp:attachment":[{"href":"https:\/\/agrozone.ee\/en\/wp-json\/wp\/v2\/media?parent=36305"}],"wp:term":[{"taxonomy":"product_brand","embeddable":true,"href":"https:\/\/agrozone.ee\/en\/wp-json\/wp\/v2\/product_brand?post=36305"},{"taxonomy":"product_cat","embeddable":true,"href":"https:\/\/agrozone.ee\/en\/wp-json\/wp\/v2\/product_cat?post=36305"},{"taxonomy":"product_tag","embeddable":true,"href":"https:\/\/agrozone.ee\/en\/wp-json\/wp\/v2\/product_tag?post=36305"}],"curies":[{"name":"wp","href":"https:\/\/api.w.org\/{rel}","templated":true}]}}