{"id":36325,"date":"2024-09-02T18:22:58","date_gmt":"2024-09-02T15:22:58","guid":{"rendered":"https:\/\/agrozone.ee\/?post_type=product&#038;p=36325"},"modified":"2026-01-17T22:20:00","modified_gmt":"2026-01-17T20:20:00","slug":"lohnav-lillhernes-old-spice-miss-willmot","status":"publish","type":"product","link":"https:\/\/agrozone.ee\/en\/product\/lohnav-lillhernes-old-spice-miss-willmot\/","title":{"rendered":"L\u00f5hnav Lillhernes OLD SPICE MISS WILLMOT"},"content":{"rendered":"<p><strong>L\u00f5hnav Lillhernes OLD SPICE MISS WILLMOT &#8211; Lathyrus odoratus L.<\/strong><\/p>\n<ul>\n<li>See on \u00fcheaastane roniv lill, mis kasvab 2\u20132,5 meetri k\u00f5rguseks.<\/li>\n<li>Kuna see sort on \u00fcks dekoratiivsemaid, on ta p\u00e4lvinud mitmeid auhindu.<\/li>\n<li>\u00d5ied on lainestatud, v\u00e4ga ilusad ja meeldiva aroomiga.<\/li>\n<li>Taim eelistab p\u00e4ikeselist, tuulekaitstud kasvukohta huumusrikkas mullas.<\/li>\n<li>Seemnete idan\u00f5ustamist ja seej\u00e4rel nende k\u00fclvamist niiskesse mulda on soovitatav.<\/li>\n<li>Seemned tuleb k\u00fclvata toediste l\u00e4hedale 3\u20135 seemne kaupa gruppides.<\/li>\n<li>Magushernest saab luua suveks l\u00f5hnava \u00f5itseva seina.<\/li>\n<li>Need lilled n\u00e4evad suurep\u00e4rased v\u00e4lja kimbudes.<\/li>\n<\/ul>\n","protected":false},"excerpt":{"rendered":"<ul>\n<li>See on \u00fcheaastane roniv lill, mis kasvab 2\u20132,5 meetri k\u00f5rguseks.<\/li>\n<li>Kuna see sort on \u00fcks dekoratiivsemaid, on ta p\u00e4lvinud mitmeid auhindu.<\/li>\n<li>\u00d5ied on lainestatud, v\u00e4ga ilusad ja meeldiva aroomiga.<\/li>\n<li>Taim eelistab p\u00e4ikeselist, tuulekaitstud kasvukohta huumusrikkas mullas.<\/li>\n<\/ul>\n","protected":false},"featured_media":36328,"template":"","meta":{"_acf_changed":false,"_seopress_robots_primary_cat":"","_seopress_titles_title":"","_seopress_titles_desc":"","_seopress_robots_index":"","_gspb_post_css":""},"product_brand":[],"product_cat":[15,100,1212,87],"product_tag":[],"class_list":{"0":"post-36325","1":"product","2":"type-product","3":"status-publish","4":"has-post-thumbnail","6":"product_cat-koik-kategooriad","7":"product_cat-lilleseemned","8":"product_cat-mitmesugused","9":"product_cat-seemned","11":"first","12":"instock","13":"taxable","14":"shipping-taxable","15":"purchasable","16":"product-type-simple"},"ct_brands":[],"acf":[],"_links":{"self":[{"href":"https:\/\/agrozone.ee\/en\/wp-json\/wp\/v2\/product\/36325","targetHints":{"allow":["GET"]}}],"collection":[{"href":"https:\/\/agrozone.ee\/en\/wp-json\/wp\/v2\/product"}],"about":[{"href":"https:\/\/agrozone.ee\/en\/wp-json\/wp\/v2\/types\/product"}],"wp:featuredmedia":[{"embeddable":true,"href":"https:\/\/agrozone.ee\/en\/wp-json\/wp\/v2\/media\/36328"}],"wp:attachment":[{"href":"https:\/\/agrozone.ee\/en\/wp-json\/wp\/v2\/media?parent=36325"}],"wp:term":[{"taxonomy":"product_brand","embeddable":true,"href":"https:\/\/agrozone.ee\/en\/wp-json\/wp\/v2\/product_brand?post=36325"},{"taxonomy":"product_cat","embeddable":true,"href":"https:\/\/agrozone.ee\/en\/wp-json\/wp\/v2\/product_cat?post=36325"},{"taxonomy":"product_tag","embeddable":true,"href":"https:\/\/agrozone.ee\/en\/wp-json\/wp\/v2\/product_tag?post=36325"}],"curies":[{"name":"wp","href":"https:\/\/api.w.org\/{rel}","templated":true}]}}