{"id":36334,"date":"2024-09-02T18:32:32","date_gmt":"2024-09-02T15:32:32","guid":{"rendered":"https:\/\/agrozone.ee\/?post_type=product&#038;p=36334"},"modified":"2025-10-07T16:40:28","modified_gmt":"2025-10-07T14:40:28","slug":"murulauk-medium-leaf","status":"publish","type":"product","link":"https:\/\/agrozone.ee\/en\/product\/murulauk-medium-leaf\/","title":{"rendered":"Murulauk MEDIUM LEAF"},"content":{"rendered":"<p><strong>Murulauk MEDIUM LEAF- Metssibul &#8211; Allium schoenoprasum L.<\/strong><\/p>\n<ul>\n<li>Metssibul on mitmeaastane, k\u00fclmakindel ja v\u00e4hen\u00f5udlik taim.<\/li>\n<li>See alustab saagiga juba varakevadel.<\/li>\n<li>Kergelt k\u00fc\u00fcslauguse maitsega lehti kasutatakse toiduks.<\/li>\n<li>Dekoratiivsed taimed n\u00e4evad ilusad v\u00e4lja nii lillepeenardes kui ka pottides kasvatatuna.<\/li>\n<\/ul>\n<p>K\u00fclviaeg mulda: X, IV-V<br \/>\nK\u00fclviaeg seemikute puhul: III-IV<br \/>\nKaugused, cm: 20&#215;15<br \/>\nSaak: IV-IX<br \/>\nP\u00e4ikeseline koht: Jah<br \/>\nMitmeaastane: Jah<\/p>\n","protected":false},"excerpt":{"rendered":"<ul>\n<li>Metssibul on mitmeaastane, k\u00fclmakindel ja v\u00e4hen\u00f5udlik taim.<\/li>\n<li>See alustab saagiga juba varakevadel.<\/li>\n<li>Kergelt k\u00fc\u00fcslauguse maitsega lehti kasutatakse toiduks.<\/li>\n<li>Dekoratiivsed taimed n\u00e4evad ilusad v\u00e4lja nii lillepeenardes kui ka pottides kasvatatuna.<\/li>\n<\/ul>\n","protected":false},"featured_media":36337,"template":"","meta":{"_acf_changed":false,"_seopress_robots_primary_cat":"","_seopress_titles_title":"","_seopress_titles_desc":"","_seopress_robots_index":"","_gspb_post_css":""},"product_brand":[],"product_cat":[15,100,1206,87],"product_tag":[],"class_list":{"0":"post-36334","1":"product","2":"type-product","3":"status-publish","4":"has-post-thumbnail","6":"product_cat-koik-kategooriad","7":"product_cat-lilleseemned","8":"product_cat-mitmeaastased","9":"product_cat-seemned","11":"first","12":"instock","13":"taxable","14":"shipping-taxable","15":"purchasable","16":"product-type-simple"},"ct_brands":[],"acf":[],"_links":{"self":[{"href":"https:\/\/agrozone.ee\/en\/wp-json\/wp\/v2\/product\/36334","targetHints":{"allow":["GET"]}}],"collection":[{"href":"https:\/\/agrozone.ee\/en\/wp-json\/wp\/v2\/product"}],"about":[{"href":"https:\/\/agrozone.ee\/en\/wp-json\/wp\/v2\/types\/product"}],"wp:featuredmedia":[{"embeddable":true,"href":"https:\/\/agrozone.ee\/en\/wp-json\/wp\/v2\/media\/36337"}],"wp:attachment":[{"href":"https:\/\/agrozone.ee\/en\/wp-json\/wp\/v2\/media?parent=36334"}],"wp:term":[{"taxonomy":"product_brand","embeddable":true,"href":"https:\/\/agrozone.ee\/en\/wp-json\/wp\/v2\/product_brand?post=36334"},{"taxonomy":"product_cat","embeddable":true,"href":"https:\/\/agrozone.ee\/en\/wp-json\/wp\/v2\/product_cat?post=36334"},{"taxonomy":"product_tag","embeddable":true,"href":"https:\/\/agrozone.ee\/en\/wp-json\/wp\/v2\/product_tag?post=36334"}],"curies":[{"name":"wp","href":"https:\/\/api.w.org\/{rel}","templated":true}]}}