{"id":36338,"date":"2024-09-02T18:36:24","date_gmt":"2024-09-02T15:36:24","guid":{"rendered":"https:\/\/agrozone.ee\/?post_type=product&#038;p=36338"},"modified":"2026-04-02T22:10:42","modified_gmt":"2026-04-02T20:10:42","slug":"kirju-salvei","status":"publish","type":"product","link":"https:\/\/agrozone.ee\/en\/product\/kirju-salvei\/","title":{"rendered":"Kirju Salvei"},"content":{"rendered":"<p><strong>Kirju Salvei\u00a0&#8211; Salvia horminum<\/strong><\/p>\n<ul>\n<li data-sourcepos=\"5:1-5:20\">\u00dcheaastased lilled<\/li>\n<li data-sourcepos=\"6:1-6:17\">60-70 cm k\u00f5rged<\/li>\n<li data-sourcepos=\"7:1-7:36\">Dekoratiivsed kahetoonilised lehed<\/li>\n<li data-sourcepos=\"8:1-8:27\">Kasvatatakse lillepeenras<\/li>\n<li data-sourcepos=\"9:1-9:25\">Sobivad ka l\u00f5ikelillena<\/li>\n<li data-sourcepos=\"10:1-10:44\">Taime v\u00e4lja \u00f5ue p\u00e4rast k\u00fclmaperioodi l\u00f5ppu<\/li>\n<li data-sourcepos=\"11:1-11:32\">Eelistab p\u00e4ikesepaistelist kasvukohta<\/li>\n<li data-sourcepos=\"12:1-12:57\">Kasvab h\u00e4sti niiskes, mullas, mis on lahti ja viljakas<\/li>\n<\/ul>\n<p>K\u00fclviaeg seemikute puhul: III-IV<br \/>\nKaugused, cm: 25-30<br \/>\n\u00d5itsemisperiood: VI-IX<br \/>\nP\u00e4ikeseline koht: Jah<\/p>\n","protected":false},"excerpt":{"rendered":"<ul>\n<li data-sourcepos=\"5:1-5:20\">\u00dcheaastased lilled<\/li>\n<li data-sourcepos=\"6:1-6:17\">60-70 cm k\u00f5rged<\/li>\n<li data-sourcepos=\"7:1-7:36\">Dekoratiivsed kahetoonilised lehed<\/li>\n<li data-sourcepos=\"8:1-8:27\">Kasvatatakse lillepeenras<\/li>\n<li data-sourcepos=\"9:1-9:25\">Sobivad ka l\u00f5ikelillena<\/li>\n<li data-sourcepos=\"10:1-10:44\">Taime v\u00e4lja \u00f5ue p\u00e4rast k\u00fclmaperioodi l\u00f5ppu<\/li>\n<li data-sourcepos=\"11:1-11:32\">Eelistab p\u00e4ikesepaistelist kasvukohta<\/li>\n<li data-sourcepos=\"12:1-12:57\">Kasvab h\u00e4sti niiskes, mullas, mis on lahti ja viljakas<\/li>\n<\/ul>\n","protected":false},"featured_media":36341,"template":"","meta":{"_acf_changed":false,"_seopress_robots_primary_cat":"","_seopress_titles_title":"","_seopress_titles_desc":"","_seopress_robots_index":"","_gspb_post_css":""},"product_brand":[],"product_cat":[15,100,1212,87],"product_tag":[],"class_list":{"0":"post-36338","1":"product","2":"type-product","3":"status-publish","4":"has-post-thumbnail","6":"product_cat-koik-kategooriad","7":"product_cat-lilleseemned","8":"product_cat-mitmesugused","9":"product_cat-seemned","11":"first","12":"instock","13":"featured","14":"taxable","15":"shipping-taxable","16":"purchasable","17":"product-type-simple"},"ct_brands":[],"acf":[],"_links":{"self":[{"href":"https:\/\/agrozone.ee\/en\/wp-json\/wp\/v2\/product\/36338","targetHints":{"allow":["GET"]}}],"collection":[{"href":"https:\/\/agrozone.ee\/en\/wp-json\/wp\/v2\/product"}],"about":[{"href":"https:\/\/agrozone.ee\/en\/wp-json\/wp\/v2\/types\/product"}],"wp:featuredmedia":[{"embeddable":true,"href":"https:\/\/agrozone.ee\/en\/wp-json\/wp\/v2\/media\/36341"}],"wp:attachment":[{"href":"https:\/\/agrozone.ee\/en\/wp-json\/wp\/v2\/media?parent=36338"}],"wp:term":[{"taxonomy":"product_brand","embeddable":true,"href":"https:\/\/agrozone.ee\/en\/wp-json\/wp\/v2\/product_brand?post=36338"},{"taxonomy":"product_cat","embeddable":true,"href":"https:\/\/agrozone.ee\/en\/wp-json\/wp\/v2\/product_cat?post=36338"},{"taxonomy":"product_tag","embeddable":true,"href":"https:\/\/agrozone.ee\/en\/wp-json\/wp\/v2\/product_tag?post=36338"}],"curies":[{"name":"wp","href":"https:\/\/api.w.org\/{rel}","templated":true}]}}