{"id":36342,"date":"2024-09-02T18:40:04","date_gmt":"2024-09-02T15:40:04","guid":{"rendered":"https:\/\/agrozone.ee\/?post_type=product&#038;p=36342"},"modified":"2026-04-23T07:19:28","modified_gmt":"2026-04-23T05:19:28","slug":"rukkilill-rose-shade","status":"publish","type":"product","link":"https:\/\/agrozone.ee\/en\/product\/rukkilill-rose-shade\/","title":{"rendered":"RUKKILILL ROSE SHADE"},"content":{"rendered":"<p data-path-to-node=\"2\"><b data-path-to-node=\"2\" data-index-in-node=\"0\">\u00dcllatav ja romantiline p\u00f6\u00f6re traditsioonilises aias<\/b> Kas oled alati arvanud, et rukkilill saab olla ainult taevasinine? <b data-path-to-node=\"2\" data-index-in-node=\"119\">Roosa rukkilill &#8216;Rose Shade&#8217;<\/b> murrab seniseid traditsioone, tuues Sinu maastikule v\u00e4rske, \u00f5rna ja t\u00e4iesti ootamatu roosa varjundi. Need lummavad ja erksav\u00e4rvilised topelt\u00f5ied pakuvad rikkalikku silmailu lakkamatult n\u00e4dalate kaupa. See imekaunis \u00fcheaastane lill sobitub valatult nii klassikalisse lillepeenrasse kui ka nostalgiast pakatavasse etnograafilisse aeda, sidudes oskuslikult meie rahvusliku p\u00e4randi kaasaegse ja romantilise disainiga.<\/p>\n<p data-path-to-node=\"3\"><b data-path-to-node=\"3\" data-index-in-node=\"0\">J\u00e4tkusuutlik &#8220;aeglaste lillede&#8221; liikumine ja sumisev elurikkus<\/b> Kaugelt imporditud ja tihti kemikaalidega pritsitud lillede ostmine koormab tugevalt meie keskkonda. Seet\u00f5ttu kogub Euroopas \u00fcha enam populaarsust <i data-path-to-node=\"3\" data-index-in-node=\"210\">Slow Flower<\/i> ehk lokaalsete l\u00f5ikelillede kasvatamise trend. Miks mitte luua omaenda puhas ja m\u00fcrgivaba lillefarm otse kodu\u00f5uele? &#8216;Rose Shade&#8217; on aretatud ideaalseks <b data-path-to-node=\"3\" data-index-in-node=\"374\">l\u00f5ikelilleks<\/b> \u2013 l\u00f5ika suvehommikutel tugevaid varsi ja too puhas emotsioon otse oma s\u00f6\u00f6gilauale! Samal ajal on peenrasse j\u00e4etud \u00f5ied t\u00f5eliseks p\u00e4\u00e4ster\u00f5ngaks Sinu aia \u00f6kos\u00fcsteemile. Nende rikkalik nektar meelitab kohale liblikaid ja kasulikke tolmeldajaid, aidates s\u00e4ilitada ja turgutada lokaalset <b data-path-to-node=\"3\" data-index-in-node=\"670\">elurikkust<\/b>.<\/p>\n<p data-path-to-node=\"4\"><b data-path-to-node=\"4\" data-index-in-node=\"0\">Andestav ja vaevatu taimekasvatus<\/b> Selleks, et nautida luksuslikku lillemerd, ei pea Sa omama ideaalset mustmulda ega kulutama tunde keerulisele v\u00e4etamisele. See sort on \u00e4\u00e4rmiselt v\u00e4hen\u00f5udlik ja kohanemisv\u00f5imeline:<\/p>\n<ul data-path-to-node=\"5\">\n<li>\n<p data-path-to-node=\"5,0,0\"><b data-path-to-node=\"5,0,0\" data-index-in-node=\"0\">Hingav kodu juurtele:<\/b> Taim ei esita mullastikule k\u00f5rgeid n\u00f5udmisi. Talle piisab t\u00e4iesti tavalisest, kuid vett h\u00e4sti l\u00e4bilaskvast ja \u00f5hulisest pinnasest, et v\u00e4ltida juurte liigset niiskust.<\/p>\n<\/li>\n<li>\n<p data-path-to-node=\"5,1,0\"><b data-path-to-node=\"5,1,0\" data-index-in-node=\"0\">Muretu ilu:<\/b> K\u00fclva <b data-path-to-node=\"5,1,0\" data-index-in-node=\"18\">rukkilille seemned<\/b> ja naudi \u2013 taim kasvab j\u00f5udsalt, premeerides Sind pika ja katkematu \u00f5itsemisperioodiga, pakkudes maksimaalset visuaalset naudingut minimaalse pingutusega.<\/p>\n<\/li>\n<\/ul>\n<p data-path-to-node=\"6\">Rikasta oma aeda ja vaase erakordse \u00f5iteiluga. Lisa &#8216;Rose Shade&#8217; rukkilille seemned oma ostukorvi juba t\u00e4na ja loo isiklik romantika-oaas!<\/p>\n","protected":false},"excerpt":{"rendered":"<ul>\n<li>Rukkilill &#8216;Rose Shade&#8217; on \u00fcheaastane lill.<\/li>\n<li>Taim on kaunistatud topelt\u00f5itega, mis on erksav\u00e4rvilised ning \u00f5itsevad rikkalikult ja pikka aega.<\/li>\n<li>Rukkililled on kergesti kasvatatavad ning sobivad suurep\u00e4raselt l\u00f5ikelilledeks.<\/li>\n<li>Nad on populaarsed nii tavalistes lilleaedades kui ka etnograafilistes aedades.<\/li>\n<li>See taim ei ole mulla suhtes eriti n\u00f5udlik, kuid eelistab vett h\u00e4sti l\u00e4bilaskvat ja \u00f5hulist pinnast.<\/li>\n<\/ul>\n","protected":false},"featured_media":36345,"template":"","meta":{"_acf_changed":false,"_seopress_robots_primary_cat":"none","_seopress_titles_title":"Roosa rukkilille seemned 'Rose Shade' - Romantika aeda!","_seopress_titles_desc":"Too aeda maal\u00e4hedast romantikat! V\u00e4hen\u00f5udlik topelt\u00f5itega roosa rukkilill sobib ideaalselt peenrasse ja vaasi. Turguta elurikkust ja telli seemned Agrozone'ist!","_seopress_robots_index":"","_gspb_post_css":""},"product_brand":[2568],"product_cat":[15,100,1212,87],"product_tag":[],"class_list":{"0":"post-36342","1":"product","2":"type-product","3":"status-publish","4":"has-post-thumbnail","6":"product_brand-agronom","7":"product_cat-koik-kategooriad","8":"product_cat-lilleseemned","9":"product_cat-mitmesugused","10":"product_cat-seemned","12":"first","13":"instock","14":"featured","15":"taxable","16":"shipping-taxable","17":"purchasable","18":"product-type-simple"},"ct_brands":[{"id":2568,"name":"AGRONOM","slug":"agronom"}],"acf":[],"_links":{"self":[{"href":"https:\/\/agrozone.ee\/en\/wp-json\/wp\/v2\/product\/36342","targetHints":{"allow":["GET"]}}],"collection":[{"href":"https:\/\/agrozone.ee\/en\/wp-json\/wp\/v2\/product"}],"about":[{"href":"https:\/\/agrozone.ee\/en\/wp-json\/wp\/v2\/types\/product"}],"wp:featuredmedia":[{"embeddable":true,"href":"https:\/\/agrozone.ee\/en\/wp-json\/wp\/v2\/media\/36345"}],"wp:attachment":[{"href":"https:\/\/agrozone.ee\/en\/wp-json\/wp\/v2\/media?parent=36342"}],"wp:term":[{"taxonomy":"product_brand","embeddable":true,"href":"https:\/\/agrozone.ee\/en\/wp-json\/wp\/v2\/product_brand?post=36342"},{"taxonomy":"product_cat","embeddable":true,"href":"https:\/\/agrozone.ee\/en\/wp-json\/wp\/v2\/product_cat?post=36342"},{"taxonomy":"product_tag","embeddable":true,"href":"https:\/\/agrozone.ee\/en\/wp-json\/wp\/v2\/product_tag?post=36342"}],"curies":[{"name":"wp","href":"https:\/\/api.w.org\/{rel}","templated":true}]}}