{"id":36347,"date":"2024-09-02T18:45:55","date_gmt":"2024-09-02T15:45:55","guid":{"rendered":"https:\/\/agrozone.ee\/?post_type=product&#038;p=36347"},"modified":"2026-04-02T12:12:13","modified_gmt":"2026-04-02T10:12:13","slug":"balsamiin-lemmalts","status":"publish","type":"product","link":"https:\/\/agrozone.ee\/en\/product\/balsamiin-lemmalts\/","title":{"rendered":"Balsamiin &#8211; Lemmalts"},"content":{"rendered":"<p><strong>Balsamiin &#8211; Lemmalts &#8211; Impatiens balsamina L.<\/strong><\/p>\n<ul>\n<li data-sourcepos=\"3:1-3:40\">\u00dcheaastane, 50 cm k\u00f5rge, v\u00e4hen\u00f5udlik taim pika \u00f5itseperioodiga.<\/li>\n<li data-sourcepos=\"3:1-3:40\">Silmapaistev t\u00e4iendus igale aiale, olgu see siis lillepeenras istutatud v\u00f5i toataimena eksponeeritud.<\/li>\n<li data-sourcepos=\"3:1-3:40\">Need lilled on k\u00fclmakartlikud.<\/li>\n<li data-sourcepos=\"3:1-3:40\">Eelistavad kasvada h\u00e4sti valgustatud paikades, kergemates mullastikes.<\/li>\n<li data-sourcepos=\"3:1-3:40\">Nendes tingimustes kasvavad nad j\u00f5udsalt ja \u00f5itsevad rikkalikult.<\/li>\n<\/ul>\n<p>K\u00fclviaeg seemikute puhul: III-IV<br \/>\nKaugused, cm: 25&#215;25<br \/>\n\u00d5itsemisperiood: VI-VIII<\/p>\n","protected":false},"excerpt":{"rendered":"<ul>\n<li data-sourcepos=\"3:1-3:40\">\u00dcheaastane, 50 cm k\u00f5rge, v\u00e4hen\u00f5udlik taim pika \u00f5itseperioodiga.<\/li>\n<li data-sourcepos=\"3:1-3:40\">Silmapaistev t\u00e4iendus igale aiale, olgu see siis lillepeenras istutatud v\u00f5i toataimena eksponeeritud.<\/li>\n<li data-sourcepos=\"3:1-3:40\">Need lilled on k\u00fclmakartlikud.<\/li>\n<li data-sourcepos=\"3:1-3:40\">Eelistavad kasvada h\u00e4sti valgustatud paikades, kergemates mullastikes.<\/li>\n<li data-sourcepos=\"3:1-3:40\">Nendes tingimustes kasvavad nad j\u00f5udsalt ja \u00f5itsevad rikkalikult.<\/li>\n<\/ul>\n","protected":false},"featured_media":36350,"template":"","meta":{"_acf_changed":false,"_seopress_robots_primary_cat":"","_seopress_titles_title":"","_seopress_titles_desc":"","_seopress_robots_index":"","_gspb_post_css":""},"product_brand":[],"product_cat":[15,100,1212,87],"product_tag":[],"class_list":{"0":"post-36347","1":"product","2":"type-product","3":"status-publish","4":"has-post-thumbnail","6":"product_cat-koik-kategooriad","7":"product_cat-lilleseemned","8":"product_cat-mitmesugused","9":"product_cat-seemned","11":"first","12":"instock","13":"taxable","14":"shipping-taxable","15":"purchasable","16":"product-type-simple"},"ct_brands":[],"acf":[],"_links":{"self":[{"href":"https:\/\/agrozone.ee\/en\/wp-json\/wp\/v2\/product\/36347","targetHints":{"allow":["GET"]}}],"collection":[{"href":"https:\/\/agrozone.ee\/en\/wp-json\/wp\/v2\/product"}],"about":[{"href":"https:\/\/agrozone.ee\/en\/wp-json\/wp\/v2\/types\/product"}],"wp:featuredmedia":[{"embeddable":true,"href":"https:\/\/agrozone.ee\/en\/wp-json\/wp\/v2\/media\/36350"}],"wp:attachment":[{"href":"https:\/\/agrozone.ee\/en\/wp-json\/wp\/v2\/media?parent=36347"}],"wp:term":[{"taxonomy":"product_brand","embeddable":true,"href":"https:\/\/agrozone.ee\/en\/wp-json\/wp\/v2\/product_brand?post=36347"},{"taxonomy":"product_cat","embeddable":true,"href":"https:\/\/agrozone.ee\/en\/wp-json\/wp\/v2\/product_cat?post=36347"},{"taxonomy":"product_tag","embeddable":true,"href":"https:\/\/agrozone.ee\/en\/wp-json\/wp\/v2\/product_tag?post=36347"}],"curies":[{"name":"wp","href":"https:\/\/api.w.org\/{rel}","templated":true}]}}