{"id":36367,"date":"2024-09-02T19:08:01","date_gmt":"2024-09-02T16:08:01","guid":{"rendered":"https:\/\/agrozone.ee\/?post_type=product&#038;p=36367"},"modified":"2026-02-05T20:16:33","modified_gmt":"2026-02-05T18:16:33","slug":"vaike-armurohi","status":"publish","type":"product","link":"https:\/\/agrozone.ee\/en\/product\/vaike-armurohi\/","title":{"rendered":"V\u00e4ike Armurohi"},"content":{"rendered":"<p><strong>V\u00e4ike Armurohi &#8211; Eragrostis elegants<\/strong><\/p>\n<ul>\n<li data-sourcepos=\"5:1-5:64\">See \u00fcheaastane dekoratiivne rohttaim kasvab 50 cm k\u00f5rguseks ning on kaunistatud ilusate lehtede ja \u00f5isikutega.<\/li>\n<li data-sourcepos=\"5:1-5:64\">\u00d5itsevad \u00f5isikud loovad lillepeenrasse roosa uduloori efekti.<\/li>\n<li data-sourcepos=\"5:1-5:64\">Sobib istutamiseks \u00e4\u00e4ristena, kasutamiseks naturalistlikes lillepeenardes ning v\u00f5ib istutada ka pottidesse.<\/li>\n<\/ul>\n<p>K\u00fclviaeg mulda: IV-V<br \/>\nKaugused, cm: 30&#215;30<br \/>\n\u00d5itsemisperiood: VII-IX<\/p>\n","protected":false},"excerpt":{"rendered":"<ul>\n<li data-sourcepos=\"5:1-5:64\">See \u00fcheaastane dekoratiivne rohttaim kasvab 50 cm k\u00f5rguseks ning on kaunistatud ilusate lehtede ja \u00f5isikutega.<\/li>\n<li data-sourcepos=\"5:1-5:64\">\u00d5itsevad \u00f5isikud loovad lillepeenrasse roosa uduloori efekti.<\/li>\n<li data-sourcepos=\"5:1-5:64\">Sobib istutamiseks \u00e4\u00e4ristena, kasutamiseks naturalistlikes lillepeenardes ning v\u00f5ib istutada ka pottidesse.<\/li>\n<\/ul>\n","protected":false},"featured_media":36370,"template":"","meta":{"_acf_changed":false,"_seopress_robots_primary_cat":"none","_seopress_titles_title":"","_seopress_titles_desc":"","_seopress_robots_index":"","_gspb_post_css":""},"product_brand":[],"product_cat":[15,100,1212,87],"product_tag":[],"class_list":{"0":"post-36367","1":"product","2":"type-product","3":"status-publish","4":"has-post-thumbnail","6":"product_cat-koik-kategooriad","7":"product_cat-lilleseemned","8":"product_cat-mitmesugused","9":"product_cat-seemned","11":"first","12":"instock","13":"taxable","14":"shipping-taxable","15":"purchasable","16":"product-type-simple"},"ct_brands":[],"acf":[],"_links":{"self":[{"href":"https:\/\/agrozone.ee\/en\/wp-json\/wp\/v2\/product\/36367","targetHints":{"allow":["GET"]}}],"collection":[{"href":"https:\/\/agrozone.ee\/en\/wp-json\/wp\/v2\/product"}],"about":[{"href":"https:\/\/agrozone.ee\/en\/wp-json\/wp\/v2\/types\/product"}],"wp:featuredmedia":[{"embeddable":true,"href":"https:\/\/agrozone.ee\/en\/wp-json\/wp\/v2\/media\/36370"}],"wp:attachment":[{"href":"https:\/\/agrozone.ee\/en\/wp-json\/wp\/v2\/media?parent=36367"}],"wp:term":[{"taxonomy":"product_brand","embeddable":true,"href":"https:\/\/agrozone.ee\/en\/wp-json\/wp\/v2\/product_brand?post=36367"},{"taxonomy":"product_cat","embeddable":true,"href":"https:\/\/agrozone.ee\/en\/wp-json\/wp\/v2\/product_cat?post=36367"},{"taxonomy":"product_tag","embeddable":true,"href":"https:\/\/agrozone.ee\/en\/wp-json\/wp\/v2\/product_tag?post=36367"}],"curies":[{"name":"wp","href":"https:\/\/api.w.org\/{rel}","templated":true}]}}