{"id":38951,"date":"2024-09-19T12:10:45","date_gmt":"2024-09-19T09:10:45","guid":{"rendered":"https:\/\/agrozone.ee\/?post_type=product&#038;p=38951"},"modified":"2026-01-16T12:14:20","modified_gmt":"2026-01-16T10:14:20","slug":"tuvekaitsevork-o6cm-korgus-110cm-valge-8-tk-pakis","status":"publish","type":"product","link":"https:\/\/agrozone.ee\/en\/product\/tuvekaitsevork-o6cm-korgus-110cm-valge-8-tk-pakis\/","title":{"rendered":"T\u00fcvekaitsev\u00f5rk \u00d86cm k\u00f5rgus 110cm valge 8 tk pakis"},"content":{"rendered":"<p>T\u00fcvekaitsev\u00f5rk \u00d86cm, k\u00f5rgus 110cm valge 8 tk pakis<\/p>\n<p>UV-kaitsega, hingav ja painduv t\u00fcvekaitsev\u00f5rk.<\/p>\n<p>V\u00f5rgusilma suurus: 2&#215;3 mm.<\/p>\n<h3>Kasutusjuhend<\/h3>\n<p>Valge t\u00fcvekaitsev\u00f5rk on puut\u00fcvede kaitseks n\u00e4riliste, j\u00e4neste ja metskitsede eest. Kaitseb trimmerdamisel t\u00fcve koort vigastuste eest.<\/p>\n","protected":false},"excerpt":{"rendered":"<p>UV-kaitsega, hingav ja painduv t\u00fcvekaitsev\u00f5rk.<\/p>\n","protected":false},"featured_media":3702,"template":"","meta":{"_acf_changed":false,"_seopress_robots_primary_cat":"none","_seopress_titles_title":"","_seopress_titles_desc":"","_seopress_robots_index":"","_gspb_post_css":""},"product_brand":[],"product_cat":[15,174,112,242],"product_tag":[],"class_list":{"0":"post-38951","1":"product","2":"type-product","3":"status-publish","4":"has-post-thumbnail","6":"product_cat-koik-kategooriad","7":"product_cat-taime-ja-pinnasekatted","8":"product_cat-taimekahjurite-torje","9":"product_cat-tuvekaitsevork","10":"product_shipping_class-ei-mahu-automaati","12":"first","13":"instock","14":"taxable","15":"shipping-taxable","16":"purchasable","17":"product-type-simple"},"ct_brands":[],"acf":[],"_links":{"self":[{"href":"https:\/\/agrozone.ee\/en\/wp-json\/wp\/v2\/product\/38951","targetHints":{"allow":["GET"]}}],"collection":[{"href":"https:\/\/agrozone.ee\/en\/wp-json\/wp\/v2\/product"}],"about":[{"href":"https:\/\/agrozone.ee\/en\/wp-json\/wp\/v2\/types\/product"}],"wp:featuredmedia":[{"embeddable":true,"href":"https:\/\/agrozone.ee\/en\/wp-json\/wp\/v2\/media\/3702"}],"wp:attachment":[{"href":"https:\/\/agrozone.ee\/en\/wp-json\/wp\/v2\/media?parent=38951"}],"wp:term":[{"taxonomy":"product_brand","embeddable":true,"href":"https:\/\/agrozone.ee\/en\/wp-json\/wp\/v2\/product_brand?post=38951"},{"taxonomy":"product_cat","embeddable":true,"href":"https:\/\/agrozone.ee\/en\/wp-json\/wp\/v2\/product_cat?post=38951"},{"taxonomy":"product_tag","embeddable":true,"href":"https:\/\/agrozone.ee\/en\/wp-json\/wp\/v2\/product_tag?post=38951"}],"curies":[{"name":"wp","href":"https:\/\/api.w.org\/{rel}","templated":true}]}}