{"id":39013,"date":"2024-09-26T09:55:27","date_gmt":"2024-09-26T06:55:27","guid":{"rendered":"https:\/\/agrozone.ee\/?post_type=product&#038;p=39013"},"modified":"2026-01-21T23:04:41","modified_gmt":"2026-01-21T21:04:41","slug":"lohna-neutraliseerija-anti-tobacco-fast-fresh-eco","status":"publish","type":"product","link":"https:\/\/agrozone.ee\/en\/product\/lohna-neutraliseerija-anti-tobacco-fast-fresh-eco\/","title":{"rendered":"L\u00f5hna Neutraliseerija &#8211; Anti Tobacco Fast Fresh ECO"},"content":{"rendered":"<p data-sourcepos=\"3:1-3:81\"><strong>ECO Anti Tobacco Fast Fresh \u2013 Teie Kiire Lahendus Ebameeldivate L\u00f5hnade Vastu 50ml<\/strong><\/p>\n<p data-sourcepos=\"5:1-5:3\">ECO Anti Tobacco Fast Fresh on looduslik ja t\u00f5hus l\u00f5hna neutraliseerija, mis k\u00f5rvaldab ebameeldivad l\u00f5hnad teie \u00fcmbrusest. See keskkonnas\u00f5bralik toode on loodud spetsiaalselt tubaka- ja sigaretisuitsu vastu v\u00f5itlemiseks, kuid see toimib suurep\u00e4raselt ka teiste ebameeldivate l\u00f5hnade, nagu lemmikloomade v\u00e4ljaheidete, vana polstri v\u00f5i toiduj\u00e4\u00e4tmete vastu.<\/p>\n<p data-sourcepos=\"7:1-7:193\">Toode on ohutu kasutamiseks k\u00f5ikjal teie kodus, autos v\u00f5i isegi jahil. T\u00e4nu looduslikele koostisosadele ei p\u00f5hjusta see allergiaid ning on seet\u00f5ttu ideaalne valik ka tundlikumatele inimestele.<\/p>\n<p data-sourcepos=\"9:1-9:86\">Unustage ebameeldivad l\u00f5hnad ja nautige v\u00e4rsket ning puhast \u00f5hku k\u00f5ikjal, kuhu l\u00e4hete!<\/p>\n<p data-sourcepos=\"3:1-3:36\"><strong>Neutraliseerib j\u00e4rgmised l\u00f5hnad:<\/strong><\/p>\n<ul data-sourcepos=\"5:1-5:10\">\n<li data-sourcepos=\"5:1-5:10\">Sigaretisuits<\/li>\n<li data-sourcepos=\"6:1-6:19\">V\u00e4rske toidu l\u00f5hn<\/li>\n<li data-sourcepos=\"7:1-7:19\">Vana polstri l\u00f5hn<\/li>\n<li data-sourcepos=\"8:1-9:0\">Muud ebameeldivad l\u00f5hnad<\/li>\n<\/ul>\n<p data-sourcepos=\"10:1-10:6\"><strong>Kasutamine:<\/strong><\/p>\n<p data-sourcepos=\"12:1-12:94\">Pihustage otse l\u00f5hnaallikale, kuid \u00e4rge kandke nahale. Ei ole soovitatav pihustada loomadele.<\/p>\n<p data-sourcepos=\"9:1-9:34\"><strong>Vaco Anti Tobacco&#8217;t saab kasutada:<\/strong><\/p>\n<ul data-sourcepos=\"11:1-13:1\">\n<li data-sourcepos=\"11:1-11:23\">riietel ja kangastel,<\/li>\n<li data-sourcepos=\"12:1-12:11\">vaipadel,<\/li>\n<li data-sourcepos=\"13:1-13:1\">m\u00f6\u00f6blil ja auto polstril,<\/li>\n<li data-sourcepos=\"14:1-15:0\">kassiliiva kaste.<\/li>\n<\/ul>\n<p data-sourcepos=\"16:1-16:31\">Ei m\u00e4\u00e4ri ega pleegita pindasid. Ei sisalda alkoholi ega keemilisi koostisosi. Ohutu inimestele, loomadele ja keskkonnale.<\/p>\n","protected":false},"excerpt":{"rendered":"<p>ECO Anti Tobacco Fast Fresh on looduslik l\u00f5hna neutraliseerija, mis k\u00f5rvaldab t\u00f5husalt tubaka-, toidu- ja muud ebameeldivad l\u00f5hnad.<\/p>\n<p>Ohutu kasutada kodus, autos ja mujal.<\/p>\n","protected":false},"featured_media":39016,"template":"","meta":{"_acf_changed":false,"_seopress_robots_primary_cat":"none","_seopress_titles_title":"ECO L\u00f5hna Neutraliseerija \u2013 T\u00f5hus Lahendus L\u00f5hnadele","_seopress_titles_desc":"ECO Anti Tobacco Fast Fresh on looduslik l\u00f5hna neutraliseerija, mis k\u00f5rvaldab tubaka ja muud ebameeldivad l\u00f5hnad. Ohutu ja t\u00f5hus lahendus!","_seopress_robots_index":"","_gspb_post_css":""},"product_brand":[],"product_cat":[109,149,15],"product_tag":[],"class_list":{"0":"post-39013","1":"product","2":"type-product","3":"status-publish","4":"has-post-thumbnail","6":"product_cat-aia-ja-taimede-kaitse","7":"product_cat-aiatarvikud","8":"product_cat-koik-kategooriad","10":"first","11":"instock","12":"taxable","13":"shipping-taxable","14":"purchasable","15":"product-type-simple"},"ct_brands":[],"acf":[],"_links":{"self":[{"href":"https:\/\/agrozone.ee\/en\/wp-json\/wp\/v2\/product\/39013","targetHints":{"allow":["GET"]}}],"collection":[{"href":"https:\/\/agrozone.ee\/en\/wp-json\/wp\/v2\/product"}],"about":[{"href":"https:\/\/agrozone.ee\/en\/wp-json\/wp\/v2\/types\/product"}],"wp:featuredmedia":[{"embeddable":true,"href":"https:\/\/agrozone.ee\/en\/wp-json\/wp\/v2\/media\/39016"}],"wp:attachment":[{"href":"https:\/\/agrozone.ee\/en\/wp-json\/wp\/v2\/media?parent=39013"}],"wp:term":[{"taxonomy":"product_brand","embeddable":true,"href":"https:\/\/agrozone.ee\/en\/wp-json\/wp\/v2\/product_brand?post=39013"},{"taxonomy":"product_cat","embeddable":true,"href":"https:\/\/agrozone.ee\/en\/wp-json\/wp\/v2\/product_cat?post=39013"},{"taxonomy":"product_tag","embeddable":true,"href":"https:\/\/agrozone.ee\/en\/wp-json\/wp\/v2\/product_tag?post=39013"}],"curies":[{"name":"wp","href":"https:\/\/api.w.org\/{rel}","templated":true}]}}