{"id":39166,"date":"2024-10-02T12:26:59","date_gmt":"2024-10-02T09:26:59","guid":{"rendered":"https:\/\/agrozone.ee\/?post_type=product&#038;p=39166"},"modified":"2026-02-15T11:57:56","modified_gmt":"2026-02-15T09:57:56","slug":"linnusoogimaja-seemnetele-kandiline-h-45-cm","status":"publish","type":"product","link":"https:\/\/agrozone.ee\/en\/product\/linnusoogimaja-seemnetele-kandiline-h-45-cm\/","title":{"rendered":"Linnus\u00f6\u00f6gimaja seemnetele (kandiline) h 45 cm"},"content":{"rendered":"<p>Linnus\u00f6\u00f6gimaja seemnetele (kandiline) h 45 cm, 25\u00d725 cm<\/p>\n<p>Suur kandiline linnus\u00f6\u00f6gimaja on ideaalne lahendus lindude toitmiseks aastaringselt.<\/p>\n<p>Lihtsalt avatav ja t\u00e4idetav konstruktsioon teeb hoolduse mugavaks.<\/p>\n<p>S\u00f6\u00f6gimaja on valmistatud vastupidavast materjalist ning kaetud pulberv\u00e4rviga, mis kaitseb seda ilmastikuolude eest.<\/p>\n<p>Komplektis on kinnitusn\u00f6\u00f6r, mille abil saab s\u00f6\u00f6gimaja h\u00f5lpsasti riputada.<\/p>\n<p>Varustatud kinnitusn\u00f6\u00f6riga. Kaetud pulberv\u00e4rviga. Tugevast materjalist.<\/p>\n","protected":false},"excerpt":{"rendered":"<ul>\n<li>Suur ja vastupidav linnus\u00f6\u00f6gimaja seemnetele.<\/li>\n<li>Lihtne t\u00e4ita ja hooldada.<\/li>\n<li>Kaasas kinnitusn\u00f6\u00f6r.<\/li>\n<\/ul>\n","protected":false},"featured_media":39169,"template":"","meta":{"_acf_changed":false,"_seopress_robots_primary_cat":"none","_seopress_titles_title":"Vastupidav linnus\u00f6\u00f6gimaja seemnetele - 45 cm","_seopress_titles_desc":"Suur ja praktiline linnus\u00f6\u00f6gimaja seemnetele. Lihtne t\u00e4ita ja hooldada, ideaalne lindude toitmiseks aastaringselt. Kinnitusn\u00f6\u00f6r kaasas.","_seopress_robots_index":"","_gspb_post_css":""},"product_brand":[],"product_cat":[15,137,144],"product_tag":[],"class_list":{"0":"post-39166","1":"product","2":"type-product","3":"status-publish","4":"has-post-thumbnail","6":"product_cat-koik-kategooriad","7":"product_cat-lindudele","8":"product_cat-linnutoidumajad","10":"first","11":"instock","12":"taxable","13":"shipping-taxable","14":"purchasable","15":"product-type-simple"},"ct_brands":[],"acf":[],"_links":{"self":[{"href":"https:\/\/agrozone.ee\/en\/wp-json\/wp\/v2\/product\/39166","targetHints":{"allow":["GET"]}}],"collection":[{"href":"https:\/\/agrozone.ee\/en\/wp-json\/wp\/v2\/product"}],"about":[{"href":"https:\/\/agrozone.ee\/en\/wp-json\/wp\/v2\/types\/product"}],"wp:featuredmedia":[{"embeddable":true,"href":"https:\/\/agrozone.ee\/en\/wp-json\/wp\/v2\/media\/39169"}],"wp:attachment":[{"href":"https:\/\/agrozone.ee\/en\/wp-json\/wp\/v2\/media?parent=39166"}],"wp:term":[{"taxonomy":"product_brand","embeddable":true,"href":"https:\/\/agrozone.ee\/en\/wp-json\/wp\/v2\/product_brand?post=39166"},{"taxonomy":"product_cat","embeddable":true,"href":"https:\/\/agrozone.ee\/en\/wp-json\/wp\/v2\/product_cat?post=39166"},{"taxonomy":"product_tag","embeddable":true,"href":"https:\/\/agrozone.ee\/en\/wp-json\/wp\/v2\/product_tag?post=39166"}],"curies":[{"name":"wp","href":"https:\/\/api.w.org\/{rel}","templated":true}]}}