{"id":39561,"date":"2024-10-07T13:14:23","date_gmt":"2024-10-07T10:14:23","guid":{"rendered":"https:\/\/agrozone.ee\/?post_type=product&#038;p=39561"},"modified":"2025-08-05T11:54:23","modified_gmt":"2025-08-05T09:54:23","slug":"magus-minipaprika-terrazzi-f1","status":"publish","type":"product","link":"https:\/\/agrozone.ee\/en\/product\/magus-minipaprika-terrazzi-f1\/","title":{"rendered":"Magus minipaprika &#8216;Terrazzi&#8217; F1"},"content":{"rendered":"<p><strong>Capsicum annuum L.<\/strong><\/p>\n<ul>\n<li class=\"plained\">V\u00e4ikeste magusate oran\u017eikaskollaste viljadega suupistepaprika.<\/li>\n<li class=\"plained\">Saagikas ja kompaktne sort.<\/li>\n<li class=\"plained\">Sobib h\u00e4sti potis ja r\u00f5dukonteinerites kasvatamiseks.<\/li>\n<li class=\"plained\">Vastupidav haigustele.<\/li>\n<\/ul>\n<p>K\u00dcLVIAEG.<\/p>\n<ul>\n<li>K\u00fclvatakse veebruarist aprillini.<\/li>\n<li>Kasvuhoonesse istutatakse aprillis-mais, avamaale mais-juunis peale \u00f6\u00f6k\u00fclmade m\u00f6\u00f6dumist.<\/li>\n<li>Taimede vahe: 30 cm, ridade vahe 70 cm.<\/li>\n<\/ul>\n","protected":false},"excerpt":{"rendered":"<ul>\n<li class=\"plained\">V\u00e4ikeste magusate oran\u017eikaskollaste viljadega suupistepaprika.<\/li>\n<li class=\"plained\">Saagikas ja kompaktne sort.<\/li>\n<li class=\"plained\">Sobib h\u00e4sti potis ja r\u00f5dukonteinerites kasvatamiseks.<\/li>\n<li class=\"plained\">Vastupidav haigustele.<\/li>\n<\/ul>\n","protected":false},"featured_media":39905,"template":"","meta":{"_acf_changed":false,"_seopress_robots_primary_cat":"none","_seopress_titles_title":"Magus minipaprika \u2018Terrazzi\u2019 F1 - Saagikas ja kompaktne","_seopress_titles_desc":"Tutvu magusa minipaprika \u2018Terrazzi\u2019 F1 omadustega. Saagikas, kompaktne ja haigustele vastupidav, ideaalne potis kasvatamiseks.","_seopress_robots_index":"","_gspb_post_css":""},"product_brand":[],"product_cat":[15,88,369,87],"product_tag":[],"class_list":{"0":"post-39561","1":"product","2":"type-product","3":"status-publish","4":"has-post-thumbnail","6":"product_cat-koik-kategooriad","7":"product_cat-koogiviljaseemned","8":"product_cat-paprika-tsillipaprika","9":"product_cat-seemned","11":"first","12":"instock","13":"featured","14":"taxable","15":"shipping-taxable","16":"purchasable","17":"product-type-simple"},"ct_brands":[],"acf":[],"_links":{"self":[{"href":"https:\/\/agrozone.ee\/en\/wp-json\/wp\/v2\/product\/39561","targetHints":{"allow":["GET"]}}],"collection":[{"href":"https:\/\/agrozone.ee\/en\/wp-json\/wp\/v2\/product"}],"about":[{"href":"https:\/\/agrozone.ee\/en\/wp-json\/wp\/v2\/types\/product"}],"wp:featuredmedia":[{"embeddable":true,"href":"https:\/\/agrozone.ee\/en\/wp-json\/wp\/v2\/media\/39905"}],"wp:attachment":[{"href":"https:\/\/agrozone.ee\/en\/wp-json\/wp\/v2\/media?parent=39561"}],"wp:term":[{"taxonomy":"product_brand","embeddable":true,"href":"https:\/\/agrozone.ee\/en\/wp-json\/wp\/v2\/product_brand?post=39561"},{"taxonomy":"product_cat","embeddable":true,"href":"https:\/\/agrozone.ee\/en\/wp-json\/wp\/v2\/product_cat?post=39561"},{"taxonomy":"product_tag","embeddable":true,"href":"https:\/\/agrozone.ee\/en\/wp-json\/wp\/v2\/product_tag?post=39561"}],"curies":[{"name":"wp","href":"https:\/\/api.w.org\/{rel}","templated":true}]}}