{"id":39564,"date":"2024-10-07T13:15:55","date_gmt":"2024-10-07T10:15:55","guid":{"rendered":"https:\/\/agrozone.ee\/?post_type=product&#038;p=39564"},"modified":"2025-08-26T11:00:12","modified_gmt":"2025-08-26T09:00:12","slug":"punapeet-cardeal-f1-seemnelindil","status":"publish","type":"product","link":"https:\/\/agrozone.ee\/en\/product\/punapeet-cardeal-f1-seemnelindil\/","title":{"rendered":"Punapeet &#8216;Cardeal&#8217; F1 seemnelindil"},"content":{"rendered":"<p><strong>Beta vulgaris ssp. esculenta var. rubra<\/strong><\/p>\n<ul>\n<li class=\"plained\">Peediseemned seemnelindil, lihtne kasvatada.<\/li>\n<li class=\"plained\">Keskvarajane, k\u00f5rge suhkrusisaldusega ja v\u00e4ga hea s\u00e4ilivusega sort.<\/li>\n<li class=\"plained\">\u00dchtlased tumepunased \u00fcmarad viljad.<\/li>\n<li class=\"plained\">Sobib v\u00e4rskelt tarvitamiseks, s\u00e4ilitamiseks ja t\u00f6\u00f6tlemiseks.<\/li>\n<li class=\"plained\">Suurep\u00e4rane sort beebipeediks.<\/li>\n<\/ul>\n<p>K\u00dcLVIAEG.<\/p>\n<ul>\n<li>K\u00fclvatakse avamaale maist juunini.<\/li>\n<li>K\u00fclvis\u00fcgavus: 2 cm<\/li>\n<\/ul>\n","protected":false},"excerpt":{"rendered":"<ul>\n<li class=\"plained\">Peediseemned seemnelindil, lihtne kasvatada.<\/li>\n<li class=\"plained\">Keskvarajane, k\u00f5rge suhkrusisaldusega ja v\u00e4ga hea s\u00e4ilivusega sort.<\/li>\n<li class=\"plained\">\u00dchtlased tumepunased \u00fcmarad viljad.<\/li>\n<\/ul>\n","protected":false},"featured_media":39902,"template":"","meta":{"_acf_changed":false,"_seopress_robots_primary_cat":"none","_seopress_titles_title":"Punapeet \u2018Cardeal\u2019 F1: Lihtne kasvatada ja maitsev","_seopress_titles_desc":"Punapeet \u2018Cardeal\u2019 F1 seemned on keskvarajased ja k\u00f5rge suhkrusisaldusega. Ideaalne v\u00e4rskeks tarvitamiseks ja s\u00e4ilitamiseks.","_seopress_robots_index":"","_gspb_post_css":""},"product_brand":[],"product_cat":[15,88,388,87],"product_tag":[2528],"class_list":{"0":"post-39564","1":"product","2":"type-product","3":"status-publish","4":"has-post-thumbnail","6":"product_cat-koik-kategooriad","7":"product_cat-koogiviljaseemned","8":"product_cat-peet","9":"product_cat-seemned","10":"product_tag-seemnelint","12":"first","13":"instock","14":"taxable","15":"shipping-taxable","16":"purchasable","17":"product-type-simple"},"ct_brands":[],"acf":[],"_links":{"self":[{"href":"https:\/\/agrozone.ee\/en\/wp-json\/wp\/v2\/product\/39564","targetHints":{"allow":["GET"]}}],"collection":[{"href":"https:\/\/agrozone.ee\/en\/wp-json\/wp\/v2\/product"}],"about":[{"href":"https:\/\/agrozone.ee\/en\/wp-json\/wp\/v2\/types\/product"}],"wp:featuredmedia":[{"embeddable":true,"href":"https:\/\/agrozone.ee\/en\/wp-json\/wp\/v2\/media\/39902"}],"wp:attachment":[{"href":"https:\/\/agrozone.ee\/en\/wp-json\/wp\/v2\/media?parent=39564"}],"wp:term":[{"taxonomy":"product_brand","embeddable":true,"href":"https:\/\/agrozone.ee\/en\/wp-json\/wp\/v2\/product_brand?post=39564"},{"taxonomy":"product_cat","embeddable":true,"href":"https:\/\/agrozone.ee\/en\/wp-json\/wp\/v2\/product_cat?post=39564"},{"taxonomy":"product_tag","embeddable":true,"href":"https:\/\/agrozone.ee\/en\/wp-json\/wp\/v2\/product_tag?post=39564"}],"curies":[{"name":"wp","href":"https:\/\/api.w.org\/{rel}","templated":true}]}}