{"id":39567,"date":"2024-10-07T13:17:52","date_gmt":"2024-10-07T10:17:52","guid":{"rendered":"https:\/\/agrozone.ee\/?post_type=product&#038;p=39567"},"modified":"2025-08-26T11:05:17","modified_gmt":"2025-08-26T09:05:17","slug":"lehtsalatite-segu-seemnelindil","status":"publish","type":"product","link":"https:\/\/agrozone.ee\/en\/product\/lehtsalatite-segu-seemnelindil\/","title":{"rendered":"Lehtsalatite segu seemnelindil"},"content":{"rendered":"<p><strong>Lactuca sativa L<\/strong><\/p>\n<ul>\n<li class=\"plained\">Lehtsalat seemnelindil &#8211; lihtne kasvatada, ei vaja harvendamist.<\/li>\n<li class=\"plained\">Erinevate kujude ja tekstuuridega salatilehed, nii rohelise- kui ka punaselehelised.<\/li>\n<li class=\"plained\">K\u00fclva kevadest s\u00fcgiseni 3-n\u00e4dalase intervalliga, et saada pidevalt v\u00e4rskeid noori lehti.<\/li>\n<li class=\"plained\">V\u00f5ib kasvatada ka r\u00f5dukastis.<\/li>\n<li class=\"plained\">Kasvab h\u00e4sti p\u00e4ikesepaistelises kasvukohas, huumusrikkal niiskemal n\u00f5rgalt happelisel (pH 5,8-6,5) mullal.<\/li>\n<li class=\"plained\">Salatitaimed taluvad \u00f6\u00f6k\u00fclma kuni -5 kraadi.<\/li>\n<\/ul>\n<p>K\u00dcLVIAEG.<\/p>\n<ul>\n<li>K\u00fclvatakse avamaale aprillist septembrini.<\/li>\n<li>Kasvab h\u00e4sti p\u00e4ikesepaistelises kasvukohas, huumusrikkal niiskemal n\u00f5rgalt happelisel (pH 5,8-6,5) mullal.<\/li>\n<li>Salatitaimed taluvad \u00f6\u00f6k\u00fclma kuni -5 kraadi.<\/li>\n<\/ul>\n","protected":false},"excerpt":{"rendered":"<ul>\n<li class=\"plained\">Lehtsalat seemnelindil &#8211; lihtne kasvatada, ei vaja harvendamist.<\/li>\n<li class=\"plained\">Erinevate kujude ja tekstuuridega salatilehed, nii rohelise- kui ka punaselehelised.<\/li>\n<li class=\"plained\">K\u00fclva kevadest s\u00fcgiseni 3-n\u00e4dalase intervalliga, et saada pidevalt v\u00e4rskeid noori lehti.<\/li>\n<li class=\"plained\">V\u00f5ib kasvatada ka r\u00f5dukastis.<\/li>\n<\/ul>\n","protected":false},"featured_media":39677,"template":"","meta":{"_acf_changed":false,"_seopress_robots_primary_cat":"none","_seopress_titles_title":"Lihtne lehtsalat seemnelindil - v\u00e4rsked salatilehed","_seopress_titles_desc":"Lehtsalat seemnelindil on lihtne kasvatada. K\u00fclva kevadest s\u00fcgiseni ja naudi v\u00e4rskeid noori lehti igal ajal.","_seopress_robots_index":"","_gspb_post_css":""},"product_brand":[],"product_cat":[15,88,336,87],"product_tag":[2528],"class_list":{"0":"post-39567","1":"product","2":"type-product","3":"status-publish","4":"has-post-thumbnail","6":"product_cat-koik-kategooriad","7":"product_cat-koogiviljaseemned","8":"product_cat-salatid-ja-muud","9":"product_cat-seemned","10":"product_tag-seemnelint","12":"first","13":"instock","14":"taxable","15":"shipping-taxable","16":"purchasable","17":"product-type-simple"},"ct_brands":[],"acf":[],"_links":{"self":[{"href":"https:\/\/agrozone.ee\/en\/wp-json\/wp\/v2\/product\/39567","targetHints":{"allow":["GET"]}}],"collection":[{"href":"https:\/\/agrozone.ee\/en\/wp-json\/wp\/v2\/product"}],"about":[{"href":"https:\/\/agrozone.ee\/en\/wp-json\/wp\/v2\/types\/product"}],"wp:featuredmedia":[{"embeddable":true,"href":"https:\/\/agrozone.ee\/en\/wp-json\/wp\/v2\/media\/39677"}],"wp:attachment":[{"href":"https:\/\/agrozone.ee\/en\/wp-json\/wp\/v2\/media?parent=39567"}],"wp:term":[{"taxonomy":"product_brand","embeddable":true,"href":"https:\/\/agrozone.ee\/en\/wp-json\/wp\/v2\/product_brand?post=39567"},{"taxonomy":"product_cat","embeddable":true,"href":"https:\/\/agrozone.ee\/en\/wp-json\/wp\/v2\/product_cat?post=39567"},{"taxonomy":"product_tag","embeddable":true,"href":"https:\/\/agrozone.ee\/en\/wp-json\/wp\/v2\/product_tag?post=39567"}],"curies":[{"name":"wp","href":"https:\/\/api.w.org\/{rel}","templated":true}]}}