{"id":39570,"date":"2024-10-07T13:20:54","date_gmt":"2024-10-07T10:20:54","guid":{"rendered":"https:\/\/agrozone.ee\/?post_type=product&#038;p=39570"},"modified":"2025-08-26T11:07:58","modified_gmt":"2025-08-26T09:07:58","slug":"aasia-lehtkoogiviljade-segu-seemnelindil","status":"publish","type":"product","link":"https:\/\/agrozone.ee\/en\/product\/aasia-lehtkoogiviljade-segu-seemnelindil\/","title":{"rendered":"Aasia lehtk\u00f6\u00f6giviljade segu seemnelindil"},"content":{"rendered":"<p>&nbsp;<\/p>\n<ul>\n<li class=\"plained\">Seemnelindil erinevad aasia k\u00f6\u00f6gis tuntud lehtk\u00f6\u00f6giviljad:\n<ul>\n<li class=\"plained\">misuuna ehk jaapani lehtnaeris,<\/li>\n<li class=\"plained\">mibuuna ehk kioto lehtnaeris,<\/li>\n<li class=\"plained\">paksoi ehk hiina lehtnaeris,<\/li>\n<li class=\"plained\">tatsoi ehk hiina kodariknaeris,<\/li>\n<li class=\"plained\">punane ja roheline lehtsinep.<\/li>\n<\/ul>\n<\/li>\n<li class=\"plained\">Atraktiivse kuju ja pikantse maitsega.<\/li>\n<li class=\"plained\">Kerge kasvatada, idanevad kiiresti.<\/li>\n<li class=\"plained\">V\u00f5ib kasvatada ka r\u00f5dukastis.<\/li>\n<\/ul>\n<p>&nbsp;<\/p>\n<p>K\u00dcLVIAEG.<\/p>\n<ul>\n<li class=\"plained\">K\u00fclvatakse avamaale aprillist septembrini.<\/li>\n<li class=\"plained\">Kasvavad h\u00e4sti kobedal viljakal mulla ja vajavad palju niiskust.<\/li>\n<li class=\"plained\">Tehke kordusk\u00fclve paarin\u00e4dalase vahega, et saada pidevalt v\u00e4rskeid noori lehti.<\/li>\n<\/ul>\n","protected":false},"excerpt":{"rendered":"<ul>\n<li class=\"plained\">Seemnelindil erinevad aasia k\u00f6\u00f6gis tuntud lehtk\u00f6\u00f6giviljad.<\/li>\n<li class=\"plained\">Atraktiivse kuju ja pikantse maitsega.<\/li>\n<li class=\"plained\">Kerge kasvatada, idanevad kiiresti.<\/li>\n<li class=\"plained\">V\u00f5ib kasvatada ka r\u00f5dukastis.<\/li>\n<\/ul>\n","protected":false},"featured_media":39891,"template":"","meta":{"_acf_changed":false,"_seopress_robots_primary_cat":"none","_seopress_titles_title":"Aasia lehtk\u00f6\u00f6giviljade segu seemnelindil","_seopress_titles_desc":"Tutvu erinevate aasia lehtk\u00f6\u00f6giviljadega seemnelindil. Lihtne kasvatada ja ideaalne r\u00f5dukastidesse. K\u00fclviaeg aprillist septembrini.","_seopress_robots_index":"","_gspb_post_css":""},"product_brand":[],"product_cat":[15,88,336,87],"product_tag":[2528],"class_list":{"0":"post-39570","1":"product","2":"type-product","3":"status-publish","4":"has-post-thumbnail","6":"product_cat-koik-kategooriad","7":"product_cat-koogiviljaseemned","8":"product_cat-salatid-ja-muud","9":"product_cat-seemned","10":"product_tag-seemnelint","12":"first","13":"instock","14":"taxable","15":"shipping-taxable","16":"purchasable","17":"product-type-simple"},"ct_brands":[],"acf":[],"_links":{"self":[{"href":"https:\/\/agrozone.ee\/en\/wp-json\/wp\/v2\/product\/39570","targetHints":{"allow":["GET"]}}],"collection":[{"href":"https:\/\/agrozone.ee\/en\/wp-json\/wp\/v2\/product"}],"about":[{"href":"https:\/\/agrozone.ee\/en\/wp-json\/wp\/v2\/types\/product"}],"wp:featuredmedia":[{"embeddable":true,"href":"https:\/\/agrozone.ee\/en\/wp-json\/wp\/v2\/media\/39891"}],"wp:attachment":[{"href":"https:\/\/agrozone.ee\/en\/wp-json\/wp\/v2\/media?parent=39570"}],"wp:term":[{"taxonomy":"product_brand","embeddable":true,"href":"https:\/\/agrozone.ee\/en\/wp-json\/wp\/v2\/product_brand?post=39570"},{"taxonomy":"product_cat","embeddable":true,"href":"https:\/\/agrozone.ee\/en\/wp-json\/wp\/v2\/product_cat?post=39570"},{"taxonomy":"product_tag","embeddable":true,"href":"https:\/\/agrozone.ee\/en\/wp-json\/wp\/v2\/product_tag?post=39570"}],"curies":[{"name":"wp","href":"https:\/\/api.w.org\/{rel}","templated":true}]}}