{"id":39573,"date":"2024-10-07T13:27:45","date_gmt":"2024-10-07T10:27:45","guid":{"rendered":"https:\/\/agrozone.ee\/?post_type=product&#038;p=39573"},"modified":"2025-10-16T10:10:21","modified_gmt":"2025-10-16T08:10:21","slug":"tilli-peterselli-basiiliku-seemnekettad","status":"publish","type":"product","link":"https:\/\/agrozone.ee\/en\/product\/tilli-peterselli-basiiliku-seemnekettad\/","title":{"rendered":"Tilli, peterselli, basiiliku seemnekettad"},"content":{"rendered":"<p><strong>Anethum graveolens (Mammut), Petroselinum crispum (Gigante d\u02c7Italia), Ocimum basilicum (Genovese)<\/strong><\/p>\n<ul>\n<li class=\"plained\">Pakendis 3 maitsetaimede seemneketast l\u00e4bim\u00f5\u00f5duga 8 cm:\n<ul>\n<li class=\"plained\">p\u00f5\u00f5sastill<\/li>\n<li class=\"plained\">lehtpetersell<\/li>\n<li class=\"plained\">klassikaline suurte lehtedega Itaalia basiilik.<\/li>\n<\/ul>\n<\/li>\n<li class=\"plained\">Sobivad aknalaual, r\u00f5dul, terrassil kasvatamiseks.<\/li>\n<\/ul>\n<p>&nbsp;<\/p>\n<ul>\n<li class=\"plained\">Aseta iga ketas eraldi 10-12 cm l\u00e4bim\u00f5\u00f5duga potti niiskele mullale, kata \u00f5hukese mullakihiga, basiiliku ketas j\u00e4ta katmata.<\/li>\n<\/ul>\n","protected":false},"excerpt":{"rendered":"<ul>\n<li class=\"plained\">Pakendis 3 maitsetaimede seemneketast l\u00e4bim\u00f5\u00f5duga 8 cm:\n<ul>\n<li class=\"plained\">p\u00f5\u00f5sastill<\/li>\n<li class=\"plained\">lehtpetersell<\/li>\n<li class=\"plained\">klassikaline suurte lehtedega Itaalia basiilik.<\/li>\n<\/ul>\n<\/li>\n<li class=\"plained\">Sobivad aknalaual, r\u00f5dul, terrassil kasvatamiseks.<\/li>\n<\/ul>\n","protected":false},"featured_media":39888,"template":"","meta":{"_acf_changed":false,"_seopress_robots_primary_cat":"none","_seopress_titles_title":"Maitsetaimede seemnekettad - Tilli, Petersell, Basiilik","_seopress_titles_desc":"Osta maitsetaimede seemnekettad: till, petersell ja basiilik. Ideaalne aknalauale, r\u00f5dule v\u00f5i terrassile kasvatamiseks. Pakendis 3 ketast.","_seopress_robots_index":"","_gspb_post_css":""},"product_brand":[],"product_cat":[89,324,15,88,375,336,87],"product_tag":[2529],"class_list":{"0":"post-39573","1":"product","2":"type-product","3":"status-publish","4":"has-post-thumbnail","6":"product_cat-aedtill","7":"product_cat-basiilik","8":"product_cat-koik-kategooriad","9":"product_cat-koogiviljaseemned","10":"product_cat-petersell","11":"product_cat-salatid-ja-muud","12":"product_cat-seemned","13":"product_tag-seemnekettas","15":"first","16":"instock","17":"taxable","18":"shipping-taxable","19":"purchasable","20":"product-type-simple"},"ct_brands":[],"acf":[],"_links":{"self":[{"href":"https:\/\/agrozone.ee\/en\/wp-json\/wp\/v2\/product\/39573","targetHints":{"allow":["GET"]}}],"collection":[{"href":"https:\/\/agrozone.ee\/en\/wp-json\/wp\/v2\/product"}],"about":[{"href":"https:\/\/agrozone.ee\/en\/wp-json\/wp\/v2\/types\/product"}],"wp:featuredmedia":[{"embeddable":true,"href":"https:\/\/agrozone.ee\/en\/wp-json\/wp\/v2\/media\/39888"}],"wp:attachment":[{"href":"https:\/\/agrozone.ee\/en\/wp-json\/wp\/v2\/media?parent=39573"}],"wp:term":[{"taxonomy":"product_brand","embeddable":true,"href":"https:\/\/agrozone.ee\/en\/wp-json\/wp\/v2\/product_brand?post=39573"},{"taxonomy":"product_cat","embeddable":true,"href":"https:\/\/agrozone.ee\/en\/wp-json\/wp\/v2\/product_cat?post=39573"},{"taxonomy":"product_tag","embeddable":true,"href":"https:\/\/agrozone.ee\/en\/wp-json\/wp\/v2\/product_tag?post=39573"}],"curies":[{"name":"wp","href":"https:\/\/api.w.org\/{rel}","templated":true}]}}