{"id":39576,"date":"2024-10-07T13:29:27","date_gmt":"2024-10-07T10:29:27","guid":{"rendered":"https:\/\/agrozone.ee\/?post_type=product&#038;p=39576"},"modified":"2025-08-26T11:14:33","modified_gmt":"2025-08-26T09:14:33","slug":"murulaugu-tuumiani-pune-seemnekettad","status":"publish","type":"product","link":"https:\/\/agrozone.ee\/en\/product\/murulaugu-tuumiani-pune-seemnekettad\/","title":{"rendered":"Murulaugu, t\u00fc\u00fcmiani, pune seemnekettad"},"content":{"rendered":"<p><strong>Allium schoenoprasum, Thymus vulgaris, Origanum syriacum<\/strong><\/p>\n<ul>\n<li class=\"plained\">Pakendis 3 maitsetaimede seemneketast l\u00e4bim\u00f5\u00f5duga 8 cm:\n<ul>\n<li class=\"plained\">1) murulauk<\/li>\n<li class=\"plained\">2) t\u00fc\u00fcmian<\/li>\n<li class=\"plained\">3) pune.<\/li>\n<\/ul>\n<\/li>\n<li>Sobivad aknalaual, r\u00f5dul, terrassil, kasvuhoones kasvatamiseks.<\/li>\n<\/ul>\n<p>&nbsp;<\/p>\n<ul>\n<li>Aseta iga ketas eraldi 10-12 cm l\u00e4bim\u00f5\u00f5duga potti niiske mulla peale, suru mulla vastu.<\/li>\n<li>Murulaugu ketas kata \u00f5hukese mullakihiga.<\/li>\n<li>Hoia k\u00fclvid niiskena.<\/li>\n<\/ul>\n","protected":false},"excerpt":{"rendered":"<ul>\n<li class=\"plained\">Pakendis 3 maitsetaimede seemneketast l\u00e4bim\u00f5\u00f5duga 8 cm:\n<ul>\n<li class=\"plained\">1) murulauk<\/li>\n<li class=\"plained\">2) t\u00fc\u00fcmian<\/li>\n<li class=\"plained\">3) pune.<\/li>\n<\/ul>\n<\/li>\n<li>Sobivad aknalaual, r\u00f5dul, terrassil, kasvuhoones kasvatamiseks.<\/li>\n<\/ul>\n","protected":false},"featured_media":39884,"template":"","meta":{"_acf_changed":false,"_seopress_robots_primary_cat":"none","_seopress_titles_title":"Maitsetaimede seemnekettad - Murulauk, T\u00fc\u00fcmian, Pune","_seopress_titles_desc":"Osta 3 maitsetaimede seemnekettad: murulauk, t\u00fc\u00fcmian ja pune. Ideaalne aknalaual, r\u00f5dul v\u00f5i kasvuhoones kasvatamiseks.","_seopress_robots_index":"","_gspb_post_css":""},"product_brand":[],"product_cat":[15,88,336,87],"product_tag":[2529],"class_list":{"0":"post-39576","1":"product","2":"type-product","3":"status-publish","4":"has-post-thumbnail","6":"product_cat-koik-kategooriad","7":"product_cat-koogiviljaseemned","8":"product_cat-salatid-ja-muud","9":"product_cat-seemned","10":"product_tag-seemnekettas","12":"first","13":"instock","14":"taxable","15":"shipping-taxable","16":"purchasable","17":"product-type-simple"},"ct_brands":[],"acf":[],"_links":{"self":[{"href":"https:\/\/agrozone.ee\/en\/wp-json\/wp\/v2\/product\/39576","targetHints":{"allow":["GET"]}}],"collection":[{"href":"https:\/\/agrozone.ee\/en\/wp-json\/wp\/v2\/product"}],"about":[{"href":"https:\/\/agrozone.ee\/en\/wp-json\/wp\/v2\/types\/product"}],"wp:featuredmedia":[{"embeddable":true,"href":"https:\/\/agrozone.ee\/en\/wp-json\/wp\/v2\/media\/39884"}],"wp:attachment":[{"href":"https:\/\/agrozone.ee\/en\/wp-json\/wp\/v2\/media?parent=39576"}],"wp:term":[{"taxonomy":"product_brand","embeddable":true,"href":"https:\/\/agrozone.ee\/en\/wp-json\/wp\/v2\/product_brand?post=39576"},{"taxonomy":"product_cat","embeddable":true,"href":"https:\/\/agrozone.ee\/en\/wp-json\/wp\/v2\/product_cat?post=39576"},{"taxonomy":"product_tag","embeddable":true,"href":"https:\/\/agrozone.ee\/en\/wp-json\/wp\/v2\/product_tag?post=39576"}],"curies":[{"name":"wp","href":"https:\/\/api.w.org\/{rel}","templated":true}]}}