{"id":39579,"date":"2024-10-07T13:30:56","date_gmt":"2024-10-07T10:30:56","guid":{"rendered":"https:\/\/agrozone.ee\/?post_type=product&#038;p=39579"},"modified":"2025-08-26T11:13:48","modified_gmt":"2025-08-26T09:13:48","slug":"rohelise-punase-sidrunbasiiliku-seemnekettad","status":"publish","type":"product","link":"https:\/\/agrozone.ee\/en\/product\/rohelise-punase-sidrunbasiiliku-seemnekettad\/","title":{"rendered":"Rohelise, punase, sidrunbasiiliku seemnekettad"},"content":{"rendered":"<p class=\"firstHeading mw-first-heading\"><strong>Ocimum basilicum (Genovese),\u00a0<\/strong><strong>Ocimum basilicum (Red Shiraz), <\/strong><strong>Ocimum basilicum var. citriodora<\/strong><\/p>\n<p><em>Basiilik on piparm\u00fcndi perekonda kuuluv \u00fcrt.<\/em><\/p>\n<ul>\n<li class=\"plained\">Pakendis kolme erineva basiiliku seemneketast l\u00e4bim\u00f5\u00f5duga 8 cm:\n<ul>\n<li class=\"plained\">klassikaline suurte lehtedega Itaalia basiilik<\/li>\n<li class=\"plained\">punaseleheline basiilik<\/li>\n<li class=\"plained\">sidrunbasiilik<\/li>\n<\/ul>\n<\/li>\n<li>Sobivad aknalaual, r\u00f5dul, terrassil, kasvuhoones kasvatamiseks.<\/li>\n<\/ul>\n<p>&nbsp;<\/p>\n<ul>\n<li>Aseta iga ketas eraldi 10-12 cm l\u00e4bim\u00f5\u00f5duga potti niiske mulla peale, suru mulla vastu.<\/li>\n<li>Hoia k\u00fclvid niiskena.<\/li>\n<\/ul>\n","protected":false},"excerpt":{"rendered":"<ul>\n<li class=\"plained\">Pakendis kolme erineva basiiliku seemneketast l\u00e4bim\u00f5\u00f5duga 8 cm:\n<ul>\n<li class=\"plained\">klassikaline suurte lehtedega Itaalia basiilik<\/li>\n<li class=\"plained\">punaseleheline basiilik<\/li>\n<li class=\"plained\">sidrunbasiilik<\/li>\n<\/ul>\n<\/li>\n<li>Sobivad aknalaual, r\u00f5dul, terrassil, kasvuhoones kasvatamiseks.<\/li>\n<\/ul>\n","protected":false},"featured_media":39881,"template":"","meta":{"_acf_changed":false,"_seopress_robots_primary_cat":"none","_seopress_titles_title":"Basiiliku seemnekettad - Roheline, Punane ja Sidrun","_seopress_titles_desc":"Kolm erinevat basiiliku seemnekettast aknalauale, r\u00f5dule v\u00f5i kasvuhoones kasvatamiseks. Ideaalne valik igale aiandushuvilisele.","_seopress_robots_index":"","_gspb_post_css":""},"product_brand":[],"product_cat":[324,15,88,87],"product_tag":[2529],"class_list":{"0":"post-39579","1":"product","2":"type-product","3":"status-publish","4":"has-post-thumbnail","6":"product_cat-basiilik","7":"product_cat-koik-kategooriad","8":"product_cat-koogiviljaseemned","9":"product_cat-seemned","10":"product_tag-seemnekettas","12":"first","13":"instock","14":"taxable","15":"shipping-taxable","16":"purchasable","17":"product-type-simple"},"ct_brands":[],"acf":[],"_links":{"self":[{"href":"https:\/\/agrozone.ee\/en\/wp-json\/wp\/v2\/product\/39579","targetHints":{"allow":["GET"]}}],"collection":[{"href":"https:\/\/agrozone.ee\/en\/wp-json\/wp\/v2\/product"}],"about":[{"href":"https:\/\/agrozone.ee\/en\/wp-json\/wp\/v2\/types\/product"}],"wp:featuredmedia":[{"embeddable":true,"href":"https:\/\/agrozone.ee\/en\/wp-json\/wp\/v2\/media\/39881"}],"wp:attachment":[{"href":"https:\/\/agrozone.ee\/en\/wp-json\/wp\/v2\/media?parent=39579"}],"wp:term":[{"taxonomy":"product_brand","embeddable":true,"href":"https:\/\/agrozone.ee\/en\/wp-json\/wp\/v2\/product_brand?post=39579"},{"taxonomy":"product_cat","embeddable":true,"href":"https:\/\/agrozone.ee\/en\/wp-json\/wp\/v2\/product_cat?post=39579"},{"taxonomy":"product_tag","embeddable":true,"href":"https:\/\/agrozone.ee\/en\/wp-json\/wp\/v2\/product_tag?post=39579"}],"curies":[{"name":"wp","href":"https:\/\/api.w.org\/{rel}","templated":true}]}}