{"id":39585,"date":"2024-10-07T13:42:17","date_gmt":"2024-10-07T10:42:17","guid":{"rendered":"https:\/\/agrozone.ee\/?post_type=product&#038;p=39585"},"modified":"2025-08-26T11:18:53","modified_gmt":"2025-08-26T09:18:53","slug":"hiidhirss-fluffy","status":"publish","type":"product","link":"https:\/\/agrozone.ee\/en\/product\/hiidhirss-fluffy\/","title":{"rendered":"Hiidhirss &#8216;Fluffy&#8217;"},"content":{"rendered":"<p><b>Pennisetum villosum<\/b><\/p>\n<ul>\n<li class=\"plained\">\u00dcheaastane dekoratiivne k\u00f5rreline.<\/li>\n<li class=\"plained\">K\u00f5rgus: 60 cm.<\/li>\n<li class=\"plained\">J\u00e4nese saba meenutavad hallikasvalged, tihedad, kergelt kaardus \u00f5isikud ilmuvad juulis.<\/li>\n<li class=\"plained\">Efektne nii peenras, lillepottides ja -konteinerites, sobib ka l\u00f5ikelilleks ja kuivatamiseks.<\/li>\n<li class=\"plained\">Pakendis on 20 seemet.<\/li>\n<\/ul>\n<p>&nbsp;<\/p>\n<ul>\n<li class=\"plained\">Eelistab p\u00e4ikeselist sooja kasvukohta.<\/li>\n<\/ul>\n","protected":false},"excerpt":{"rendered":"<ul>\n<li class=\"plained\">\u00dcheaastane dekoratiivne k\u00f5rreline.<\/li>\n<li class=\"plained\">K\u00f5rgus: 60 cm.<\/li>\n<li class=\"plained\">J\u00e4nese saba meenutavad hallikasvalged, tihedad, kergelt kaardus \u00f5isikud ilmuvad juulis.<\/li>\n<\/ul>\n","protected":false},"featured_media":39874,"template":"","meta":{"_acf_changed":false,"_seopress_robots_primary_cat":"none","_seopress_titles_title":"Hiidhirss \u2018Fluffy\u2019 - Dekoratiivne k\u00f5rreline 60 cm","_seopress_titles_desc":"Hiidhirss \u2018Fluffy\u2019 on kaunis \u00fcheaastane k\u00f5rreline, millel on hallikasvalged \u00f5isikud. Ideaalne peenrasse ja l\u00f5ikelilleks. 20 seemet pakendis.","_seopress_robots_index":"","_gspb_post_css":""},"product_brand":[],"product_cat":[15,100,1212,87],"product_tag":[],"class_list":{"0":"post-39585","1":"product","2":"type-product","3":"status-publish","4":"has-post-thumbnail","6":"product_cat-koik-kategooriad","7":"product_cat-lilleseemned","8":"product_cat-mitmesugused","9":"product_cat-seemned","11":"first","12":"instock","13":"taxable","14":"shipping-taxable","15":"purchasable","16":"product-type-simple"},"ct_brands":[],"acf":[],"_links":{"self":[{"href":"https:\/\/agrozone.ee\/en\/wp-json\/wp\/v2\/product\/39585","targetHints":{"allow":["GET"]}}],"collection":[{"href":"https:\/\/agrozone.ee\/en\/wp-json\/wp\/v2\/product"}],"about":[{"href":"https:\/\/agrozone.ee\/en\/wp-json\/wp\/v2\/types\/product"}],"wp:featuredmedia":[{"embeddable":true,"href":"https:\/\/agrozone.ee\/en\/wp-json\/wp\/v2\/media\/39874"}],"wp:attachment":[{"href":"https:\/\/agrozone.ee\/en\/wp-json\/wp\/v2\/media?parent=39585"}],"wp:term":[{"taxonomy":"product_brand","embeddable":true,"href":"https:\/\/agrozone.ee\/en\/wp-json\/wp\/v2\/product_brand?post=39585"},{"taxonomy":"product_cat","embeddable":true,"href":"https:\/\/agrozone.ee\/en\/wp-json\/wp\/v2\/product_cat?post=39585"},{"taxonomy":"product_tag","embeddable":true,"href":"https:\/\/agrozone.ee\/en\/wp-json\/wp\/v2\/product_tag?post=39585"}],"curies":[{"name":"wp","href":"https:\/\/api.w.org\/{rel}","templated":true}]}}