{"id":39591,"date":"2024-10-07T13:44:22","date_gmt":"2024-10-07T10:44:22","guid":{"rendered":"https:\/\/agrozone.ee\/?post_type=product&#038;p=39591"},"modified":"2025-08-26T11:19:33","modified_gmt":"2025-08-26T09:19:33","slug":"janesesaba-bunny","status":"publish","type":"product","link":"https:\/\/agrozone.ee\/en\/product\/janesesaba-bunny\/","title":{"rendered":"J\u00e4nesesaba &#8216;Bunny&#8217;"},"content":{"rendered":"<p id=\"firstHeading\" class=\"firstHeading mw-first-heading\"><strong><i>Lagurus ovatus<\/i><\/strong><\/p>\n<ul>\n<li class=\"plained\">V\u00e4hen\u00f5udlik \u00fcheaastane dekoratiivne k\u00f5rreline.<\/li>\n<li class=\"plained\">K\u00f5rgus: 45 cm.<\/li>\n<li class=\"plained\">J\u00e4nese saba meenutavad hallikasvalged \u00f5isikud ilmuvad juulis.<\/li>\n<li class=\"plained\">Efektne nii peenras, lillepottides ja -konteinerites, sobib ka l\u00f5ikelilleks ja kuivatamiseks.<\/li>\n<li class=\"plained\">Eelistab p\u00e4ikeselist kasvukohta, kuid talub ka poolvarju.<\/li>\n<li class=\"plained\">Pakendis 20 seemet.<\/li>\n<\/ul>\n","protected":false},"excerpt":{"rendered":"<ul>\n<li class=\"plained\">V\u00e4hen\u00f5udlik \u00fcheaastane dekoratiivne k\u00f5rreline.<\/li>\n<li class=\"plained\">K\u00f5rgus: 45 cm.<\/li>\n<li class=\"plained\">J\u00e4nese saba meenutavad hallikasvalged \u00f5isikud ilmuvad juulis.<\/li>\n<li class=\"plained\">Efektne nii peenras, lillepottides ja -konteinerites, sobib ka l\u00f5ikelilleks ja kuivatamiseks.<\/li>\n<\/ul>\n","protected":false},"featured_media":39868,"template":"","meta":{"_acf_changed":false,"_seopress_robots_primary_cat":"none","_seopress_titles_title":"J\u00e4nesesaba: Kaunis ja v\u00e4hen\u00f5udlik dekoratiivtaim","_seopress_titles_desc":"J\u00e4nesesaba on v\u00e4hen\u00f5udlik \u00fcheaastane taim, mis toob ilu aeda ja sobib ka l\u00f5ikelilleks. Ideaalne valik igasse peenrasse ja lillepotti.","_seopress_robots_index":"","_gspb_post_css":""},"product_brand":[],"product_cat":[15,100,1212,87],"product_tag":[],"class_list":{"0":"post-39591","1":"product","2":"type-product","3":"status-publish","4":"has-post-thumbnail","6":"product_cat-koik-kategooriad","7":"product_cat-lilleseemned","8":"product_cat-mitmesugused","9":"product_cat-seemned","11":"first","12":"instock","13":"taxable","14":"shipping-taxable","15":"purchasable","16":"product-type-simple"},"ct_brands":[],"acf":[],"_links":{"self":[{"href":"https:\/\/agrozone.ee\/en\/wp-json\/wp\/v2\/product\/39591","targetHints":{"allow":["GET"]}}],"collection":[{"href":"https:\/\/agrozone.ee\/en\/wp-json\/wp\/v2\/product"}],"about":[{"href":"https:\/\/agrozone.ee\/en\/wp-json\/wp\/v2\/types\/product"}],"wp:featuredmedia":[{"embeddable":true,"href":"https:\/\/agrozone.ee\/en\/wp-json\/wp\/v2\/media\/39868"}],"wp:attachment":[{"href":"https:\/\/agrozone.ee\/en\/wp-json\/wp\/v2\/media?parent=39591"}],"wp:term":[{"taxonomy":"product_brand","embeddable":true,"href":"https:\/\/agrozone.ee\/en\/wp-json\/wp\/v2\/product_brand?post=39591"},{"taxonomy":"product_cat","embeddable":true,"href":"https:\/\/agrozone.ee\/en\/wp-json\/wp\/v2\/product_cat?post=39591"},{"taxonomy":"product_tag","embeddable":true,"href":"https:\/\/agrozone.ee\/en\/wp-json\/wp\/v2\/product_tag?post=39591"}],"curies":[{"name":"wp","href":"https:\/\/api.w.org\/{rel}","templated":true}]}}