{"id":39597,"date":"2024-10-07T13:46:29","date_gmt":"2024-10-07T10:46:29","guid":{"rendered":"https:\/\/agrozone.ee\/?post_type=product&#038;p=39597"},"modified":"2025-08-26T11:20:19","modified_gmt":"2025-08-26T09:20:19","slug":"lakkoder-ricky","status":"publish","type":"product","link":"https:\/\/agrozone.ee\/en\/product\/lakkoder-ricky\/","title":{"rendered":"Lakkoder &#8216;Ricky&#8217;"},"content":{"rendered":"<p><strong>Hordeum jubatum<\/strong>, tuntud ka kui foxtail barley (rebase-odralill), bobtail barley (l\u00fchikese sabaga odralill), squirreltail barley (orava-saba odralill) ja intermediate barley<\/p>\n<ul>\n<li class=\"plained\">\u00dcheaastane dekoratiivne k\u00f5rreline.<\/li>\n<li class=\"plained\">K\u00f5rgus: 65 cm.<\/li>\n<li class=\"plained\">Pikad siidjad ohetega \u00f5isikud moodustuvad juulis-augustis.<\/li>\n<li class=\"plained\">Muudavad v\u00e4rvi rohelisest roosakaks.<\/li>\n<li class=\"plained\">Efektne nii peenras, lillepottides ja -konteinerites, sobib ka l\u00f5ikelilleks ja kuivatamiseks.<\/li>\n<li class=\"plained\">Pakendis on 20 seemet.<\/li>\n<\/ul>\n<p>&nbsp;<\/p>\n<ul>\n<li>Kasvab h\u00e4sti p\u00e4ikeselises kasvukohas, vett h\u00e4sti l\u00e4bilaskvas mullas.<\/li>\n<\/ul>\n","protected":false},"excerpt":{"rendered":"<ul>\n<li class=\"plained\">\u00dcheaastane dekoratiivne k\u00f5rreline.<\/li>\n<li class=\"plained\">K\u00f5rgus: 65 cm.<\/li>\n<li class=\"plained\">Pikad siidjad ohetega \u00f5isikud moodustuvad juulis-augustis.<\/li>\n<li class=\"plained\">Muudavad v\u00e4rvi rohelisest roosakaks.<\/li>\n<\/ul>\n","protected":false},"featured_media":39862,"template":"","meta":{"_acf_changed":false,"_seopress_robots_primary_cat":"none","_seopress_titles_title":"Lakkoder 'Ricky': Kaunis dekoratiivne k\u00f5rreline","_seopress_titles_desc":"Lakkoder 'Ricky' on \u00fcheaastane dekoratiivne k\u00f5rreline, millel on silmapaistvad \u00f5isikud ja mitmekesised v\u00e4rvid. Ideaalne peenrasse ja konteineritesse.","_seopress_robots_index":"","_gspb_post_css":""},"product_brand":[],"product_cat":[15,100,1212,87],"product_tag":[],"class_list":{"0":"post-39597","1":"product","2":"type-product","3":"status-publish","4":"has-post-thumbnail","6":"product_cat-koik-kategooriad","7":"product_cat-lilleseemned","8":"product_cat-mitmesugused","9":"product_cat-seemned","11":"first","12":"instock","13":"taxable","14":"shipping-taxable","15":"purchasable","16":"product-type-simple"},"ct_brands":[],"acf":[],"_links":{"self":[{"href":"https:\/\/agrozone.ee\/en\/wp-json\/wp\/v2\/product\/39597","targetHints":{"allow":["GET"]}}],"collection":[{"href":"https:\/\/agrozone.ee\/en\/wp-json\/wp\/v2\/product"}],"about":[{"href":"https:\/\/agrozone.ee\/en\/wp-json\/wp\/v2\/types\/product"}],"wp:featuredmedia":[{"embeddable":true,"href":"https:\/\/agrozone.ee\/en\/wp-json\/wp\/v2\/media\/39862"}],"wp:attachment":[{"href":"https:\/\/agrozone.ee\/en\/wp-json\/wp\/v2\/media?parent=39597"}],"wp:term":[{"taxonomy":"product_brand","embeddable":true,"href":"https:\/\/agrozone.ee\/en\/wp-json\/wp\/v2\/product_brand?post=39597"},{"taxonomy":"product_cat","embeddable":true,"href":"https:\/\/agrozone.ee\/en\/wp-json\/wp\/v2\/product_cat?post=39597"},{"taxonomy":"product_tag","embeddable":true,"href":"https:\/\/agrozone.ee\/en\/wp-json\/wp\/v2\/product_tag?post=39597"}],"curies":[{"name":"wp","href":"https:\/\/api.w.org\/{rel}","templated":true}]}}