{"id":39600,"date":"2024-10-07T13:47:22","date_gmt":"2024-10-07T10:47:22","guid":{"rendered":"https:\/\/agrozone.ee\/?post_type=product&#038;p=39600"},"modified":"2025-08-26T13:49:59","modified_gmt":"2025-08-26T11:49:59","slug":"miisusaba-joey","status":"publish","type":"product","link":"https:\/\/agrozone.ee\/en\/product\/miisusaba-joey\/","title":{"rendered":"Miisusaba &#8216;Joey&#8217;"},"content":{"rendered":"<p><i><b>Ptilotus exaltatus<\/b><\/i>, tuntud ka kui <b>pink mulla mulla<\/b><\/p>\n<ul>\n<li class=\"plained\">Omap\u00e4rane ja pilkup\u00fc\u00fcdev \u00fcheaastane suvelill.<\/li>\n<li class=\"plained\">Pehmed karvased roosad \u00f5isikud meenutavad kassisaba.<\/li>\n<li class=\"plained\">Sobib nii lillepottides kui ka peenras kasvatamiseks.<\/li>\n<li class=\"plained\">\u00d5itseb juunist kuni \u00f6\u00f6k\u00fclmadeni.<\/li>\n<li class=\"plained\">K\u00f5rgus: 35 cm.<\/li>\n<li class=\"plained\">Pakendis 5 seemet.<\/li>\n<\/ul>\n<p>&nbsp;<\/p>\n<ul>\n<li class=\"plained\">Kasvab h\u00e4sti p\u00e4ikeselises kasvukohas.<\/li>\n<li class=\"plained\">Eelistab viljakat, vett h\u00e4sti l\u00e4bilaskvat kasvumulda.<\/li>\n<li class=\"plained\">Talub ka p\u00f5uda.<\/li>\n<li class=\"plained\">Kaunimaks \u00f5itsemiseks emalda n\u00e4rbunud \u00f5ied.<\/li>\n<\/ul>\n","protected":false},"excerpt":{"rendered":"<ul>\n<li class=\"plained\">Omap\u00e4rane ja pilkup\u00fc\u00fcdev \u00fcheaastane suvelill.<\/li>\n<li class=\"plained\">Pehmed karvased roosad \u00f5isikud meenutavad kassisaba.<\/li>\n<li class=\"plained\">Sobib nii lillepottides kui ka peenras kasvatamiseks.<\/li>\n<li class=\"plained\">\u00d5itseb juunist kuni \u00f6\u00f6k\u00fclmadeni.<\/li>\n<\/ul>\n","protected":false},"featured_media":39856,"template":"","meta":{"_acf_changed":false,"_seopress_robots_primary_cat":"none","_seopress_titles_title":"Miisusaba 'Joey': Pilkup\u00fc\u00fcdev suvelill igasse aeda","_seopress_titles_desc":"Miisusaba 'Joey' on unikaalne suvelill, mis \u00f5itseb juunist kuni \u00f6\u00f6k\u00fclmadeni. Ideaalne lillepottidesse ja peenardesse kasvatamiseks.","_seopress_robots_index":"","_gspb_post_css":""},"product_brand":[],"product_cat":[15,100,1212,87],"product_tag":[],"class_list":{"0":"post-39600","1":"product","2":"type-product","3":"status-publish","4":"has-post-thumbnail","6":"product_cat-koik-kategooriad","7":"product_cat-lilleseemned","8":"product_cat-mitmesugused","9":"product_cat-seemned","11":"first","12":"instock","13":"taxable","14":"shipping-taxable","15":"purchasable","16":"product-type-simple"},"ct_brands":[],"acf":[],"_links":{"self":[{"href":"https:\/\/agrozone.ee\/en\/wp-json\/wp\/v2\/product\/39600","targetHints":{"allow":["GET"]}}],"collection":[{"href":"https:\/\/agrozone.ee\/en\/wp-json\/wp\/v2\/product"}],"about":[{"href":"https:\/\/agrozone.ee\/en\/wp-json\/wp\/v2\/types\/product"}],"wp:featuredmedia":[{"embeddable":true,"href":"https:\/\/agrozone.ee\/en\/wp-json\/wp\/v2\/media\/39856"}],"wp:attachment":[{"href":"https:\/\/agrozone.ee\/en\/wp-json\/wp\/v2\/media?parent=39600"}],"wp:term":[{"taxonomy":"product_brand","embeddable":true,"href":"https:\/\/agrozone.ee\/en\/wp-json\/wp\/v2\/product_brand?post=39600"},{"taxonomy":"product_cat","embeddable":true,"href":"https:\/\/agrozone.ee\/en\/wp-json\/wp\/v2\/product_cat?post=39600"},{"taxonomy":"product_tag","embeddable":true,"href":"https:\/\/agrozone.ee\/en\/wp-json\/wp\/v2\/product_tag?post=39600"}],"curies":[{"name":"wp","href":"https:\/\/api.w.org\/{rel}","templated":true}]}}