{"id":39608,"date":"2024-10-07T13:50:39","date_gmt":"2024-10-07T10:50:39","guid":{"rendered":"https:\/\/agrozone.ee\/?post_type=product&#038;p=39608"},"modified":"2025-08-26T13:55:42","modified_gmt":"2025-08-26T11:55:42","slug":"petuunia-celebrity-regular-mix","status":"publish","type":"product","link":"https:\/\/agrozone.ee\/en\/product\/petuunia-celebrity-regular-mix\/","title":{"rendered":"Petuunia &#8216;Celebrity Regular Mix&#8217;"},"content":{"rendered":"<p><b><i>Petunia<\/i>\u00a0\u00d7\u00a0<i>atkinsiana<\/i><\/b>\u00a0(synonym:\u00a0<i>Petunia<\/i>\u00a0\u00d7\u00a0<i>hybrida<\/i>)<\/p>\n<ul>\n<li class=\"plained\">Madalakasvuline ja kompaktne h\u00fcbriidpetuunia sort.<\/li>\n<li class=\"plained\">Erinevate v\u00e4rvide segu.<\/li>\n<li class=\"plained\">V\u00e4ga hea vihmataluvus.<\/li>\n<li class=\"plained\">K\u00f5rgus: 30 cm.<\/li>\n<li class=\"plained\">Pakendis 30 pillitud seemet.<\/li>\n<\/ul>\n<p>&nbsp;<\/p>\n<ul>\n<li class=\"plained\">Pillitud seeme k\u00fclvamise lihtsustamiseks.<\/li>\n<li class=\"plained\">K\u00fclvatud seemneid ei kaeta mullaga.<\/li>\n<li class=\"plained\">Eelistab p\u00e4ikesepaistelist ja tuulevarjulist kasvukohta ning toitaineterikast vett l\u00e4bilaskvat mulda.<\/li>\n<\/ul>\n","protected":false},"excerpt":{"rendered":"<ul>\n<li class=\"plained\">Madalakasvuline ja kompaktne h\u00fcbriidpetuunia sort.<\/li>\n<li class=\"plained\">Erinevate v\u00e4rvide segu.<\/li>\n<li class=\"plained\">V\u00e4ga hea vihmataluvus.<\/li>\n<li class=\"plained\">K\u00f5rgus: 30 cm.<\/li>\n<\/ul>\n","protected":false},"featured_media":40386,"template":"","meta":{"_acf_changed":false,"_seopress_robots_primary_cat":"none","_seopress_titles_title":"Petuunia \u2018Celebrity Regular Mix\u2019 - Kompaktne ja V\u00e4rvikas","_seopress_titles_desc":"Madalakasvuline petuunia, mis pakub erinevaid v\u00e4rve ja head vihmataluvust. Ideaalne valik igasse aeda. K\u00fclvamiseks 30 pillitud seemet.","_seopress_robots_index":"","_gspb_post_css":""},"product_brand":[],"product_cat":[15,100,1217,87],"product_tag":[],"class_list":{"0":"post-39608","1":"product","2":"type-product","3":"status-publish","4":"has-post-thumbnail","6":"product_cat-koik-kategooriad","7":"product_cat-lilleseemned","8":"product_cat-petuunia","9":"product_cat-seemned","11":"first","12":"instock","13":"featured","14":"taxable","15":"shipping-taxable","16":"purchasable","17":"product-type-simple"},"ct_brands":[],"acf":[],"_links":{"self":[{"href":"https:\/\/agrozone.ee\/en\/wp-json\/wp\/v2\/product\/39608","targetHints":{"allow":["GET"]}}],"collection":[{"href":"https:\/\/agrozone.ee\/en\/wp-json\/wp\/v2\/product"}],"about":[{"href":"https:\/\/agrozone.ee\/en\/wp-json\/wp\/v2\/types\/product"}],"wp:featuredmedia":[{"embeddable":true,"href":"https:\/\/agrozone.ee\/en\/wp-json\/wp\/v2\/media\/40386"}],"wp:attachment":[{"href":"https:\/\/agrozone.ee\/en\/wp-json\/wp\/v2\/media?parent=39608"}],"wp:term":[{"taxonomy":"product_brand","embeddable":true,"href":"https:\/\/agrozone.ee\/en\/wp-json\/wp\/v2\/product_brand?post=39608"},{"taxonomy":"product_cat","embeddable":true,"href":"https:\/\/agrozone.ee\/en\/wp-json\/wp\/v2\/product_cat?post=39608"},{"taxonomy":"product_tag","embeddable":true,"href":"https:\/\/agrozone.ee\/en\/wp-json\/wp\/v2\/product_tag?post=39608"}],"curies":[{"name":"wp","href":"https:\/\/api.w.org\/{rel}","templated":true}]}}