{"id":39609,"date":"2024-10-07T13:52:45","date_gmt":"2024-10-07T10:52:45","guid":{"rendered":"https:\/\/agrozone.ee\/?post_type=product&#038;p=39609"},"modified":"2025-08-26T13:58:10","modified_gmt":"2025-08-26T11:58:10","slug":"paevakubar-denver-daisy","status":"publish","type":"product","link":"https:\/\/agrozone.ee\/en\/product\/paevakubar-denver-daisy\/","title":{"rendered":"P\u00e4evak\u00fcbar &#8216;Denver Daisy&#8217;"},"content":{"rendered":"<p>Karvane p\u00e4evak\u00fcbar (<em>Rudbeckia hirta<\/em>)<\/p>\n<ul>\n<li class=\"plained\">Rikkalikult \u00f5itsev s\u00e4rav suvelill.<\/li>\n<li class=\"plained\">K\u00f5rgus: 60 cm.<\/li>\n<li class=\"plained\">Efektsed kuldkollased \u00f5ied pruunika s\u00fcdamikuga, \u00f5ie l\u00e4bim\u00f5\u00f5t 15 cm.<\/li>\n<li class=\"plained\">\u00d5itseb s\u00fcgisk\u00fclmadeni.<\/li>\n<li class=\"plained\">Sobib h\u00e4sti l\u00f5ikelilleks.<\/li>\n<li class=\"plained\">Pakendis 20 seemet.<\/li>\n<li class=\"plained\">Eelistab p\u00e4ikesepaistelist kasvukohta viljakal, huumusrikkal pinnasel.<\/li>\n<\/ul>\n","protected":false},"excerpt":{"rendered":"<ul>\n<li class=\"plained\">Rikkalikult \u00f5itsev s\u00e4rav suvelill.<\/li>\n<li class=\"plained\">K\u00f5rgus: 60 cm.<\/li>\n<li class=\"plained\">Efektsed kuldkollased \u00f5ied pruunika s\u00fcdamikuga, \u00f5ie l\u00e4bim\u00f5\u00f5t 15 cm.<\/li>\n<li class=\"plained\">\u00d5itseb s\u00fcgisk\u00fclmadeni.<\/li>\n<\/ul>\n","protected":false},"featured_media":39841,"template":"","meta":{"_acf_changed":false,"_seopress_robots_primary_cat":"none","_seopress_titles_title":"P\u00e4evak\u00fcbar \u2018Denver Daisy\u2019 - Suvelille ilu ja v\u00e4rv","_seopress_titles_desc":"Rikkalikult \u00f5itsev p\u00e4evak\u00fcbar \u2018Denver Daisy\u2019 toob suve v\u00e4rvid aeda. Efektsed kuldkollased \u00f5ied ja lihtne kasvatamine.","_seopress_robots_index":"","_gspb_post_css":""},"product_brand":[],"product_cat":[15,100,2192,87],"product_tag":[],"class_list":{"0":"post-39609","1":"product","2":"type-product","3":"status-publish","4":"has-post-thumbnail","6":"product_cat-koik-kategooriad","7":"product_cat-lilleseemned","8":"product_cat-paevakubar","9":"product_cat-seemned","11":"first","12":"instock","13":"taxable","14":"shipping-taxable","15":"purchasable","16":"product-type-simple"},"ct_brands":[],"acf":[],"_links":{"self":[{"href":"https:\/\/agrozone.ee\/en\/wp-json\/wp\/v2\/product\/39609","targetHints":{"allow":["GET"]}}],"collection":[{"href":"https:\/\/agrozone.ee\/en\/wp-json\/wp\/v2\/product"}],"about":[{"href":"https:\/\/agrozone.ee\/en\/wp-json\/wp\/v2\/types\/product"}],"wp:featuredmedia":[{"embeddable":true,"href":"https:\/\/agrozone.ee\/en\/wp-json\/wp\/v2\/media\/39841"}],"wp:attachment":[{"href":"https:\/\/agrozone.ee\/en\/wp-json\/wp\/v2\/media?parent=39609"}],"wp:term":[{"taxonomy":"product_brand","embeddable":true,"href":"https:\/\/agrozone.ee\/en\/wp-json\/wp\/v2\/product_brand?post=39609"},{"taxonomy":"product_cat","embeddable":true,"href":"https:\/\/agrozone.ee\/en\/wp-json\/wp\/v2\/product_cat?post=39609"},{"taxonomy":"product_tag","embeddable":true,"href":"https:\/\/agrozone.ee\/en\/wp-json\/wp\/v2\/product_tag?post=39609"}],"curies":[{"name":"wp","href":"https:\/\/api.w.org\/{rel}","templated":true}]}}