{"id":39615,"date":"2024-10-07T13:55:43","date_gmt":"2024-10-07T10:55:43","guid":{"rendered":"https:\/\/agrozone.ee\/?post_type=product&#038;p=39615"},"modified":"2025-08-26T13:58:07","modified_gmt":"2025-08-26T11:58:07","slug":"paevakubar-toto-rustic","status":"publish","type":"product","link":"https:\/\/agrozone.ee\/en\/product\/paevakubar-toto-rustic\/","title":{"rendered":"P\u00e4evak\u00fcbar &#8216;Toto Rustic&#8217;"},"content":{"rendered":"<p>Karvane p\u00e4evak\u00fcbar (<em>Rudbeckia hirta<\/em>)<\/p>\n<ul>\n<li class=\"plained\">Rikkalikult \u00f5itsev s\u00e4rav suvelill.<\/li>\n<li class=\"plained\">Madal ja kompaktne.<\/li>\n<li class=\"plained\">K\u00f5rgus: 35-40 cm.<\/li>\n<li class=\"plained\">V\u00e4ga efektse v\u00e4rvikombinatsiooniga \u00f5ied l\u00e4bim\u00f5\u00f5duga 6 cm.<\/li>\n<li class=\"plained\">\u00d5itseb s\u00fcgisk\u00fclmadeni.<\/li>\n<li class=\"plained\">Sobib lillepeenardes, pottides, r\u00f5dukastides kasvatamiseks.<\/li>\n<li class=\"plained\">Pakendis 20 seemet.<\/li>\n<li class=\"plained\">Eelistab p\u00e4ikesepaistelist kasvukohta viljakal, huumusrikkal pinnasel.<\/li>\n<\/ul>\n","protected":false},"excerpt":{"rendered":"<ul>\n<li class=\"plained\">Rikkalikult \u00f5itsev s\u00e4rav suvelill.<\/li>\n<li class=\"plained\">Madal ja kompaktne.<\/li>\n<li class=\"plained\">K\u00f5rgus: 35-40 cm.<\/li>\n<li class=\"plained\">V\u00e4ga efektse v\u00e4rvikombinatsiooniga \u00f5ied l\u00e4bim\u00f5\u00f5duga 6 cm.<\/li>\n<li class=\"plained\">\u00d5itseb s\u00fcgisk\u00fclmadeni.<\/li>\n<\/ul>\n","protected":false},"featured_media":39829,"template":"","meta":{"_acf_changed":false,"_seopress_robots_primary_cat":"none","_seopress_titles_title":"P\u00e4evak\u00fcbar 'Toto Rustic' - Suvelille ilu","_seopress_titles_desc":"Rikkalikult \u00f5itsev p\u00e4evak\u00fcbar 'Toto Rustic' toob v\u00e4rvi ja ilu igasse aeda. Madal ja kompaktne, ideaalne lillepeenardesse ja r\u00f5dukastidesse.","_seopress_robots_index":"","_gspb_post_css":""},"product_brand":[],"product_cat":[15,100,2192,87],"product_tag":[],"class_list":{"0":"post-39615","1":"product","2":"type-product","3":"status-publish","4":"has-post-thumbnail","6":"product_cat-koik-kategooriad","7":"product_cat-lilleseemned","8":"product_cat-paevakubar","9":"product_cat-seemned","11":"first","12":"instock","13":"taxable","14":"shipping-taxable","15":"purchasable","16":"product-type-simple"},"ct_brands":[],"acf":[],"_links":{"self":[{"href":"https:\/\/agrozone.ee\/en\/wp-json\/wp\/v2\/product\/39615","targetHints":{"allow":["GET"]}}],"collection":[{"href":"https:\/\/agrozone.ee\/en\/wp-json\/wp\/v2\/product"}],"about":[{"href":"https:\/\/agrozone.ee\/en\/wp-json\/wp\/v2\/types\/product"}],"wp:featuredmedia":[{"embeddable":true,"href":"https:\/\/agrozone.ee\/en\/wp-json\/wp\/v2\/media\/39829"}],"wp:attachment":[{"href":"https:\/\/agrozone.ee\/en\/wp-json\/wp\/v2\/media?parent=39615"}],"wp:term":[{"taxonomy":"product_brand","embeddable":true,"href":"https:\/\/agrozone.ee\/en\/wp-json\/wp\/v2\/product_brand?post=39615"},{"taxonomy":"product_cat","embeddable":true,"href":"https:\/\/agrozone.ee\/en\/wp-json\/wp\/v2\/product_cat?post=39615"},{"taxonomy":"product_tag","embeddable":true,"href":"https:\/\/agrozone.ee\/en\/wp-json\/wp\/v2\/product_tag?post=39615"}],"curies":[{"name":"wp","href":"https:\/\/api.w.org\/{rel}","templated":true}]}}