{"id":39617,"date":"2024-10-07T13:58:06","date_gmt":"2024-10-07T10:58:06","guid":{"rendered":"https:\/\/agrozone.ee\/?post_type=product&#038;p=39617"},"modified":"2025-08-26T14:00:52","modified_gmt":"2025-08-26T12:00:52","slug":"rukkilill-double-mixture","status":"publish","type":"product","link":"https:\/\/agrozone.ee\/en\/product\/rukkilill-double-mixture\/","title":{"rendered":"Rukkilill &#8216;Double Mixture&#8217;"},"content":{"rendered":"<p><em>Centaurea cyanus<\/em><\/p>\n<ul>\n<li class=\"plained\">Populaarne \u00fcheaastane suvelill.<\/li>\n<li class=\"plained\">T\u00e4idis\u00f5ielised valgete, siniste, roosade toonide segu.<\/li>\n<li class=\"plained\">K\u00f5rgus: 50 cm.<\/li>\n<li class=\"plained\">\u00d5itseb s\u00fcgisk\u00fclmadeni.<\/li>\n<li class=\"plained\">Suurep\u00e4rane l\u00f5ikelill!<\/li>\n<\/ul>\n<p><strong>Kasutusjuhend<\/strong><\/p>\n<p>K\u00fclvatakse mais-juunis otse peenrasse.<\/p>\n","protected":false},"excerpt":{"rendered":"<ul>\n<li class=\"plained\">Populaarne \u00fcheaastane suvelill.<\/li>\n<li class=\"plained\">T\u00e4idis\u00f5ielised valgete, siniste, roosade toonide segu.<\/li>\n<li class=\"plained\">K\u00f5rgus: 50 cm.<\/li>\n<li class=\"plained\">\u00d5itseb s\u00fcgisk\u00fclmadeni.<\/li>\n<\/ul>\n","protected":false},"featured_media":39824,"template":"","meta":{"_acf_changed":false,"_seopress_robots_primary_cat":"none","_seopress_titles_title":"Rukkilill \u2018Double Mixture\u2019 - Kaunis suvelill","_seopress_titles_desc":"Rukkilill \u2018Double Mixture\u2019 on populaarne \u00fcheaastane suvelill, mis \u00f5itseb s\u00fcgisk\u00fclmadeni. T\u00e4idis\u00f5ielised lilled igasugustes toonides.","_seopress_robots_index":"","_gspb_post_css":""},"product_brand":[],"product_cat":[15,100,2193,87],"product_tag":[],"class_list":{"0":"post-39617","1":"product","2":"type-product","3":"status-publish","4":"has-post-thumbnail","6":"product_cat-koik-kategooriad","7":"product_cat-lilleseemned","8":"product_cat-rukkilill","9":"product_cat-seemned","11":"first","12":"instock","13":"taxable","14":"shipping-taxable","15":"purchasable","16":"product-type-simple"},"ct_brands":[],"acf":[],"_links":{"self":[{"href":"https:\/\/agrozone.ee\/en\/wp-json\/wp\/v2\/product\/39617","targetHints":{"allow":["GET"]}}],"collection":[{"href":"https:\/\/agrozone.ee\/en\/wp-json\/wp\/v2\/product"}],"about":[{"href":"https:\/\/agrozone.ee\/en\/wp-json\/wp\/v2\/types\/product"}],"wp:featuredmedia":[{"embeddable":true,"href":"https:\/\/agrozone.ee\/en\/wp-json\/wp\/v2\/media\/39824"}],"wp:attachment":[{"href":"https:\/\/agrozone.ee\/en\/wp-json\/wp\/v2\/media?parent=39617"}],"wp:term":[{"taxonomy":"product_brand","embeddable":true,"href":"https:\/\/agrozone.ee\/en\/wp-json\/wp\/v2\/product_brand?post=39617"},{"taxonomy":"product_cat","embeddable":true,"href":"https:\/\/agrozone.ee\/en\/wp-json\/wp\/v2\/product_cat?post=39617"},{"taxonomy":"product_tag","embeddable":true,"href":"https:\/\/agrozone.ee\/en\/wp-json\/wp\/v2\/product_tag?post=39617"}],"curies":[{"name":"wp","href":"https:\/\/api.w.org\/{rel}","templated":true}]}}