{"id":39772,"date":"2024-10-14T11:27:05","date_gmt":"2024-10-14T08:27:05","guid":{"rendered":"https:\/\/agrozone.ee\/?post_type=product&#038;p=39772"},"modified":"2025-07-31T13:51:50","modified_gmt":"2025-07-31T11:51:50","slug":"talveloor-1-6-x-5-m","status":"publish","type":"product","link":"https:\/\/agrozone.ee\/en\/product\/talveloor-1-6-x-5-m\/","title":{"rendered":"Talveloor 1.6 x 5 m (rull)"},"content":{"rendered":"<p><strong>Talveloor 1,6\u00d75 m<\/strong>, 8 m\u00b2, <strong>75g\/m2<\/strong><\/p>\n<p>Talveloor kaitseb k\u00fclmakartlikke p\u00f5\u00f5said, dekoratiiv- ja okaspuid, roosip\u00f5\u00f5said, rododendroneid, p\u00fcsililli, ronitaimi ja maitsetaimi talvel k\u00fclma- ja kevadel p\u00e4ikesekahjustuse eest.<\/p>\n<p>&nbsp;<\/p>\n<h3>Kasutusjuhend<\/h3>\n<ul>\n<li>Kate asetatakse taimedele p\u00fcsik\u00fclmade saabumisel ja eemaldatakse p\u00e4rast mullapinna sulamist.<\/li>\n<li>\u00d5rnade taimede puhul on vajalik toestus.<\/li>\n<li>Kangas laseb l\u00e4bi \u00f5hku ja kaitseb taimi haiguste eest.<\/li>\n<li>P\u00e4rast taimedelt eemaldamist kangas kuivatada ja s\u00e4ilitada j\u00e4rgmise talveni.<\/li>\n<\/ul>\n","protected":false},"excerpt":{"rendered":"<p>Talveloor kaitseb k\u00fclmakartlikke p\u00f5\u00f5said, dekoratiiv- ja okaspuid, roosip\u00f5\u00f5said, rododendroneid, p\u00fcsililli, ronitaimi ja maitsetaimi talvel k\u00fclma- ja kevadel p\u00e4ikesekahjustuse eest.<\/p>\n","protected":false},"featured_media":39775,"template":"","meta":{"_acf_changed":false,"_seopress_robots_primary_cat":"none","_seopress_titles_title":"Talveloor 1.6 x 5 m - Taimede kaitse talvel","_seopress_titles_desc":"Talveloor 1.6 x 5 m kaitseb k\u00fclmakartlikke taimi talvel ja kevadel. Kvaliteetne lahendus taimede tervise hoidmiseks igas ilmastikus.","_seopress_robots_index":"","_gspb_post_css":""},"product_brand":[],"product_cat":[15,174,193],"product_tag":[],"class_list":{"0":"post-39772","1":"product","2":"type-product","3":"status-publish","4":"has-post-thumbnail","6":"product_cat-koik-kategooriad","7":"product_cat-taime-ja-pinnasekatted","8":"product_cat-talvekatted","9":"product_shipping_class-ei-mahu-automaati","11":"first","12":"instock","13":"taxable","14":"shipping-taxable","15":"purchasable","16":"product-type-simple"},"ct_brands":[],"acf":[],"_links":{"self":[{"href":"https:\/\/agrozone.ee\/en\/wp-json\/wp\/v2\/product\/39772","targetHints":{"allow":["GET"]}}],"collection":[{"href":"https:\/\/agrozone.ee\/en\/wp-json\/wp\/v2\/product"}],"about":[{"href":"https:\/\/agrozone.ee\/en\/wp-json\/wp\/v2\/types\/product"}],"wp:featuredmedia":[{"embeddable":true,"href":"https:\/\/agrozone.ee\/en\/wp-json\/wp\/v2\/media\/39775"}],"wp:attachment":[{"href":"https:\/\/agrozone.ee\/en\/wp-json\/wp\/v2\/media?parent=39772"}],"wp:term":[{"taxonomy":"product_brand","embeddable":true,"href":"https:\/\/agrozone.ee\/en\/wp-json\/wp\/v2\/product_brand?post=39772"},{"taxonomy":"product_cat","embeddable":true,"href":"https:\/\/agrozone.ee\/en\/wp-json\/wp\/v2\/product_cat?post=39772"},{"taxonomy":"product_tag","embeddable":true,"href":"https:\/\/agrozone.ee\/en\/wp-json\/wp\/v2\/product_tag?post=39772"}],"curies":[{"name":"wp","href":"https:\/\/api.w.org\/{rel}","templated":true}]}}