{"id":39791,"date":"2024-10-14T14:51:48","date_gmt":"2024-10-14T11:51:48","guid":{"rendered":"https:\/\/agrozone.ee\/?post_type=product&#038;p=39791"},"modified":"2025-10-30T10:56:00","modified_gmt":"2025-10-30T08:56:00","slug":"vaco-rippuv-koitorjevahend-geelis-lavendel-2-tk","status":"publish","type":"product","link":"https:\/\/agrozone.ee\/en\/product\/vaco-rippuv-koitorjevahend-geelis-lavendel-2-tk\/","title":{"rendered":"VACO Rippuv koit\u00f5rjevahend geelis (lavendel) &#8211; 2 tk"},"content":{"rendered":"<ul>\n<li>L\u00f5hnastatud rippuv koit\u00f5rjevahend riiete kaitsmiseks koide eest.<\/li>\n<li>Sobib garderoobide, kappide ja sahtlite kaitsmiseks.<\/li>\n<li>Biotsiidne rippuv koit\u00f5rjevahend h\u00e4vitab koisid 3 kuu jooksul.<\/li>\n<li>Efektiivne toimeala: 0,75 m3.<\/li>\n<li>T\u00e4ielik biotsiidne efekt saabub 7\u201314 p\u00e4eva jooksul.<\/li>\n<li>Lavendelli l\u00f5hn.<\/li>\n<li>Komplektis 2 rippuvat koit\u00f5rjevahendit.<\/li>\n<\/ul>\n<p data-sourcepos=\"1:1-1:11\"><strong>Kasutamine:<\/strong><\/p>\n<ul>\n<li data-sourcepos=\"3:1-7:78\">Eemaldage fooliumi.<\/li>\n<li data-sourcepos=\"3:1-7:78\">Riputage koit\u00f5rjevahend riidepuule, kasutades selleks riputusaasasid.<\/li>\n<li data-sourcepos=\"3:1-7:78\">V\u00e4ltige geeli otsest kokkupuudet riiete, plastiku v\u00f5i kangastega.<\/li>\n<li data-sourcepos=\"3:1-7:78\">Toode tuleb v\u00e4lja vahetada hooaja l\u00f5pus v\u00f5i kui l\u00f5hn on kadunud ja geel t\u00e4ielikult kuivanud.<\/li>\n<li data-sourcepos=\"3:1-7:78\">Maksimaalse efektiivsuse saavutamiseks peaksid kapid ja sahtlid olema suletud.<\/li>\n<\/ul>\n","protected":false},"excerpt":{"rendered":"<ul>\n<li>L\u00f5hnastatud rippuv koit\u00f5rjevahend riiete kaitsmiseks koide eest.<\/li>\n<li>Sobib garderoobide, kappide ja sahtlite kaitsmiseks.<\/li>\n<\/ul>\n","protected":false},"featured_media":39794,"template":"","meta":{"_acf_changed":false,"_seopress_robots_primary_cat":"none","_seopress_titles_title":"VACO Rippuv koit\u00f5rjevahend geelis - Lavendel","_seopress_titles_desc":"L\u00f5hnastatud rippuv koit\u00f5rjevahend koide eest. Efektiivne garderoobide ja kappide kaitse. Komplektis 2 t\u00fckki. Biotsiidne toime 3 kuud.","_seopress_robots_index":"","_gspb_post_css":""},"product_brand":[],"product_cat":[109,15,1398],"product_tag":[],"class_list":{"0":"post-39791","1":"product","2":"type-product","3":"status-publish","4":"has-post-thumbnail","6":"product_cat-aia-ja-taimede-kaitse","7":"product_cat-koik-kategooriad","8":"product_cat-putukate-ja-saasetorje","10":"first","11":"instock","12":"taxable","13":"shipping-taxable","14":"purchasable","15":"product-type-simple"},"ct_brands":[],"acf":[],"_links":{"self":[{"href":"https:\/\/agrozone.ee\/en\/wp-json\/wp\/v2\/product\/39791","targetHints":{"allow":["GET"]}}],"collection":[{"href":"https:\/\/agrozone.ee\/en\/wp-json\/wp\/v2\/product"}],"about":[{"href":"https:\/\/agrozone.ee\/en\/wp-json\/wp\/v2\/types\/product"}],"wp:featuredmedia":[{"embeddable":true,"href":"https:\/\/agrozone.ee\/en\/wp-json\/wp\/v2\/media\/39794"}],"wp:attachment":[{"href":"https:\/\/agrozone.ee\/en\/wp-json\/wp\/v2\/media?parent=39791"}],"wp:term":[{"taxonomy":"product_brand","embeddable":true,"href":"https:\/\/agrozone.ee\/en\/wp-json\/wp\/v2\/product_brand?post=39791"},{"taxonomy":"product_cat","embeddable":true,"href":"https:\/\/agrozone.ee\/en\/wp-json\/wp\/v2\/product_cat?post=39791"},{"taxonomy":"product_tag","embeddable":true,"href":"https:\/\/agrozone.ee\/en\/wp-json\/wp\/v2\/product_tag?post=39791"}],"curies":[{"name":"wp","href":"https:\/\/api.w.org\/{rel}","templated":true}]}}