{"id":40422,"date":"2024-11-15T15:06:22","date_gmt":"2024-11-15T12:06:22","guid":{"rendered":"https:\/\/agrozone.ee\/?post_type=product&#038;p=40422"},"modified":"2026-02-03T10:06:15","modified_gmt":"2026-02-03T08:06:15","slug":"lilla-haze-hiline-porgand","status":"publish","type":"product","link":"https:\/\/agrozone.ee\/en\/product\/lilla-haze-hiline-porgand\/","title":{"rendered":"Lilla Haze hiline porgand"},"content":{"rendered":"<p>Lilla Haze hiline porgand 0,3g \/ L \/<\/p>\n<ul>\n<li>Keskvarajane sort (100-110 p\u00e4eva).<\/li>\n<li>Juure pikkus 20-25 cm, iseloomuliku v\u00e4rvusega.<\/li>\n<li>Intensiivselt oran\u017e viljaliha on kontrastiks tumepunasele, triibulisele koorele.<\/li>\n<li>Juured on suurema vitamiinide, karotiini ja l\u00fckopeeni sisaldusega, mis kaitseb vabade radikaalide eest.<\/li>\n<li>L\u00fckopeen on \u00fcks tugevamaid looduslikke antioks\u00fcdante, aeglustab vananemisprotsesse, mis m\u00f5jub v\u00e4ga positiivselt meie enesetundele.<\/li>\n<li>Suurep\u00e4rane toorelt tarbimiseks, salatitesse ja keetmiseks.<\/li>\n<li>Keetmise ajal muutub v\u00e4rvus kahvatulillaks.<\/li>\n<li><\/li>\n<li>K\u00fclvata v\u00f5ib otse mulda 1,5-2 cm s\u00fcgavusele m\u00e4rtsi l\u00f5pust mai keskpaigani, koristada juulist septembri l\u00f5puni.<\/li>\n<li>Parimad mullad on saviliivmullad.<\/li>\n<\/ul>\n","protected":false},"excerpt":{"rendered":"<p>Lilla Haze hiline porgand 0,3g \/ L \/ Keskvarajane sort (100-110 p\u00e4eva). Juure pikkus 20-25 cm, iseloomuliku v\u00e4rvusega. Intensiivselt oran\u017e viljaliha on kontrastiks tumepunasele, triibulisele koorele. Juured on suurema vitamiinide, karotiini ja l\u00fckopeeni sisaldusega, mis kaitseb vabade radikaalide eest. L\u00fckopeen on \u00fcks tugevamaid looduslikke antioks\u00fcdante, aeglustab vananemisprotsesse, mis m\u00f5jub v\u00e4ga positiivselt meie enesetundele. Suurep\u00e4rane toorelt [&hellip;]<\/p>\n","protected":false},"featured_media":40425,"template":"","meta":{"_acf_changed":false,"_seopress_robots_primary_cat":"","_seopress_titles_title":"Lilla Haze hiline porgand - Vitamiinide allikas","_seopress_titles_desc":"Lilla Haze hiline porgand on rikkalik vitamiinide ja antioks\u00fcdantide allikas. Ideaalne toorelt, salatites ja keetmiseks. K\u00fclvake m\u00e4rtsist mai keskpaigani.","_seopress_robots_index":"","_gspb_post_css":""},"product_brand":[],"product_cat":[15,88,380,87],"product_tag":[],"class_list":{"0":"post-40422","1":"product","2":"type-product","3":"status-publish","4":"has-post-thumbnail","6":"product_cat-koik-kategooriad","7":"product_cat-koogiviljaseemned","8":"product_cat-porgand","9":"product_cat-seemned","11":"first","12":"instock","13":"taxable","14":"shipping-taxable","15":"purchasable","16":"product-type-simple"},"ct_brands":[],"acf":[],"_links":{"self":[{"href":"https:\/\/agrozone.ee\/en\/wp-json\/wp\/v2\/product\/40422","targetHints":{"allow":["GET"]}}],"collection":[{"href":"https:\/\/agrozone.ee\/en\/wp-json\/wp\/v2\/product"}],"about":[{"href":"https:\/\/agrozone.ee\/en\/wp-json\/wp\/v2\/types\/product"}],"wp:featuredmedia":[{"embeddable":true,"href":"https:\/\/agrozone.ee\/en\/wp-json\/wp\/v2\/media\/40425"}],"wp:attachment":[{"href":"https:\/\/agrozone.ee\/en\/wp-json\/wp\/v2\/media?parent=40422"}],"wp:term":[{"taxonomy":"product_brand","embeddable":true,"href":"https:\/\/agrozone.ee\/en\/wp-json\/wp\/v2\/product_brand?post=40422"},{"taxonomy":"product_cat","embeddable":true,"href":"https:\/\/agrozone.ee\/en\/wp-json\/wp\/v2\/product_cat?post=40422"},{"taxonomy":"product_tag","embeddable":true,"href":"https:\/\/agrozone.ee\/en\/wp-json\/wp\/v2\/product_tag?post=40422"}],"curies":[{"name":"wp","href":"https:\/\/api.w.org\/{rel}","templated":true}]}}