{"id":40458,"date":"2024-11-20T16:31:23","date_gmt":"2024-11-20T13:31:23","guid":{"rendered":"https:\/\/agrozone.ee\/?post_type=product&#038;p=40458"},"modified":"2026-04-06T02:01:31","modified_gmt":"2026-04-06T00:01:31","slug":"puukide-ohutu-eemaldamise-vahend-pintsettidega-2in1","status":"publish","type":"product","link":"https:\/\/agrozone.ee\/en\/product\/puukide-ohutu-eemaldamise-vahend-pintsettidega-2in1\/","title":{"rendered":"Puukide ohutu eemaldamise vahend pintsettidega (2in1)"},"content":{"rendered":"<ul>\n<li data-sourcepos=\"1:1-7:8\">Meditsiiniseade, mis on ette n\u00e4htud inimese kehalt puukide eemaldamiseks nende t\u00e4ieliku k\u00fclmutamise teel.<\/li>\n<li data-sourcepos=\"1:1-7:8\">Hoiab \u00e4ra puugihammustuse kaudu levivate haiguste nakatumise.<\/li>\n<li data-sourcepos=\"1:1-7:8\">Toode ECO puukide eemaldamiseks on ohutu, lihtne ja t\u00f5hus viis puukide vabanemiseks.<\/li>\n<li data-sourcepos=\"1:1-7:8\">Preparaat on mittetoksilise kr\u00fcogeense gaasi kujul, mis on suletud survestatud mahutisse.<\/li>\n<li data-sourcepos=\"1:1-7:8\">Gaasi lokaalse pealekandmisega otse puugile k\u00fclmub see koheselt.<\/li>\n<li data-sourcepos=\"1:1-7:8\">K\u00fclmunud puugi saab komplekti kuuluvate pintsettidega valutult ja ohutult nahalt eemaldada.<\/li>\n<li data-sourcepos=\"1:1-7:8\">Selline protseduur v\u00e4listab ohu selle eemaldamise ajal.<\/li>\n<li data-sourcepos=\"1:1-7:8\">Toode on registreeritud meditsiiniseadmena.<\/li>\n<li data-sourcepos=\"1:1-7:8\">Seda toodet saab kasutada ka koduloomadel.<\/li>\n<\/ul>\n<p><strong>Omadused:<\/strong><\/p>\n<ul>\n<li data-sourcepos=\"9:1-17:17\">v\u00f5imaldab puugi ohutult eemaldada<\/li>\n<li data-sourcepos=\"9:1-17:17\">hoiab \u00e4ra puukborrelioosi ja teiste puukide kaudu levivate haiguste nakatumise<\/li>\n<li data-sourcepos=\"9:1-17:17\">kohene toime<\/li>\n<li data-sourcepos=\"9:1-17:17\">lihtne kasutada<\/li>\n<li data-sourcepos=\"9:1-17:17\">sobib kasutamiseks ka koduloomadel<\/li>\n<\/ul>\n<p>V\u00e4listab ohu Meditsiiniseade VACO puukide ohutuks eemaldamiseks on ette n\u00e4htud inimese kehalt puugi eemaldamiseks selle t\u00e4ieliku k\u00fclmutamise teel, mis aitab v\u00e4ltida puukborrelioosi ja teiste puukide kaudu levivate haiguste, n\u00e4iteks entsefaliidi ja babesioosi, teket.<\/p>\n<p><strong>Maht:<\/strong> 9 ml (11 g)<\/p>\n<p data-sourcepos=\"1:1-14:58\"><strong>Toimemehhanism<\/strong><\/p>\n<ul>\n<li data-sourcepos=\"1:1-14:58\">Tavap\u00e4rased mehaanilised meetodid puukide eemaldamiseks inimese nahalt v\u00f5ivad p\u00f5hjustada inimesele ohtu nakatuda haigustesse, mille kandjaks puuk v\u00f5ib olla.<\/li>\n<li data-sourcepos=\"1:1-14:58\">See oht on tingitud puugi poolt tema mehaanilise eemaldamise k\u00e4igus \u00e4rrituse tagaj\u00e4rjel eritatavatest sisemistest ainetest, mis sisaldavad mitmesuguseid kahjulikke mikroorganisme ja baktereid.<\/li>\n<li data-sourcepos=\"1:1-14:58\">Seet\u00f5ttu ei kaitse puugi eemaldamine inimest hammustuse v\u00f5imalike negatiivsete tagaj\u00e4rgede eest.<\/li>\n<li data-sourcepos=\"1:1-14:58\">Seet\u00f5ttu on vajalikuks osutunud v\u00e4lja t\u00f6\u00f6tada meetod, mis p\u00e4rsib puugi oksendamise refleksi tema eemaldamise ajal ja kaitseb seel\u00e4bi inimest nakkuse tagaj\u00e4rgede eest.<\/li>\n<li data-sourcepos=\"1:1-14:58\">Toode VACO puukide ohutuks eemaldamiseks on v\u00e4ga lihtne, patsiendile ohutu ja ennek\u00f5ike t\u00f5hus viis selle probleemi lahendamiseks.<\/li>\n<li data-sourcepos=\"1:1-14:58\">Preparaat on mittetoksilise kr\u00fcogeense gaasi kujul, mis on suletud survestatud mahutisse.<\/li>\n<li data-sourcepos=\"1:1-14:58\">Gaasi lokaalse toimega, mis on suunatud ainult puugile, p\u00f5hjustatakse selle kohene k\u00fclmumine.<\/li>\n<li data-sourcepos=\"1:1-14:58\">K\u00fclmunud puuk eemaldatakse seej\u00e4rel nahalt mehaaniliselt pintsettidega.<\/li>\n<li data-sourcepos=\"1:1-14:58\">Nii lihtsal viisil v\u00e4lditakse ohtu, mis on seotud puugi poolt nahast eemaldamise ajal eritatavate eritistega.<\/li>\n<\/ul>\n<p><strong>Vastun\u00e4idustused <\/strong><\/p>\n<ul>\n<li>Kirjanduses ei ole viiteid meditsiiniseadme VACO puukide ohutuks eemaldamiseks koostisosade vastun\u00e4idustuste kohta.<\/li>\n<li>Samuti ei ole teatatud k\u00f5rvaltoimetest, mis on seotud seda t\u00fc\u00fcpi toodete kasutamisega.<\/li>\n<\/ul>\n<p>Toote hoiustamine<\/p>\n<p><strong>Toode on survestatud pakendis \u2013 j\u00e4rgige j\u00e4rgmisi reegleid:<\/strong><\/p>\n<ul>\n<li data-sourcepos=\"16:1-21:13\">\u00e4rge torgake pakendit l\u00e4bi, \u00e4rge pange pakendit tulle, kaitske k\u00f5rge temperatuuri ja p\u00e4ikesevalguse eest \u2013 hoida temperatuuril kuni 50 \u00b0C, hoidke lastele k\u00e4ttesaamatus kohas.<\/li>\n<\/ul>\n<p><strong>Kasutusjuhend<\/strong><\/p>\n<ul>\n<li data-sourcepos=\"23:1-28:96\">Kui olete m\u00e4rganud puugi olemasolu nahal, asetage aerosooltoru otsik puugile ja vajutage seej\u00e4rel aerosooli pead.<\/li>\n<li data-sourcepos=\"23:1-28:96\">Kui pead on t\u00e4ielikult alla vajutatud, eraldub gaasidoos, mis v\u00f5imaldab puugi k\u00fclmutada.<\/li>\n<li data-sourcepos=\"23:1-28:96\">Kui p\u00e4rast pealekandmist on puuk endiselt liikuv, vajutage pead uuesti t\u00e4ielikult alla, eraldades j\u00e4rgmise gaasidoosi, <strong>pidage meeles, et \u00e4rge \u00fcletage kolme doosi<\/strong>.<\/li>\n<li data-sourcepos=\"23:1-28:96\">Seej\u00e4rel tuleb k\u00fclmunud puuk nahalt eemaldada, t\u00f5mmates seda mehaaniliselt pintsettidega, mis on pakendiga kaasas.<\/li>\n<li data-sourcepos=\"23:1-28:96\">P\u00e4rast protseduuri desinfitseerige koht, kust puuk eemaldati, ja peske k\u00e4si sooja voolava veega.<\/li>\n<\/ul>\n","protected":false},"excerpt":{"rendered":"<ul>\n<li data-sourcepos=\"9:1-17:17\">v\u00f5imaldab puugi ohutult eemaldada<\/li>\n<li data-sourcepos=\"9:1-17:17\">hoiab \u00e4ra puukborrelioosi ja teiste puukide kaudu levivate haiguste nakatumise<\/li>\n<li data-sourcepos=\"9:1-17:17\">kohene toime<\/li>\n<li data-sourcepos=\"9:1-17:17\">lihtne kasutada<\/li>\n<li data-sourcepos=\"9:1-17:17\">sobib kasutamiseks ka koduloomadel<\/li>\n<\/ul>\n","protected":false},"featured_media":40461,"template":"","meta":{"_acf_changed":false,"_seopress_robots_primary_cat":"","_seopress_titles_title":"Ohutu puukide eemaldamine pintsettidega - 2in1 lahendus","_seopress_titles_desc":"VACO meditsiiniseade v\u00f5imaldab puuke ohutult eemaldada, v\u00e4ltides puukborrelioosi ja muid haigusi. Lihtne kasutada ka koduloomadel.","_seopress_robots_index":"","_gspb_post_css":""},"product_brand":[],"product_cat":[109,15,1398],"product_tag":[],"class_list":{"0":"post-40458","1":"product","2":"type-product","3":"status-publish","4":"has-post-thumbnail","6":"product_cat-aia-ja-taimede-kaitse","7":"product_cat-koik-kategooriad","8":"product_cat-putukate-ja-saasetorje","10":"first","11":"instock","12":"taxable","13":"shipping-taxable","14":"purchasable","15":"product-type-simple"},"ct_brands":[],"acf":[],"_links":{"self":[{"href":"https:\/\/agrozone.ee\/en\/wp-json\/wp\/v2\/product\/40458","targetHints":{"allow":["GET"]}}],"collection":[{"href":"https:\/\/agrozone.ee\/en\/wp-json\/wp\/v2\/product"}],"about":[{"href":"https:\/\/agrozone.ee\/en\/wp-json\/wp\/v2\/types\/product"}],"wp:featuredmedia":[{"embeddable":true,"href":"https:\/\/agrozone.ee\/en\/wp-json\/wp\/v2\/media\/40461"}],"wp:attachment":[{"href":"https:\/\/agrozone.ee\/en\/wp-json\/wp\/v2\/media?parent=40458"}],"wp:term":[{"taxonomy":"product_brand","embeddable":true,"href":"https:\/\/agrozone.ee\/en\/wp-json\/wp\/v2\/product_brand?post=40458"},{"taxonomy":"product_cat","embeddable":true,"href":"https:\/\/agrozone.ee\/en\/wp-json\/wp\/v2\/product_cat?post=40458"},{"taxonomy":"product_tag","embeddable":true,"href":"https:\/\/agrozone.ee\/en\/wp-json\/wp\/v2\/product_tag?post=40458"}],"curies":[{"name":"wp","href":"https:\/\/api.w.org\/{rel}","templated":true}]}}