{"id":4164,"date":"2024-06-09T15:58:14","date_gmt":"2024-06-09T12:58:14","guid":{"rendered":"https:\/\/agrozone.ee\/?post_type=product&#038;p=4164"},"modified":"2025-07-31T12:35:57","modified_gmt":"2025-07-31T10:35:57","slug":"kurgi-mahevaetis-1kg","status":"publish","type":"product","link":"https:\/\/agrozone.ee\/en\/product\/kurgi-mahevaetis-1kg\/","title":{"rendered":"Kurgi mahev\u00e4etis 1kg"},"content":{"rendered":"<ul>\n<li>Kurgi mahev\u00e4etis kurkide, rullk\u00f5rvitsate, k\u00f5rvitsate ja arbuuside v\u00e4etamiseks.<\/li>\n<li>Tasakaalustatud v\u00e4etamine tugevdab taimi, muudab nad haiguste suhtes vastupidavamaks, soodustab uute \u00f5iepungade moodustumist ning annab tervisliku ja maitsva saagi.<\/li>\n<li>\u00dchtlase ja kestva m\u00f5juga keskkonnas\u00f5bralik v\u00e4etis.<\/li>\n<li>Orgaanika parandab mullaviljakust ja elavdab mullaorganismide tegevust.<\/li>\n<li><strong>Ei sisalda keemilisi lisaaineid.<\/strong><\/li>\n<\/ul>\n<h3>Kasutusjuhend<\/h3>\n<ul>\n<li>40-50 g\/m\u00b2 ehk 1-2 peot\u00e4it taimele.<\/li>\n<li>Lisav\u00e4etisena kasvuperioodil 40 g\/ m\u00b2.<\/li>\n<li>Kastmisveeks lahjendada 150 g graanuleid 10 l vees.<\/li>\n<li>30 g \u2248 peot\u00e4is.<\/li>\n<\/ul>\n","protected":false},"excerpt":{"rendered":"<ul>\n<li>Kurgi mahev\u00e4etis kurkide, rullk\u00f5rvitsate, k\u00f5rvitsate ja arbuuside v\u00e4etamiseks.<\/li>\n<li>Tasakaalustatud v\u00e4etamine tugevdab taimi, muudab nad haiguste suhtes vastupidavamaks, soodustab uute \u00f5iepungade moodustumist ning annab tervisliku ja maitsva saagi.<\/li>\n<li>\u00dchtlase ja kestva m\u00f5juga keskkonnas\u00f5bralik v\u00e4etis.<\/li>\n<li>Orgaanika parandab mullaviljakust ja elavdab mullaorganismide tegevust.<\/li>\n<li><strong>Ei sisalda keemilisi lisaaineid.<\/strong><\/li>\n<\/ul>\n","protected":false},"featured_media":4210,"template":"","meta":{"_acf_changed":false,"_seopress_robots_primary_cat":"","_seopress_titles_title":"","_seopress_titles_desc":"Kurgi mahev\u00e4etis tugevdab taimi, muudab nad haiguste suhtes vastupidavamaks, soodustab uute \u00f5iepungade moodustumist ning annab tervisliku ja maitsva saagi.","_seopress_robots_index":"","_gspb_post_css":""},"product_brand":[],"product_cat":[15,121,122],"product_tag":[],"class_list":{"0":"post-4164","1":"product","2":"type-product","3":"status-publish","4":"has-post-thumbnail","6":"product_cat-koik-kategooriad","7":"product_cat-maheaed","8":"product_cat-mahevaetised","10":"first","11":"instock","12":"taxable","13":"shipping-taxable","14":"purchasable","15":"product-type-simple"},"ct_brands":[],"acf":[],"_links":{"self":[{"href":"https:\/\/agrozone.ee\/en\/wp-json\/wp\/v2\/product\/4164","targetHints":{"allow":["GET"]}}],"collection":[{"href":"https:\/\/agrozone.ee\/en\/wp-json\/wp\/v2\/product"}],"about":[{"href":"https:\/\/agrozone.ee\/en\/wp-json\/wp\/v2\/types\/product"}],"wp:featuredmedia":[{"embeddable":true,"href":"https:\/\/agrozone.ee\/en\/wp-json\/wp\/v2\/media\/4210"}],"wp:attachment":[{"href":"https:\/\/agrozone.ee\/en\/wp-json\/wp\/v2\/media?parent=4164"}],"wp:term":[{"taxonomy":"product_brand","embeddable":true,"href":"https:\/\/agrozone.ee\/en\/wp-json\/wp\/v2\/product_brand?post=4164"},{"taxonomy":"product_cat","embeddable":true,"href":"https:\/\/agrozone.ee\/en\/wp-json\/wp\/v2\/product_cat?post=4164"},{"taxonomy":"product_tag","embeddable":true,"href":"https:\/\/agrozone.ee\/en\/wp-json\/wp\/v2\/product_tag?post=4164"}],"curies":[{"name":"wp","href":"https:\/\/api.w.org\/{rel}","templated":true}]}}