{"id":4194,"date":"2024-06-09T15:58:35","date_gmt":"2024-06-09T12:58:35","guid":{"rendered":"https:\/\/agrozone.ee\/?post_type=product&#038;p=4194"},"modified":"2025-07-31T11:26:34","modified_gmt":"2025-07-31T09:26:34","slug":"muruvaetis-ekstra-100-paevane-15kg","status":"publish","type":"product","link":"https:\/\/agrozone.ee\/en\/product\/muruvaetis-ekstra-100-paevane-15kg\/","title":{"rendered":"Muruv\u00e4etis Ekstra 100 p\u00e4evane 15kg"},"content":{"rendered":"<p>\u00dchtlase ja kestva m\u00f5juga granuleeritud t\u00e4isv\u00e4etis. NORM 15 kg = 750 m\u00b2.<\/p>\n<p>&nbsp;<\/p>\n<h3>Kasutusjuhend<\/h3>\n<p>\u00dchtlase ja kestva m\u00f5juga granuleeritud t\u00e4isv\u00e4etis. Aitab murul p\u00fcsida sametrohelisena ega kiirenda liigselt muru kasvamist. Aeglaselt lahustuv l\u00e4mmastik laguneb mulla mikroorganismide toimel, tagades l\u00e4mmastiku j\u00e4rk-j\u00e4rgulise ja keskkonnas\u00f5braliku lahustumisprotsessi. Lisaks on v\u00e4etises sobivas vahekorras fosforit ja kaaliumi. See v\u00e4etis muudab muru kauniks, murutaimede juurestiku tugevamaks ja muru vastupidavaks haiguste, p\u00f5ua ja sammaldumise suhtes. KASUTAMINE. Kasutada p\u00e4rast varakevadist muru t\u00e4rkamist kuni juuli l\u00f5puni. M\u00f5jub 100 p\u00e4eva. Augustis, septembris v\u00e4etada muru s\u00fcgisv\u00e4etisega.<\/p>\n","protected":false},"excerpt":{"rendered":"<p>\u00dchtlase ja kestva m\u00f5juga granuleeritud t\u00e4isv\u00e4etis. NORM 15 kg = 750 m\u00b2.<\/p>\n","protected":false},"featured_media":41920,"template":"","meta":{"_acf_changed":false,"_seopress_robots_primary_cat":"none","_seopress_titles_title":"","_seopress_titles_desc":"","_seopress_robots_index":"","_gspb_post_css":""},"product_brand":[],"product_cat":[15,76,68],"product_tag":[],"class_list":{"0":"post-4194","1":"product","2":"type-product","3":"status-publish","4":"has-post-thumbnail","6":"product_cat-koik-kategooriad","7":"product_cat-muruvaetised","8":"product_cat-vaetised","10":"first","11":"instock","12":"taxable","13":"shipping-taxable","14":"purchasable","15":"product-type-simple"},"ct_brands":[],"acf":[],"_links":{"self":[{"href":"https:\/\/agrozone.ee\/en\/wp-json\/wp\/v2\/product\/4194","targetHints":{"allow":["GET"]}}],"collection":[{"href":"https:\/\/agrozone.ee\/en\/wp-json\/wp\/v2\/product"}],"about":[{"href":"https:\/\/agrozone.ee\/en\/wp-json\/wp\/v2\/types\/product"}],"wp:featuredmedia":[{"embeddable":true,"href":"https:\/\/agrozone.ee\/en\/wp-json\/wp\/v2\/media\/41920"}],"wp:attachment":[{"href":"https:\/\/agrozone.ee\/en\/wp-json\/wp\/v2\/media?parent=4194"}],"wp:term":[{"taxonomy":"product_brand","embeddable":true,"href":"https:\/\/agrozone.ee\/en\/wp-json\/wp\/v2\/product_brand?post=4194"},{"taxonomy":"product_cat","embeddable":true,"href":"https:\/\/agrozone.ee\/en\/wp-json\/wp\/v2\/product_cat?post=4194"},{"taxonomy":"product_tag","embeddable":true,"href":"https:\/\/agrozone.ee\/en\/wp-json\/wp\/v2\/product_tag?post=4194"}],"curies":[{"name":"wp","href":"https:\/\/api.w.org\/{rel}","templated":true}]}}