{"id":4218,"date":"2024-06-09T15:58:56","date_gmt":"2024-06-09T12:58:56","guid":{"rendered":"https:\/\/agrozone.ee\/?post_type=product&#038;p=4218"},"modified":"2025-07-31T12:45:05","modified_gmt":"2025-07-31T10:45:05","slug":"rooside-vedelvaetis-1l","status":"publish","type":"product","link":"https:\/\/agrozone.ee\/en\/product\/rooside-vedelvaetis-1l\/","title":{"rendered":"Rooside vedelv\u00e4etis 1l"},"content":{"rendered":"<p><strong>Rooside vedelv\u00e4etis 1l<\/strong><\/p>\n<ul>\n<li>Kiiretoimeline vedel t\u00e4isv\u00e4etis erinevate roosiliikide kastmisv\u00e4etamiseks.<\/li>\n<li>Kiirendab \u00f5itsemise algust ja soodustab uute \u00f5iepungade moodustamist.<\/li>\n<li>Roosid \u00f5itsevad rikkalikult ja pikalt.<\/li>\n<li>V\u00e4etises sisalduv kaalium tugevdab taimi, muudab \u00f5ite l\u00f5hna intensiivsemaks ning suurendab taimede k\u00fclmakindlust ja vastupanuv\u00f5imet ebasoodsate kasvutingimuste ja haiguste suhtes.<\/li>\n<li>V\u00e4etis on tasakaalustatud koostisega ja sisaldab k\u00f5iki taimedele olulisi p\u00f5hilisi toiteelemente neile kergesti omastatavas vormis.<\/li>\n<\/ul>\n<h3>Kasutusjuhend<\/h3>\n<ul>\n<li>V\u00e4etislahusega kasta taimi m\u00e4rtsist augustini 1 kord n\u00e4dalas.<\/li>\n<li>1 pudeli korgit\u00e4is vedelv\u00e4etist lahustada 1 l vees.<\/li>\n<\/ul>\n","protected":false},"excerpt":{"rendered":"<ul>\n<li>Kiiretoimeline vedel t\u00e4isv\u00e4etis erinevate roosiliikide kastmisv\u00e4etamiseks.<\/li>\n<li>Kiirendab \u00f5itsemise algust ja soodustab uute \u00f5iepungade moodustamist.<\/li>\n<li>Roosid \u00f5itsevad rikkalikult ja pikalt.<\/li>\n<li>V\u00e4etises sisalduv kaalium tugevdab taimi, muudab \u00f5ite l\u00f5hna intensiivsemaks ning suurendab taimede k\u00fclmakindlust ja vastupanuv\u00f5imet ebasoodsate kasvutingimuste ja haiguste suhtes.<\/li>\n<li>V\u00e4etis on tasakaalustatud koostisega ja sisaldab k\u00f5iki taimedele olulisi p\u00f5hilisi toiteelemente neile kergesti omastatavas vormis.<\/li>\n<li><\/li>\n<\/ul>\n","protected":false},"featured_media":4262,"template":"","meta":{"_acf_changed":false,"_seopress_robots_primary_cat":"","_seopress_titles_title":"","_seopress_titles_desc":"Rooside vedelv\u00e4etis 1l - Kiiretoimeline vedel t\u00e4isv\u00e4etis erinevate roosiliikide kastmisv\u00e4etamiseks. Roosid \u00f5itsevad rikkalikult ja pikalt.","_seopress_robots_index":"","_gspb_post_css":""},"product_brand":[],"product_cat":[69,81,15,82,68,531],"product_tag":[],"class_list":{"0":"post-4218","1":"product","2":"type-product","3":"status-publish","4":"has-post-thumbnail","6":"product_cat-aiavaetised","7":"product_cat-kastmisvaetis","8":"product_cat-koik-kategooriad","9":"product_cat-toataimede-vaetised","10":"product_cat-vaetised","11":"product_cat-vedelvaetis","13":"first","14":"instock","15":"taxable","16":"shipping-taxable","17":"purchasable","18":"product-type-simple"},"ct_brands":[],"acf":[],"_links":{"self":[{"href":"https:\/\/agrozone.ee\/en\/wp-json\/wp\/v2\/product\/4218","targetHints":{"allow":["GET"]}}],"collection":[{"href":"https:\/\/agrozone.ee\/en\/wp-json\/wp\/v2\/product"}],"about":[{"href":"https:\/\/agrozone.ee\/en\/wp-json\/wp\/v2\/types\/product"}],"wp:featuredmedia":[{"embeddable":true,"href":"https:\/\/agrozone.ee\/en\/wp-json\/wp\/v2\/media\/4262"}],"wp:attachment":[{"href":"https:\/\/agrozone.ee\/en\/wp-json\/wp\/v2\/media?parent=4218"}],"wp:term":[{"taxonomy":"product_brand","embeddable":true,"href":"https:\/\/agrozone.ee\/en\/wp-json\/wp\/v2\/product_brand?post=4218"},{"taxonomy":"product_cat","embeddable":true,"href":"https:\/\/agrozone.ee\/en\/wp-json\/wp\/v2\/product_cat?post=4218"},{"taxonomy":"product_tag","embeddable":true,"href":"https:\/\/agrozone.ee\/en\/wp-json\/wp\/v2\/product_tag?post=4218"}],"curies":[{"name":"wp","href":"https:\/\/api.w.org\/{rel}","templated":true}]}}