{"id":4220,"date":"2024-06-09T15:58:56","date_gmt":"2024-06-09T12:58:56","guid":{"rendered":"https:\/\/agrozone.ee\/?post_type=product&#038;p=4220"},"modified":"2025-07-31T12:46:12","modified_gmt":"2025-07-31T10:46:12","slug":"toalillede-vedelvaetis-500ml","status":"publish","type":"product","link":"https:\/\/agrozone.ee\/en\/product\/toalillede-vedelvaetis-500ml\/","title":{"rendered":"Toalillede vedelv\u00e4etis 500ml"},"content":{"rendered":"<p><strong>Toalillede vedelv\u00e4etis 500ml<\/strong><\/p>\n<ul>\n<li>Kiiretoimeline vedelv\u00e4etis toalillede kastmisv\u00e4etamiseks sobib nii \u00f5itsvatele kui lehtdekoratiivsetele taimede: t\u00f5lvlehikute, sulgv\u00f5hkade, nefroleebi, n\u00f5elk\u00f6ie, luuderohu, pelargoonide, flamingolillede, rooside, varjukannikeste, tups-rohtliilia, havisaba, ebakrootoni, fatsia, priimulate, kalanhoede, kellukate, luuderohu, draakonipuude, alpikannide jt toataimede kastmisv\u00e4etamiseks.<\/li>\n<li>Sisaldab k\u00f5iki taimede kasvuks ja arenguks vajalikke p\u00f5hitoitaineid sobivas vahekorras.<\/li>\n<li>V\u00e4etise kasutamine annab lilledele erksa \u00f5iev\u00e4rvi, lopsakad \u00f5ied, rikkaliku ja pikaajalise \u00f5itsemise, tugeva juurestiku ning intensiivse rohelise lehev\u00e4rvuse.<\/li>\n<\/ul>\n<h3>Kasutusjuhend<\/h3>\n<ul>\n<li>V\u00e4etislahusega kasta taimi vegetatsiooniperioodil (m\u00e4rtsist oktoobrini) 1 kord n\u00e4dalas.<\/li>\n<li>Talveperioodil kasta taimi v\u00e4etiselahusega 1 kord kuus.<\/li>\n<li>Veerand pudeli korgit\u00e4it vedelv\u00e4etist lahustada 1 l vees (20 ml ehk 1 korgit\u00e4is lahustada 5 l vees).<\/li>\n<li>500 ml = 65 l kastmislahust.<\/li>\n<\/ul>\n","protected":false},"excerpt":{"rendered":"<ul>\n<li>Kiiretoimeline vedelv\u00e4etis toalillede kastmisv\u00e4etamiseks sobib nii \u00f5itsvatele kui lehtdekoratiivsetele taimede: t\u00f5lvlehikute, sulgv\u00f5hkade, nefroleebi, n\u00f5elk\u00f6ie, luuderohu, pelargoonide, flamingolillede, rooside, varjukannikeste, tups-rohtliilia, havisaba, ebakrootoni, fatsia, priimulate, kalanhoede, kellukate, luuderohu, draakonipuude, alpikannide jt toataimede kastmisv\u00e4etamiseks.<\/li>\n<li>Sisaldab k\u00f5iki taimede kasvuks ja arenguks vajalikke p\u00f5hitoitaineid sobivas vahekorras.<\/li>\n<\/ul>\n","protected":false},"featured_media":4279,"template":"","meta":{"_acf_changed":false,"_seopress_robots_primary_cat":"","_seopress_titles_title":"","_seopress_titles_desc":"Toalillede vedelv\u00e4etis 500ml - Kiiretoimeline vedelv\u00e4etis toalillede kastmisv\u00e4etamiseks sobib nii \u00f5itsvatele kui lehtdekoratiivsetele taimedele.","_seopress_robots_index":"","_gspb_post_css":""},"product_brand":[],"product_cat":[81,15,82,68,531],"product_tag":[],"class_list":{"0":"post-4220","1":"product","2":"type-product","3":"status-publish","4":"has-post-thumbnail","6":"product_cat-kastmisvaetis","7":"product_cat-koik-kategooriad","8":"product_cat-toataimede-vaetised","9":"product_cat-vaetised","10":"product_cat-vedelvaetis","12":"first","13":"instock","14":"taxable","15":"shipping-taxable","16":"purchasable","17":"product-type-simple"},"ct_brands":[],"acf":[],"_links":{"self":[{"href":"https:\/\/agrozone.ee\/en\/wp-json\/wp\/v2\/product\/4220","targetHints":{"allow":["GET"]}}],"collection":[{"href":"https:\/\/agrozone.ee\/en\/wp-json\/wp\/v2\/product"}],"about":[{"href":"https:\/\/agrozone.ee\/en\/wp-json\/wp\/v2\/types\/product"}],"wp:featuredmedia":[{"embeddable":true,"href":"https:\/\/agrozone.ee\/en\/wp-json\/wp\/v2\/media\/4279"}],"wp:attachment":[{"href":"https:\/\/agrozone.ee\/en\/wp-json\/wp\/v2\/media?parent=4220"}],"wp:term":[{"taxonomy":"product_brand","embeddable":true,"href":"https:\/\/agrozone.ee\/en\/wp-json\/wp\/v2\/product_brand?post=4220"},{"taxonomy":"product_cat","embeddable":true,"href":"https:\/\/agrozone.ee\/en\/wp-json\/wp\/v2\/product_cat?post=4220"},{"taxonomy":"product_tag","embeddable":true,"href":"https:\/\/agrozone.ee\/en\/wp-json\/wp\/v2\/product_tag?post=4220"}],"curies":[{"name":"wp","href":"https:\/\/api.w.org\/{rel}","templated":true}]}}