{"id":4221,"date":"2024-06-09T15:58:56","date_gmt":"2024-06-09T12:58:56","guid":{"rendered":"https:\/\/agrozone.ee\/?post_type=product&#038;p=4221"},"modified":"2025-10-31T13:10:04","modified_gmt":"2025-10-31T11:10:04","slug":"karate-zeon-5-cs-2ml","status":"publish","type":"product","link":"https:\/\/agrozone.ee\/en\/product\/karate-zeon-5-cs-2ml\/","title":{"rendered":"Karate Zeon 5 CS 2ml"},"content":{"rendered":"<p><strong>Karate Zeon 5 CS 2ml<\/strong><\/p>\n<ul>\n<li>Taimekaitsevahend Karate Zeon 5 CS on laia toimespektriga kontaktne ja s\u00f6\u00f6tm\u00fcrk kahjurputukate t\u00f5rjeks aianduses, p\u00f5llul ja hoidlates.<\/li>\n<li>Insektitsiid.<\/li>\n<li>Laia toimespektriga kontaktne ja s\u00f6\u00f6tm\u00fcrk kahjurputukate t\u00f5rjeks aianduses, p\u00f5llukultuuridel ja hoidlates.<\/li>\n<li>Lambda-ts\u00fchalotriin \u043e\u043f kiiretoimeline kontaktne ja s\u00f6\u00f6tm\u00fcrk, m\u00f5eldud nii n\u00e4rivate ja imevate kahjurputukate t\u00f5rjeks.<\/li>\n<li>T\u00f5rjub erinevaid mardikalisi (Coleoptera), liblikalisi (Lepidoptera), kahetiivalisi (Diptera), kiletiivalisi (Hymenoptera), risptiivalisi (Thysanoptera) ja lutikalisi (Hemiptera).<\/li>\n<li>Lambda-ts\u00fchalotriin l\u00e4bib kiiresti kutiikuli ja paral\u00fcseerib kahjurputuka n\u00e4rvisusteemi.<\/li>\n<li>Desorientatsioon ja toitumistegevuse katkemine ilmneb m\u00f5ne minuti jooksul .<\/li>\n<\/ul>\n<p><a href=\"https:\/\/agrozone.ee\/wp-content\/uploads\/2025\/03\/karate-zeon-5-cs_vaikepakend.pdf\" target=\"_blank\" rel=\"noopener\">INFOLEHT<\/a><\/p>\n<p><a href=\"https:\/\/agrozone.ee\/wp-content\/uploads\/2024\/10\/karate_zeon_safety_datasheet_ee_04cb1ffc.pdf\">OHUTUSKAART<\/a><\/p>\n<h3>Kasutusjuhend<\/h3>\n<p>&nbsp;<\/p>\n<p><strong>Dekoratiiv- ja tarbeaiakultuurid:<\/strong> 1-3 l 100 m\u00b2-le.<\/p>\n<p><strong>Puud ja p\u00f5\u00f5sad:<\/strong> 4-8 l 100 m\u00b2-le.<\/p>\n<p><strong>Hoidlates:<\/strong> 4 l 100 m\u00b2-le.<\/p>\n<p><strong>Vee hulk pritsimislahuse valmistamiseks 100 m\u00b2 pritsimise jaoks:<\/strong> 2-4 l.<\/p>\n<p><strong>Dekoratiivtaimed, kapsas, maasika emaistandus:<\/strong> 2-4 l 100 m\u00b2-le.<\/p>\n<p><strong>Hernes, kartul, porgand, peedid:<\/strong> 2-8 l 100 m\u00b2-le.<\/p>\n<p><strong>\u00d5unapuud:<\/strong> 5 l 100 m\u00b2-le.<\/p>\n<ul>\n<li>Taimekaitsevahendi kasutamisel tuleb j\u00e4rgida pakendil ja ohutuskaardil olevaid kasutusjuhendit.<\/li>\n<li>Taimekaitse t\u00f6\u00f6de tegemisel kanda sobilivaid isikukaitsevahendeid ning j\u00e4rgida h\u00fcgieeni- ja ohutusn\u00f5udeid.<\/li>\n<\/ul>\n","protected":false},"excerpt":{"rendered":"<ul>\n<li>Taimekaitsevahend Karate Zeon 5 CS on laia toimespektriga kontaktne ja s\u00f6\u00f6tm\u00fcrk kahjurputukate t\u00f5rjeks aianduses, p\u00f5llul ja hoidlates.<\/li>\n<li>Insektitsiid.<\/li>\n<li>Laia toimespektriga kontaktne ja s\u00f6\u00f6tm\u00fcrk kahjurputukate t\u00f5rjeks aianduses, p\u00f5llukultuuridel ja hoidlates.<\/li>\n<\/ul>\n","protected":false},"featured_media":4280,"template":"","meta":{"_acf_changed":false,"_seopress_robots_primary_cat":"none","_seopress_titles_title":"","_seopress_titles_desc":"Taimekaitsevahend Karate Zeon 5 CS on laia toimespektriga kontaktne ja s\u00f6\u00f6tm\u00fcrk kahjurputukate t\u00f5rjeks aianduses, p\u00f5llul ja hoidlates. Insektitsiid.","_seopress_robots_index":"","_gspb_post_css":""},"product_brand":[],"product_cat":[109,15,112],"product_tag":[],"class_list":{"0":"post-4221","1":"product","2":"type-product","3":"status-publish","4":"has-post-thumbnail","6":"product_cat-aia-ja-taimede-kaitse","7":"product_cat-koik-kategooriad","8":"product_cat-taimekahjurite-torje","10":"first","11":"instock","12":"featured","13":"taxable","14":"shipping-taxable","15":"purchasable","16":"product-type-simple"},"ct_brands":[],"acf":[],"_links":{"self":[{"href":"https:\/\/agrozone.ee\/en\/wp-json\/wp\/v2\/product\/4221","targetHints":{"allow":["GET"]}}],"collection":[{"href":"https:\/\/agrozone.ee\/en\/wp-json\/wp\/v2\/product"}],"about":[{"href":"https:\/\/agrozone.ee\/en\/wp-json\/wp\/v2\/types\/product"}],"wp:featuredmedia":[{"embeddable":true,"href":"https:\/\/agrozone.ee\/en\/wp-json\/wp\/v2\/media\/4280"}],"wp:attachment":[{"href":"https:\/\/agrozone.ee\/en\/wp-json\/wp\/v2\/media?parent=4221"}],"wp:term":[{"taxonomy":"product_brand","embeddable":true,"href":"https:\/\/agrozone.ee\/en\/wp-json\/wp\/v2\/product_brand?post=4221"},{"taxonomy":"product_cat","embeddable":true,"href":"https:\/\/agrozone.ee\/en\/wp-json\/wp\/v2\/product_cat?post=4221"},{"taxonomy":"product_tag","embeddable":true,"href":"https:\/\/agrozone.ee\/en\/wp-json\/wp\/v2\/product_tag?post=4221"}],"curies":[{"name":"wp","href":"https:\/\/api.w.org\/{rel}","templated":true}]}}