{"id":4222,"date":"2024-06-09T15:58:56","date_gmt":"2024-06-09T12:58:56","guid":{"rendered":"https:\/\/agrozone.ee\/?post_type=product&#038;p=4222"},"modified":"2025-08-01T08:07:17","modified_gmt":"2025-08-01T06:07:17","slug":"looduslik-taimehoolitseja-f-500ml","status":"publish","type":"product","link":"https:\/\/agrozone.ee\/en\/product\/looduslik-taimehoolitseja-f-500ml\/","title":{"rendered":"Looduslik taimehoolitseja F 500ml"},"content":{"rendered":"<p>Kasutusvalmis lahus taimede \u00fcldtervisliku seisundi parandamiseks. P\u00f5ldosja bioloogiline toime on inimestele juba ammu teada. Ennetaval kasutamisel aitab see taimede vastupanuv\u00f5imet suurendada. Ekstrakt t\u00f5stab taimede kasvuenergiat viies lehtedele ka hulgaliselt erinevaid mikroobe, mis suruvad alla haigustekitajaid. \u00d5una-, pirni-ja ploomipuud, roosid, lilled, dekoratiivtaimed aias, r\u00f5dul v\u00f5i toas, kurgi, tomati- ja paprikataimed, maasikas, kartul, okaspuud jt.<\/p>\n<p>&nbsp;<\/p>\n<h3>Kasutusjuhend<\/h3>\n<p>Enne kasutamist hoolikalt raputada. Taimede ennetav ja korduv piserdamine on soovitatav 7-10 p\u00e4evaste intervallidega. \u00c4rge unustage pritsida ka lehtede alumisele k\u00fcljele. K\u00f5ige parem on toodet kasutada hommikul v\u00f5i \u00f5htul. Kindlasti tuleks hoiduda pritsimast keskp\u00e4eval, sest p\u00e4ike v\u00f5ib lehtedel olevate vedelikutilkade koosm\u00f5jul tekitada suurendusklaasi efekti. Toodet v\u00f5ib kasutada ka mahep\u00f5llumajanduses.<\/p>\n","protected":false},"excerpt":{"rendered":"<p>Kasutusvalmis lahus taimede \u00fcldtervisliku seisundi parandamiseks. P\u00f5ldosja bioloogiline toime on inimestele juba ammu teada. Ennetaval kasutamisel aitab see taimede vastupanuv\u00f5imet suurendada. Ekstrakt t\u00f5stab taimede kasvuenergiat viies lehtedele ka hulgaliselt erinevaid mikroobe, mis suruvad alla haigustekitajaid. \u00d5una-, pirni-ja ploomipuud, roosid, lilled, dekoratiivtaimed aias, r\u00f5dul v\u00f5i toas, kurgi, tomati- ja paprikataimed, maasikas, kartul, okaspuud jt.<\/p>\n","protected":false},"featured_media":4281,"template":"","meta":{"_acf_changed":false,"_seopress_robots_primary_cat":"","_seopress_titles_title":"","_seopress_titles_desc":"","_seopress_robots_index":"","_gspb_post_css":""},"product_brand":[],"product_cat":[109,15,111],"product_tag":[],"class_list":{"0":"post-4222","1":"product","2":"type-product","3":"status-publish","4":"has-post-thumbnail","6":"product_cat-aia-ja-taimede-kaitse","7":"product_cat-koik-kategooriad","8":"product_cat-taimehaiguste-torje","10":"first","11":"instock","12":"taxable","13":"shipping-taxable","14":"purchasable","15":"product-type-simple"},"ct_brands":[],"acf":[],"_links":{"self":[{"href":"https:\/\/agrozone.ee\/en\/wp-json\/wp\/v2\/product\/4222","targetHints":{"allow":["GET"]}}],"collection":[{"href":"https:\/\/agrozone.ee\/en\/wp-json\/wp\/v2\/product"}],"about":[{"href":"https:\/\/agrozone.ee\/en\/wp-json\/wp\/v2\/types\/product"}],"wp:featuredmedia":[{"embeddable":true,"href":"https:\/\/agrozone.ee\/en\/wp-json\/wp\/v2\/media\/4281"}],"wp:attachment":[{"href":"https:\/\/agrozone.ee\/en\/wp-json\/wp\/v2\/media?parent=4222"}],"wp:term":[{"taxonomy":"product_brand","embeddable":true,"href":"https:\/\/agrozone.ee\/en\/wp-json\/wp\/v2\/product_brand?post=4222"},{"taxonomy":"product_cat","embeddable":true,"href":"https:\/\/agrozone.ee\/en\/wp-json\/wp\/v2\/product_cat?post=4222"},{"taxonomy":"product_tag","embeddable":true,"href":"https:\/\/agrozone.ee\/en\/wp-json\/wp\/v2\/product_tag?post=4222"}],"curies":[{"name":"wp","href":"https:\/\/api.w.org\/{rel}","templated":true}]}}