{"id":4223,"date":"2024-06-09T15:58:56","date_gmt":"2024-06-09T12:58:56","guid":{"rendered":"https:\/\/agrozone.ee\/?post_type=product&#038;p=4223"},"modified":"2026-03-23T15:27:37","modified_gmt":"2026-03-23T13:27:37","slug":"previcur-energy-15ml","status":"publish","type":"product","link":"https:\/\/agrozone.ee\/en\/product\/previcur-energy-15ml\/","title":{"rendered":"Previcur Energy 15ml fungitsiid haiguste t\u00f5rjevahend"},"content":{"rendered":"<p><strong>Previcur Energy 15ml fungitsiid haiguste t\u00f5rjevahend<\/strong><\/p>\n<p>Laia toimespektriga, s\u00fcsteemse ja pikaajalise m\u00f5juga fungitsiid.<\/p>\n<ul>\n<li>Previcur Energy sisaldab kahte toimeainet, mis t\u00e4iendavad teineteist nii toimespektri kui t\u00f5rjeefektiivsuse osas.<\/li>\n<li>Propamokarb peatab seene rakumembraani moodustumise; pidurdab seene m\u00fctseeli kasvu, samuti seeneeoste moodustumist ja idanemist.<\/li>\n<li>Foset\u00fc\u00fcl t\u00f5stab taimede s\u00fcsteemset resistentsust seenhaiguste vastu, stimuleerides taimede loomulikku kaitses\u00fcsteemi.<\/li>\n<li>Samas m\u00f5jub foset\u00fc\u00fcl nakkust ennetavalt \u2013 peatab spooride idanemise ja taimesse tungimise.<\/li>\n<li>Foset\u00fc\u00fclil on ka ravivad omadused \u2013 toimeaine pidurdab eoste vabanemist eoskotist ning peatab m\u00fctseeli arengu<\/li>\n<\/ul>\n<p>&nbsp;<\/p>\n<ul>\n<li>Taimekaitsevahend Previcur Energy on laia toimespektriga, s\u00fcsteemse ja pikaajalise m\u00f5juga fungitsiid kurgi, suvik\u00f5rvitsa, bakla\u017eaani, meloni, arbuusi jt k\u00f5rvitsaliste, tomati, paprika, salati, redise, pea-, leht- ja lillkapsa, k\u00e4hara endiivia, p\u00f5ldk\u00e4nnaku e. lambasalati ning dekoratiivtaimede haiguste t\u00f5rjeks kasvuhoones; samuti seenhaiguste t\u00f5rjeks avamaal kasvaval salatil, \u00e4\u00e4dikakurgil (korni\u0161on), redisel ja dekoratiivtaimedel.<\/li>\n<li>Laiendatud kasutusala v\u00e4ikese kasvupinnaga kultuurile: harilik kuusk, harilik m\u00e4nd ja arukask katmikala k\u00fclvides seenhaiguste (t\u00f5usmep\u00f5letik, v\u00f5rselaiksus) t\u00f5rjeks.<\/li>\n<li>NB! Kuna Previcur Energy on laiendatud kasutamiseks harilikule kuusele, harilikule m\u00e4nnile ja arukasele Euroopa Parlamendi ja N\u00f5ukogu m\u00e4\u00e4ruse (E\u00dc) nr 1107\/2009 artikli 51 alusel, vastutab toote t\u00f5hususe v\u00f5i f\u00fctotoksilisuse eest selle kasutaja.<\/li>\n<li>Previcur Energy kaitseb kurki, suvik\u00f5rvitsat, bakla\u017eaani, melonit, arbuusi, tomatit, paprikat, salatit, redist, pea-, leht- ja lillkapsast ning dekoratiivtaimi nende kasvu algfaasis kahjustavate haiguste eest (Phytophthora, Pythium, Aphanomyces, Peronospora, jt).<\/li>\n<\/ul>\n<p><a href=\"https:\/\/agrozone.ee\/wp-content\/uploads\/2024\/10\/infoleht_previcur_energy_c52f25cd.pdf\" target=\"_blank\" rel=\"noopener\">INFOLEHT<\/a><\/p>\n<p><a href=\"https:\/\/agrozone.ee\/wp-content\/uploads\/2024\/10\/ohutuskaart_previcur_energy_100ml_20161004_3838c0b5.pdf\">OHUTUSKAART<\/a><\/p>\n<h3>Kasutusjuhend<\/h3>\n<p>Kasutamine: kurgi, suvik\u00f5rvitsa, bakla\u017eaani, meloni, arbuusi jt k\u00f5rvitsaliste, tomati, paprika, salati, redise, pea-, leht- ja lillkapsa ning dekoratiivtaimede haiguste t\u00f5rjeks kasvuhoones ja seenhaigustet\u00f5rjeks avamaal kasvaval salatil, l\u00fchiviljalisel avamaakurgil (korni\u0161on), redisel ja dekoratiivtaimedel.<\/p>\n<p><strong>T\u00f5rjutavad haigused:<\/strong> t\u00f5usmep\u00f5letik (Phytophthora, Pythium, Aphanomyces, Peronospora jt) ja ebajahukaste.<\/p>\n<p>Enne kasutamist tutvu kasutusjuhendi ja ohutuskaardiga.<\/p>\n<p>T\u00f6\u00f6 tegemisel kasuta isikukaitsevahendeid.<\/p>\n","protected":false},"excerpt":{"rendered":"<p>Laia toimespektriga, s\u00fcsteemse ja pikaajalise m\u00f5juga fungitsiid.<\/p>\n<ul>\n<li>Previcur Energy sisaldab kahte toimeainet, mis t\u00e4iendavad teineteist nii toimespektri kui t\u00f5rjeefektiivsuse osas.<\/li>\n<li>Propamokarb peatab seene rakumembraani moodustumise; pidurdab seene m\u00fctseeli kasvu, samuti seeneeoste moodustumist ja idanemist.<\/li>\n<li>Foset\u00fc\u00fcl t\u00f5stab taimede s\u00fcsteemset resistentsust seenhaiguste vastu, stimuleerides taimede loomulikku kaitses\u00fcsteemi.<\/li>\n<\/ul>\n","protected":false},"featured_media":39625,"template":"","meta":{"_acf_changed":false,"_seopress_robots_primary_cat":"none","_seopress_titles_title":"","_seopress_titles_desc":"Previcur Energy 15ml - Laia toimespektriga, s\u00fcsteemse ja pikaajalise m\u00f5juga fungitsiid. Sisaldab kahte toimeainet, mis t\u00e4iendavad teineteist.","_seopress_robots_index":"","_gspb_post_css":""},"product_brand":[],"product_cat":[109,15,111],"product_tag":[],"class_list":{"0":"post-4223","1":"product","2":"type-product","3":"status-publish","4":"has-post-thumbnail","6":"product_cat-aia-ja-taimede-kaitse","7":"product_cat-koik-kategooriad","8":"product_cat-taimehaiguste-torje","10":"first","11":"instock","12":"taxable","13":"shipping-taxable","14":"purchasable","15":"product-type-simple"},"ct_brands":[],"acf":[],"_links":{"self":[{"href":"https:\/\/agrozone.ee\/en\/wp-json\/wp\/v2\/product\/4223","targetHints":{"allow":["GET"]}}],"collection":[{"href":"https:\/\/agrozone.ee\/en\/wp-json\/wp\/v2\/product"}],"about":[{"href":"https:\/\/agrozone.ee\/en\/wp-json\/wp\/v2\/types\/product"}],"wp:featuredmedia":[{"embeddable":true,"href":"https:\/\/agrozone.ee\/en\/wp-json\/wp\/v2\/media\/39625"}],"wp:attachment":[{"href":"https:\/\/agrozone.ee\/en\/wp-json\/wp\/v2\/media?parent=4223"}],"wp:term":[{"taxonomy":"product_brand","embeddable":true,"href":"https:\/\/agrozone.ee\/en\/wp-json\/wp\/v2\/product_brand?post=4223"},{"taxonomy":"product_cat","embeddable":true,"href":"https:\/\/agrozone.ee\/en\/wp-json\/wp\/v2\/product_cat?post=4223"},{"taxonomy":"product_tag","embeddable":true,"href":"https:\/\/agrozone.ee\/en\/wp-json\/wp\/v2\/product_tag?post=4223"}],"curies":[{"name":"wp","href":"https:\/\/api.w.org\/{rel}","templated":true}]}}