{"id":4224,"date":"2024-06-09T15:58:56","date_gmt":"2024-06-09T12:58:56","guid":{"rendered":"https:\/\/agrozone.ee\/?post_type=product&#038;p=4224"},"modified":"2026-04-06T12:44:24","modified_gmt":"2026-04-06T10:44:24","slug":"revus-30ml","status":"publish","type":"product","link":"https:\/\/agrozone.ee\/en\/product\/revus-30ml\/","title":{"rendered":"Revus 250SC 30 ml"},"content":{"rendered":"<p><strong>Revus 250SC 30 ml<\/strong><\/p>\n<p>Fungitsiid Revus on prof\u00fclaktilise toimega kasvuaegne fungitsiid kartuli-lehem\u00e4daniku ja mugula pruunm\u00e4daniku ning lehtk\u00f6\u00f6giviljade ja maitsetaimede ebajahukaste t\u00f5rjeks.<\/p>\n<p><a href=\"https:\/\/agrozone.ee\/wp-content\/uploads\/2025\/03\/revus-250-sc_label.pdf\" target=\"_blank\" rel=\"noopener\">INFOLEHT (EE\/RU)<\/a><\/p>\n<p><a href=\"https:\/\/agrozone.ee\/wp-content\/uploads\/2024\/07\/ohtutuskaart_revus_ee_30ml_1dbdbfa3.pdf\">OHUTUSKAART<\/a><\/p>\n<h3>Kasutusjuhend<\/h3>\n<ul>\n<li>5-6 ml lahustada 3 l vees 100 m\u00b2 pritsimiseks.<\/li>\n<\/ul>\n<p><strong>Kartul:<\/strong> 5-6 ml\/100 m\u00b2.<\/p>\n<ul>\n<li>Pritsida kuni 5 korda.<\/li>\n<li>Vee norm lahuse valmistamiseks 1,5-5 l\/100 m\u00b2.<\/li>\n<li>Pritsida esimeste haigustunnuste ilmnemisel v\u00f5rsumisest kuni mugulate valmimise alguseni.<\/li>\n<li>Haiguse m\u00f5\u00f5duka leviku korral kasutada kulunormi 5 ml\/100 m\u00b2 7-p\u00e4evase intervalliga.<\/li>\n<li>Haiguse tugeva leviku korral kasutada kulunormi 6 ml\/100 m\u00b2 10-p\u00e4evase intervalliga.<\/li>\n<\/ul>\n<p><strong>Lehtk\u00f6\u00f6giviljad ja maitsetaimed avamaal:<\/strong> 6 ml\/100 m\u00b2.<\/p>\n<ul>\n<li>Vee norm lahuse valmistamiseks 2-5 l\/100 m\u00b2.<\/li>\n<li>Pritsida taimedele, millel on v\u00e4hemalt kolm p\u00e4rislehte.<\/li>\n<li>Lubatud kuni 2 pritsimiskorda.<\/li>\n<li>Pritsimiste minimaalne intervall 7 p\u00e4eva.<\/li>\n<\/ul>\n<p><strong>Tomat avamaal:<\/strong> 6 ml\/100 m\u00b2.<\/p>\n<ul>\n<li>Veenorm lahuse valmistamiseks 2-10 l\/100 m\u00b2.<\/li>\n<li>Pritsida haiguse algstaadiumis, tomatitaimedele esimese k\u00f5rvalv\u00f5rse moodustumisest kuni viljade t\u00e4isku\u0308psuseni, aprillist-oktoobrini.<\/li>\n<li>Lubatud kuni 4 pritsimiskorda.<\/li>\n<li>Pritsimiste minimaalne intervall 7 p\u00e4eva.<\/li>\n<\/ul>\n<p><strong>Tomat kasvuhoones:<\/strong> 6 ml\/100 m\u00b2.<\/p>\n<ul>\n<li>Vee norm 2-12 l\/100 m\u00b2.<\/li>\n<li>Pritsida haiguse algstaadiumis taimedele esimese p\u00e4rislehe moodustumisest varrel kuni viljade t\u00e4isku\u0308psuseni, aprillist-oktoobrini.<\/li>\n<li>Pritsimiste minimaalne intervall 7 p\u00e4eva.<\/li>\n<li>Lubatud kuni 4 pritsimiskorda.<\/li>\n<\/ul>\n<p><strong>Ooteaeg:<\/strong> kartul, tomat avamaal ja kasvuhoones \u2013 3 p\u00e4eva, lehtk\u00f6\u00f6giviljad \u2013 7 p\u00e4eva.<\/p>\n","protected":false},"excerpt":{"rendered":"<ul>\n<li>Ilusa kartulisaagi nimel peab m\u00f5nikord palju vaeva n\u00e4gema, vahel ka taimehaiguste vastu pritsides.<\/li>\n<li>Revus on kasvuaegne fungitsiid kartulile, tomatile ja lehtk\u00f6\u00f6giviljadele.<\/li>\n<li>Vahend on t\u00f5hus kartuli-lehem\u00e4daniku ja mugulate pruunm\u00e4daniku, tomati-pruunm\u00e4daniku ning lehtk\u00f6\u00f6giviljade ja maitsetaimede ebajahukaste t\u00f5rjel.<\/li>\n<li>Kasutada prof\u00fclaktiliselt.<\/li>\n<li>Esimest korda tuleb pritsida, kui haiguste leviku oht on suur.<\/li>\n<li>Loe alati t\u00e4pselt kasutusjuhendit ja j\u00e4rgi head p\u00f5llumajandustava.<\/li>\n<li>Pritsi tuulevaikse ja kuiva ilmaga, hommikul vara v\u00f5i hiljem \u00f5htul, kui mesilased ei lendle.<\/li>\n<\/ul>\n","protected":false},"featured_media":42606,"template":"","meta":{"_acf_changed":false,"_seopress_robots_primary_cat":"none","_seopress_titles_title":"","_seopress_titles_desc":"Revus 30ml on prof\u00fclaktilise toimega kasvuaegne fungitsiid kartuli-lehem\u00e4daniku ja mugula pruunm\u00e4daniku ning maitsetaimede ebajahukaste t\u00f5rjeks.","_seopress_robots_index":"","_gspb_post_css":""},"product_brand":[],"product_cat":[109,15,111],"product_tag":[],"class_list":{"0":"post-4224","1":"product","2":"type-product","3":"status-publish","4":"has-post-thumbnail","6":"product_cat-aia-ja-taimede-kaitse","7":"product_cat-koik-kategooriad","8":"product_cat-taimehaiguste-torje","10":"first","11":"instock","12":"taxable","13":"shipping-taxable","14":"purchasable","15":"product-type-simple"},"ct_brands":[],"acf":[],"_links":{"self":[{"href":"https:\/\/agrozone.ee\/en\/wp-json\/wp\/v2\/product\/4224","targetHints":{"allow":["GET"]}}],"collection":[{"href":"https:\/\/agrozone.ee\/en\/wp-json\/wp\/v2\/product"}],"about":[{"href":"https:\/\/agrozone.ee\/en\/wp-json\/wp\/v2\/types\/product"}],"wp:featuredmedia":[{"embeddable":true,"href":"https:\/\/agrozone.ee\/en\/wp-json\/wp\/v2\/media\/42606"}],"wp:attachment":[{"href":"https:\/\/agrozone.ee\/en\/wp-json\/wp\/v2\/media?parent=4224"}],"wp:term":[{"taxonomy":"product_brand","embeddable":true,"href":"https:\/\/agrozone.ee\/en\/wp-json\/wp\/v2\/product_brand?post=4224"},{"taxonomy":"product_cat","embeddable":true,"href":"https:\/\/agrozone.ee\/en\/wp-json\/wp\/v2\/product_cat?post=4224"},{"taxonomy":"product_tag","embeddable":true,"href":"https:\/\/agrozone.ee\/en\/wp-json\/wp\/v2\/product_tag?post=4224"}],"curies":[{"name":"wp","href":"https:\/\/api.w.org\/{rel}","templated":true}]}}